{"id":9459,"date":"2021-10-25T11:13:26","date_gmt":"2021-10-25T16:13:26","guid":{"rendered":"https:\/\/www.igp.gob.pe\/observatorios\/radio-observatorio-jicamarca\/?page_id=9459"},"modified":"2025-11-19T17:13:56","modified_gmt":"2025-11-19T22:13:56","slug":"digisonda","status":"publish","type":"page","link":"https:\/\/www.igp.gob.pe\/observatorios\/radio-observatorio-jicamarca\/?page_id=9459","title":{"rendered":"DIGISONDA"},"content":{"rendered":"\t\t<div data-elementor-type=\"wp-page\" data-elementor-id=\"9459\" class=\"elementor elementor-9459\" data-elementor-settings=\"[]\">\n\t\t\t\t\t\t<div class=\"elementor-inner\">\n\t\t\t\t\t\t\t<div class=\"elementor-section-wrap\">\n\t\t\t\t\t\t\t<section class=\"elementor-section elementor-top-section elementor-element elementor-element-2c3eac4 elementor-section-boxed elementor-section-height-default elementor-section-height-default\" data-id=\"2c3eac4\" data-element_type=\"section\">\n\t\t\t\t\t\t<div class=\"elementor-container elementor-column-gap-default\">\n\t\t\t\t\t\t\t<div class=\"elementor-row\">\n\t\t\t\t\t<div class=\"elementor-column elementor-col-100 elementor-top-column elementor-element elementor-element-3179a22\" data-id=\"3179a22\" data-element_type=\"column\">\n\t\t\t<div class=\"elementor-column-wrap elementor-element-populated\">\n\t\t\t\t\t\t\t<div class=\"elementor-widget-wrap\">\n\t\t\t\t\t\t<div class=\"elementor-element elementor-element-4a57f8a elementor-widget elementor-widget-html\" data-id=\"4a57f8a\" data-element_type=\"widget\" data-widget_type=\"html.default\">\n\t\t\t\t<div class=\"elementor-widget-container\">\n\t\t\t<!DOCTYPE html>\n<html lang=\"es\">\n<head>\n  <meta charset=\"UTF-8\">\n  <title>DSP - 4 Digisonda<\/title>\n  <meta name=\"viewport\" content=\"width=device-width, initial-scale=1.0\">\n  <style>\n    \/* Estilos para la secci\u00f3n DSP - 4 *\/\n    .dsp4-container {\n      font-family: 'Segoe UI', Tahoma, Geneva, Verdana, sans-serif;\n      text-align: center;\n      background-color: #fff;\n      margin: 40px;\n      padding: 0;\n    }\n\n    \/* Contenedor de la cabecera *\/\n    .dsp4-header {\n      display: flex;\n      align-items: center;\n      justify-content: center;\n      margin-bottom: 20px;\n    }\n\n    .dsp4-header img {\n      max-width: 120px;\n      max-height: 120px;\n      margin-right: 20px;\n      margin-left: -150px;\n    }\n\n    .dsp4-header h1, .dsp4-header h2, .dsp4-header h3 {\n      color: #0000cc;\n      margin: 5px 0;\n    }\n\n    .dsp4-header h1 {\n      font-size: 1.5em;\n    }\n\n    .dsp4-header h2 {\n      font-size: 1.2em;\n    }\n\n    .dsp4-header h3 {\n      font-size: 1em;\n      margin-bottom: 20px;\n    }\n\n    \/* Estilos del men\u00fa *\/\n    .dsp4-menu {\n      max-width: 400px;\n      margin: 0 auto;\n      padding: 0 10px;\n    }\n\n    .dsp4-menu-title {\n      background-color: #0200ae;\n      font-family: Futura;\n      color: white;\n      padding: 10px;\n      border-radius: 20px;\n      font-weight: bold;\n      margin-bottom: 15px;\n      font-size: 1em;\n    }\n\n    .dsp4-menu-item {\n      padding: 10px;\n      margin-bottom: 0px;\n      text-decoration: none;\n      display: block;\n      color: black;\n      font-size: 1em;\n      transition: background-color 0.3s;\n      border-radius: 5px;\n    }\n\n    .dsp4-menu-item:hover {\n      background-color: #ccc;\n    }\n\n    \/* Intercalado de colores *\/\n    .dsp4-menu a:nth-of-type(odd) {\n      background-color: #ffffff;\n    }\n\n    .dsp4-menu a:nth-of-type(even) {\n      background-color: #eeeeee;\n    }\n\n    \/* \u2705 Estilos responsivos para pantallas peque\u00f1as *\/\n    @media (max-width: 480px) {\n      .dsp4-container {\n        margin: 20px 10px;\n      }\n\n      .dsp4-header {\n        flex-direction: column;\n        align-items: center;\n      }\n\n      .dsp4-header img {\n        max-width: 100px;\n        max-height: 100px;\n        margin-left: 0;\n        margin-bottom: 10px;\n      }\n\n      .dsp4-header h1 {\n        font-size: 1.3em;\n        color: #0200ae;\n      }\n\n      .dsp4-header h2 {\n        font-size: 1.1em;\n        color: #0200ae;\n      }\n\n      .dsp4-header h3 {\n        font-size: 1em;\n        color: #0200ae;\n      }\n\n      .dsp4-menu-title, .dsp4-menu-item {\n        font-size: 0.95em;\n        padding: 10px 8px;\n      }\n\n      .dsp4-menu {\n        width: 100%;\n        max-width: 100%;\n      }\n    }\n  <\/style>\n<\/head>\n<body>\n  <div class=\"dsp4-container\">\n    <div class=\"dsp4-header\">\n      <img decoding=\"async\" src=\"\/observatorios\/radio-observatorio-jicamarca\/wp-content\/uploads\/2025\/11\/LDI-logo-square.jpg\" alt=\"Logo\" \/>\n      <div>\n        <h1>JICAMARCA, PER\u00da<\/h1>\n        <h2>DPS4D<\/h2>\n        <h3>Digisonda Port\u00e1til<\/h3>\n      <\/div>\n    <\/div>\n\n    <div class=\"dsp4-menu\">\n      <div class=\"dsp4-menu-title\">TIEMPO REAL Y RETRO DATA<\/div>\n      <a href=\"\/observatorios\/radio-observatorio-jicamarca\/?page_id=9464\" class=\"dsp4-menu-item\">\u00daltimo Ionograma<\/a>\n      <a href=\"\/observatorios\/radio-observatorio-jicamarca\/?page_id=9469\" class=\"dsp4-menu-item\">Ionogramas anteriores<\/a>\n      <a href=\"\/observatorios\/radio-observatorio-jicamarca\/?page_id=9475\" class=\"dsp4-menu-item\">Base de datos SAO<\/a>\n      <a href=\"\/observatorios\/radio-observatorio-jicamarca\/?page_id=9481\" class=\"dsp4-menu-item\">Gr\u00e1fico Diario de Drifts<\/a>\n      <a href=\"\/observatorios\/radio-observatorio-jicamarca\/?page_id=9486\" class=\"dsp4-menu-item\">Historial de Drifts<\/a>\n      <a href=\"\/observatorios\/radio-observatorio-jicamarca\/?page_id=9491\" class=\"dsp4-menu-item\">\u00daltimo Skymap<\/a>\n      <a href=\"\/observatorios\/radio-observatorio-jicamarca\/?page_id=9496\" class=\"dsp4-menu-item\">Historial de Skymap<\/a>\n      <a href=\"\/observatorios\/radio-observatorio-jicamarca\/?page_id=9501\" class=\"dsp4-menu-item\">\u00daltimo Directograma<\/a>\n      <a href=\"\/observatorios\/radio-observatorio-jicamarca\/?page_id=9506\" class=\"dsp4-menu-item\">Historial de Directogramas<\/a>\n      <a href=\"mailto:database-jro@igp.gob.pe\" class=\"dsp4-menu-item\">Contacto<\/a>\n    <\/div>\n  <\/div>\n<\/body>\n<\/html>\n\t\t<\/div>\n\t\t\t\t<\/div>\n\t\t\t\t\t\t<\/div>\n\t\t\t\t\t<\/div>\n\t\t<\/div>\n\t\t\t\t\t\t\t\t<\/div>\n\t\t\t\t\t<\/div>\n\t\t<\/section>\n\t\t\t\t\t\t<\/div>\n\t\t\t\t\t\t<\/div>\n\t\t\t\t\t<\/div>\n\t\t","protected":false},"excerpt":{"rendered":"<p>DSP &#8211; 4 Digisonda JICAMARCA, PER\u00da DPS4D Digisonda Port\u00e1til TIEMPO REAL Y RETRO DATA \u00daltimo Ionograma Ionogramas anteriores Base de datos SAO Gr\u00e1fico Diario de Drifts Historial de Drifts \u00daltimo Skymap Historial de Skymap \u00daltimo Directograma Historial de Directogramas Contacto<\/p>\n","protected":false},"author":1,"featured_media":0,"parent":507,"menu_order":0,"comment_status":"closed","ping_status":"closed","template":"page-templates\/template-fullwidth.php","meta":{"footnotes":""},"class_list":["post-9459","page","type-page","status-publish","hentry"],"jetpack_sharing_enabled":true,"_links":{"self":[{"href":"https:\/\/www.igp.gob.pe\/observatorios\/radio-observatorio-jicamarca\/index.php?rest_route=\/wp\/v2\/pages\/9459","targetHints":{"allow":["GET"]}}],"collection":[{"href":"https:\/\/www.igp.gob.pe\/observatorios\/radio-observatorio-jicamarca\/index.php?rest_route=\/wp\/v2\/pages"}],"about":[{"href":"https:\/\/www.igp.gob.pe\/observatorios\/radio-observatorio-jicamarca\/index.php?rest_route=\/wp\/v2\/types\/page"}],"author":[{"embeddable":true,"href":"https:\/\/www.igp.gob.pe\/observatorios\/radio-observatorio-jicamarca\/index.php?rest_route=\/wp\/v2\/users\/1"}],"replies":[{"embeddable":true,"href":"https:\/\/www.igp.gob.pe\/observatorios\/radio-observatorio-jicamarca\/index.php?rest_route=%2Fwp%2Fv2%2Fcomments&post=9459"}],"version-history":[{"count":14,"href":"https:\/\/www.igp.gob.pe\/observatorios\/radio-observatorio-jicamarca\/index.php?rest_route=\/wp\/v2\/pages\/9459\/revisions"}],"predecessor-version":[{"id":14607,"href":"https:\/\/www.igp.gob.pe\/observatorios\/radio-observatorio-jicamarca\/index.php?rest_route=\/wp\/v2\/pages\/9459\/revisions\/14607"}],"up":[{"embeddable":true,"href":"https:\/\/www.igp.gob.pe\/observatorios\/radio-observatorio-jicamarca\/index.php?rest_route=\/wp\/v2\/pages\/507"}],"wp:attachment":[{"href":"https:\/\/www.igp.gob.pe\/observatorios\/radio-observatorio-jicamarca\/index.php?rest_route=%2Fwp%2Fv2%2Fmedia&parent=9459"}],"curies":[{"name":"wp","href":"https:\/\/api.w.org\/{rel}","templated":true}]}}