{"id":2148,"date":"2021-03-10T10:24:04","date_gmt":"2021-03-10T15:24:04","guid":{"rendered":"https:\/\/www.igp.gob.pe\/observatorios\/radio-observatorio-jicamarca\/?page_id=2148"},"modified":"2025-11-20T15:15:23","modified_gmt":"2025-11-20T20:15:23","slug":"meteoros-y-objetos-espaciales","status":"publish","type":"page","link":"https:\/\/www.igp.gob.pe\/observatorios\/radio-observatorio-jicamarca\/?page_id=2148","title":{"rendered":"METEOROS Y OBJETOS ESPACIALES"},"content":{"rendered":"\t\t<div data-elementor-type=\"wp-page\" data-elementor-id=\"2148\" class=\"elementor elementor-2148\" data-elementor-settings=\"[]\">\n\t\t\t\t\t\t<div class=\"elementor-inner\">\n\t\t\t\t\t\t\t<div class=\"elementor-section-wrap\">\n\t\t\t\t\t\t\t<section class=\"elementor-section elementor-top-section elementor-element elementor-element-0d3503d elementor-section-boxed elementor-section-height-default elementor-section-height-default\" data-id=\"0d3503d\" data-element_type=\"section\">\n\t\t\t\t\t\t<div class=\"elementor-container elementor-column-gap-default\">\n\t\t\t\t\t\t\t<div class=\"elementor-row\">\n\t\t\t\t\t<div class=\"elementor-column elementor-col-100 elementor-top-column elementor-element elementor-element-e3eca52\" data-id=\"e3eca52\" data-element_type=\"column\">\n\t\t\t<div class=\"elementor-column-wrap elementor-element-populated\">\n\t\t\t\t\t\t\t<div class=\"elementor-widget-wrap\">\n\t\t\t\t\t\t<div class=\"elementor-element elementor-element-de1cd66 elementor--h-position-center elementor--v-position-middle elementor-pagination-position-inside elementor-widget elementor-widget-slides\" data-id=\"de1cd66\" data-element_type=\"widget\" data-settings=\"{&quot;navigation&quot;:&quot;dots&quot;,&quot;autoplay&quot;:&quot;yes&quot;,&quot;pause_on_hover&quot;:&quot;yes&quot;,&quot;pause_on_interaction&quot;:&quot;yes&quot;,&quot;autoplay_speed&quot;:5000,&quot;infinite&quot;:&quot;yes&quot;,&quot;transition&quot;:&quot;slide&quot;,&quot;transition_speed&quot;:500}\" data-widget_type=\"slides.default\">\n\t\t\t\t<div class=\"elementor-widget-container\">\n\t\t\t\t\t<div class=\"elementor-swiper\">\n\t\t\t<div class=\"elementor-slides-wrapper elementor-main-swiper swiper-container\" dir=\"ltr\" data-animation=\"\">\n\t\t\t\t<div class=\"swiper-wrapper elementor-slides\">\n\t\t\t\t\t<div class=\"elementor-repeater-item-49702dd swiper-slide\"><div class=\"swiper-slide-bg\"><\/div><div class=\"swiper-slide-inner\" ><div class=\"swiper-slide-contents\"><div class=\"elementor-slide-heading\">Meteoros y<br> Objetos Espaciales<\/div><\/div><\/div><\/div>\t\t\t\t<\/div>\n\t\t\t\t\t\t\t<\/div>\n\t\t<\/div>\n\t\t\t\t<\/div>\n\t\t\t\t<\/div>\n\t\t\t\t\t\t<\/div>\n\t\t\t\t\t<\/div>\n\t\t<\/div>\n\t\t\t\t\t\t\t\t<\/div>\n\t\t\t\t\t<\/div>\n\t\t<\/section>\n\t\t\t\t<section class=\"elementor-section elementor-top-section elementor-element elementor-element-f63b7d0 elementor-section-boxed elementor-section-height-default elementor-section-height-default\" data-id=\"f63b7d0\" data-element_type=\"section\">\n\t\t\t\t\t\t<div class=\"elementor-container elementor-column-gap-default\">\n\t\t\t\t\t\t\t<div class=\"elementor-row\">\n\t\t\t\t\t<div class=\"elementor-column elementor-col-50 elementor-top-column elementor-element elementor-element-2f2f8ce\" data-id=\"2f2f8ce\" data-element_type=\"column\">\n\t\t\t<div class=\"elementor-column-wrap elementor-element-populated\">\n\t\t\t\t\t\t\t<div class=\"elementor-widget-wrap\">\n\t\t\t\t\t\t<div class=\"elementor-element elementor-element-990c3a8 elementor-widget elementor-widget-text-editor\" data-id=\"990c3a8\" data-element_type=\"widget\" data-widget_type=\"text-editor.default\">\n\t\t\t\t<div class=\"elementor-widget-container\">\n\t\t\t\t\t<div class=\"elementor-text-editor elementor-clearfix\"><p>La Tierra es continuamente bombardeada por part\u00edculas y objetos de diferentes tama\u00f1os y composiciones. Algunas de estas part\u00edculas se desintegran en la atm\u00f3sfera de la Tierra y tienen influencia en el proceso de circulaci\u00f3n de la atm\u00f3sfera, lo que puede afectar la variabilidad de nuestro clima. Sin embargo, otros objetos si logran atravesar la atm\u00f3sfera impactando directamente en nuestra superficie, lo que representa una amenaza a la integridad de nuestras poblaciones tanto en la infraestructura f\u00edsica como en la vida de sus pobladores. Es por ello la relevancia de estudiar y monitorear los objetos que rodean la Tierra.<\/p><\/div>\n\t\t\t\t<\/div>\n\t\t\t\t<\/div>\n\t\t\t\t\t\t<\/div>\n\t\t\t\t\t<\/div>\n\t\t<\/div>\n\t\t\t\t<div class=\"elementor-column elementor-col-50 elementor-top-column elementor-element elementor-element-0465016\" data-id=\"0465016\" data-element_type=\"column\">\n\t\t\t<div class=\"elementor-column-wrap elementor-element-populated\">\n\t\t\t\t\t\t\t<div class=\"elementor-widget-wrap\">\n\t\t\t\t\t\t<div class=\"elementor-element elementor-element-e9738ae elementor-widget elementor-widget-image\" data-id=\"e9738ae\" data-element_type=\"widget\" data-widget_type=\"image.default\">\n\t\t\t\t<div class=\"elementor-widget-container\">\n\t\t\t\t\t<div class=\"elementor-image\">\n\t\t\t\t\t\t\t\t\t\t<img loading=\"lazy\" decoding=\"async\" width=\"300\" height=\"300\" src=\"https:\/\/www.igp.gob.pe\/observatorios\/radio-observatorio-jicamarca\/wp-content\/uploads\/2021\/05\/meteoros-final-300x300-1.gif\" class=\"attachment-large size-large\" alt=\"\" \/>\t\t\t\t\t\t\t\t\t\t\t<\/div>\n\t\t\t\t<\/div>\n\t\t\t\t<\/div>\n\t\t\t\t\t\t<\/div>\n\t\t\t\t\t<\/div>\n\t\t<\/div>\n\t\t\t\t\t\t\t\t<\/div>\n\t\t\t\t\t<\/div>\n\t\t<\/section>\n\t\t\t\t<section class=\"elementor-section elementor-top-section elementor-element elementor-element-c6752d0 elementor-section-boxed elementor-section-height-default elementor-section-height-default\" data-id=\"c6752d0\" data-element_type=\"section\">\n\t\t\t\t\t\t<div class=\"elementor-container elementor-column-gap-default\">\n\t\t\t\t\t\t\t<div class=\"elementor-row\">\n\t\t\t\t\t<div class=\"elementor-column elementor-col-100 elementor-top-column elementor-element elementor-element-e23bfd1\" data-id=\"e23bfd1\" data-element_type=\"column\">\n\t\t\t<div class=\"elementor-column-wrap elementor-element-populated\">\n\t\t\t\t\t\t\t<div class=\"elementor-widget-wrap\">\n\t\t\t\t\t\t<div class=\"elementor-element elementor-element-e8f4df9 elementor-widget elementor-widget-html\" data-id=\"e8f4df9\" data-element_type=\"widget\" data-widget_type=\"html.default\">\n\t\t\t\t<div class=\"elementor-widget-container\">\n\t\t\t<!-- Importar Material Icons -->\n<link href=\"https:\/\/fonts.googleapis.com\/icon?family=Material+Icons\" rel=\"stylesheet\">\n\n<style>\n  .aero-section {\n    text-align: center;\n    max-width: 500px;\n    width: 100%;\n    margin: 0 auto;\n    font-family: 'Futura', sans-serif;\n    position: relative;\n  }\n\n  .aero-line {\n    height: 3px;\n    background: #0000af;\n    position: absolute;\n    top: 20px;\n    left: 0;\n    width: 50%;\n    z-index: 0;\n  }\n  \n    .aero-line2 {\n    height: 3px;\n    background: #0000af;\n    position: absolute;\n    top: 20px;\n    right: 0;\n    width: 50%;\n    z-index: 0;\n  }\n\n  .aero-title-badge {\n    display: inline-block;\n    background-color: #0000af;\n    color: white;\n    padding: 6px 60px;\n    border-radius: 30px;\n    font-weight: bold;\n    font-size: 16px;\n    position: relative;\n    z-index: 1;\n    margin-bottom: 20px;\n  }\n\n\n  @media (max-width: 768px) {\n    .aero-line {\n      display: none;\n    }\n    .aero-line2 {\n      display: none;\n    }\n  }\n<\/style>\n\n<!-- HTML del contenido -->\n<div class=\"aero-line\"><\/div>\n<div class=\"aero-line2\"><\/div>\n<div class=\"aero-section\">\n  <div class=\"aero-title-badge\">L\u00cdNEAS DE INVESTIGACI\u00d3N<\/div>\n<\/div>\n \n  \n\t\t<\/div>\n\t\t\t\t<\/div>\n\t\t\t\t\t\t<\/div>\n\t\t\t\t\t<\/div>\n\t\t<\/div>\n\t\t\t\t\t\t\t\t<\/div>\n\t\t\t\t\t<\/div>\n\t\t<\/section>\n\t\t\t\t<section class=\"elementor-section elementor-top-section elementor-element elementor-element-192388c elementor-section-boxed elementor-section-height-default elementor-section-height-default\" data-id=\"192388c\" data-element_type=\"section\">\n\t\t\t\t\t\t<div class=\"elementor-container elementor-column-gap-default\">\n\t\t\t\t\t\t\t<div class=\"elementor-row\">\n\t\t\t\t\t<div class=\"elementor-column elementor-col-50 elementor-top-column elementor-element elementor-element-3a16416\" data-id=\"3a16416\" data-element_type=\"column\">\n\t\t\t<div class=\"elementor-column-wrap elementor-element-populated\">\n\t\t\t\t\t\t\t<div class=\"elementor-widget-wrap\">\n\t\t\t\t\t\t<div class=\"elementor-element elementor-element-0520fa4 elementor-widget elementor-widget-text-editor\" data-id=\"0520fa4\" data-element_type=\"widget\" data-widget_type=\"text-editor.default\">\n\t\t\t\t<div class=\"elementor-widget-container\">\n\t\t\t\t\t<div class=\"elementor-text-editor elementor-clearfix\"><p style=\"text-align: center;\">Din\u00e1mica de meteoros y objetos espaciales<\/p><\/div>\n\t\t\t\t<\/div>\n\t\t\t\t<\/div>\n\t\t\t\t<div class=\"elementor-element elementor-element-f587d99 elementor-widget elementor-widget-text-editor\" data-id=\"f587d99\" data-element_type=\"widget\" data-widget_type=\"text-editor.default\">\n\t\t\t\t<div class=\"elementor-widget-container\">\n\t\t\t\t\t<div class=\"elementor-text-editor elementor-clearfix\"><p>Su objetivo es el estudio de las trayectorias y movimiento de los objetos y part\u00edculas que bombardean la Tierra. Para ello, se hace uso de instrumentaci\u00f3n adecuada a fin de monitorear de las capas externas de la Tierra y observar el ingreso de meteoros y otros objetos. Los datos obtenidos son utilizados para establecer la distribuci\u00f3n espacial y temporal de estos objetos; adem\u00e1s nos permite estudiar la frecuencia de llegada de meteoros y otros objetos y clasificarlos de acuerdo con sus caracter\u00edsticas f\u00edsicas. As\u00ed tambi\u00e9n, la informaci\u00f3n obtenida de los meteoros se puede utilizar para la determinaci\u00f3n de vientos en la baja term\u00f3sfera, permitiendo estudiar el proceso de circulaci\u00f3n de la atm\u00f3sfera terrestre.<\/p><\/div>\n\t\t\t\t<\/div>\n\t\t\t\t<\/div>\n\t\t\t\t\t\t<\/div>\n\t\t\t\t\t<\/div>\n\t\t<\/div>\n\t\t\t\t<div class=\"elementor-column elementor-col-50 elementor-top-column elementor-element elementor-element-e8b3923\" data-id=\"e8b3923\" data-element_type=\"column\">\n\t\t\t<div class=\"elementor-column-wrap elementor-element-populated\">\n\t\t\t\t\t\t\t<div class=\"elementor-widget-wrap\">\n\t\t\t\t\t\t<div class=\"elementor-element elementor-element-4332c2b elementor-widget elementor-widget-text-editor\" data-id=\"4332c2b\" data-element_type=\"widget\" data-widget_type=\"text-editor.default\">\n\t\t\t\t<div class=\"elementor-widget-container\">\n\t\t\t\t\t<div class=\"elementor-text-editor elementor-clearfix\"><p style=\"text-align: center;\">F\u00edsica de interacci\u00f3n entre objetos\u00a0 espaciales e ion\u00f3sfera \/atm\u00f3sfera<\/p><\/div>\n\t\t\t\t<\/div>\n\t\t\t\t<\/div>\n\t\t\t\t<div class=\"elementor-element elementor-element-bc56442 elementor-widget elementor-widget-text-editor\" data-id=\"bc56442\" data-element_type=\"widget\" data-widget_type=\"text-editor.default\">\n\t\t\t\t<div class=\"elementor-widget-container\">\n\t\t\t\t\t<div class=\"elementor-text-editor elementor-clearfix\"><p>Busca estudiar los procesos f\u00edsicos que tienen lugar cuando los meteoros y otros objetos espaciales atraviesan la ionosfera y las capas altas de la atm\u00f3sfera. Esto incluye el estudio de los procesos de generaci\u00f3n de plasma al momento que estos objetos ingresan a la Tierra y tambi\u00e9n los mecanismos de desintegraci\u00f3n de estos objetos. Esto permite determinar las caracter\u00edsticas de los objetos que pueden atravesar la atm\u00f3sfera e impactar la superficie terrestre.<\/p><\/div>\n\t\t\t\t<\/div>\n\t\t\t\t<\/div>\n\t\t\t\t\t\t<\/div>\n\t\t\t\t\t<\/div>\n\t\t<\/div>\n\t\t\t\t\t\t\t\t<\/div>\n\t\t\t\t\t<\/div>\n\t\t<\/section>\n\t\t\t\t\t\t<\/div>\n\t\t\t\t\t\t<\/div>\n\t\t\t\t\t<\/div>\n\t\t","protected":false},"excerpt":{"rendered":"<p>Meteoros y Objetos Espaciales La Tierra es continuamente bombardeada por part\u00edculas y objetos de diferentes tama\u00f1os y composiciones. Algunas de estas part\u00edculas se desintegran en la atm\u00f3sfera de la Tierra y tienen influencia en el proceso de circulaci\u00f3n de la atm\u00f3sfera, lo que puede afectar la variabilidad de nuestro clima. [&hellip;]<\/p>\n","protected":false},"author":1,"featured_media":0,"parent":2125,"menu_order":0,"comment_status":"closed","ping_status":"closed","template":"page-templates\/template-fullwidth.php","meta":{"footnotes":""},"class_list":["post-2148","page","type-page","status-publish","hentry"],"jetpack_sharing_enabled":true,"_links":{"self":[{"href":"https:\/\/www.igp.gob.pe\/observatorios\/radio-observatorio-jicamarca\/index.php?rest_route=\/wp\/v2\/pages\/2148","targetHints":{"allow":["GET"]}}],"collection":[{"href":"https:\/\/www.igp.gob.pe\/observatorios\/radio-observatorio-jicamarca\/index.php?rest_route=\/wp\/v2\/pages"}],"about":[{"href":"https:\/\/www.igp.gob.pe\/observatorios\/radio-observatorio-jicamarca\/index.php?rest_route=\/wp\/v2\/types\/page"}],"author":[{"embeddable":true,"href":"https:\/\/www.igp.gob.pe\/observatorios\/radio-observatorio-jicamarca\/index.php?rest_route=\/wp\/v2\/users\/1"}],"replies":[{"embeddable":true,"href":"https:\/\/www.igp.gob.pe\/observatorios\/radio-observatorio-jicamarca\/index.php?rest_route=%2Fwp%2Fv2%2Fcomments&post=2148"}],"version-history":[{"count":37,"href":"https:\/\/www.igp.gob.pe\/observatorios\/radio-observatorio-jicamarca\/index.php?rest_route=\/wp\/v2\/pages\/2148\/revisions"}],"predecessor-version":[{"id":14713,"href":"https:\/\/www.igp.gob.pe\/observatorios\/radio-observatorio-jicamarca\/index.php?rest_route=\/wp\/v2\/pages\/2148\/revisions\/14713"}],"up":[{"embeddable":true,"href":"https:\/\/www.igp.gob.pe\/observatorios\/radio-observatorio-jicamarca\/index.php?rest_route=\/wp\/v2\/pages\/2125"}],"wp:attachment":[{"href":"https:\/\/www.igp.gob.pe\/observatorios\/radio-observatorio-jicamarca\/index.php?rest_route=%2Fwp%2Fv2%2Fmedia&parent=2148"}],"curies":[{"name":"wp","href":"https:\/\/api.w.org\/{rel}","templated":true}]}}