{"id":2086,"date":"2021-03-09T15:21:14","date_gmt":"2021-03-09T20:21:14","guid":{"rendered":"https:\/\/www.igp.gob.pe\/observatorios\/radio-observatorio-jicamarca\/?page_id=2086"},"modified":"2025-11-20T14:55:31","modified_gmt":"2025-11-20T19:55:31","slug":"aeronomia-y-clima-espacial","status":"publish","type":"page","link":"https:\/\/www.igp.gob.pe\/observatorios\/radio-observatorio-jicamarca\/?page_id=2086","title":{"rendered":"AERONOM\u00cdA Y CLIMA ESPACIAL"},"content":{"rendered":"\t\t<div data-elementor-type=\"wp-page\" data-elementor-id=\"2086\" class=\"elementor elementor-2086\" data-elementor-settings=\"[]\">\n\t\t\t\t\t\t<div class=\"elementor-inner\">\n\t\t\t\t\t\t\t<div class=\"elementor-section-wrap\">\n\t\t\t\t\t\t\t<section class=\"elementor-section elementor-top-section elementor-element elementor-element-574f9ad elementor-section-boxed elementor-section-height-default elementor-section-height-default\" data-id=\"574f9ad\" data-element_type=\"section\">\n\t\t\t\t\t\t<div class=\"elementor-container elementor-column-gap-default\">\n\t\t\t\t\t\t\t<div class=\"elementor-row\">\n\t\t\t\t\t<div class=\"elementor-column elementor-col-100 elementor-top-column elementor-element elementor-element-d24d6d9\" data-id=\"d24d6d9\" data-element_type=\"column\">\n\t\t\t<div class=\"elementor-column-wrap elementor-element-populated\">\n\t\t\t\t\t\t\t<div class=\"elementor-widget-wrap\">\n\t\t\t\t\t\t<div class=\"elementor-element elementor-element-b9fc567 elementor--h-position-center elementor--v-position-middle elementor-pagination-position-inside elementor-widget elementor-widget-slides\" data-id=\"b9fc567\" data-element_type=\"widget\" data-settings=\"{&quot;navigation&quot;:&quot;dots&quot;,&quot;autoplay&quot;:&quot;yes&quot;,&quot;pause_on_hover&quot;:&quot;yes&quot;,&quot;pause_on_interaction&quot;:&quot;yes&quot;,&quot;autoplay_speed&quot;:5000,&quot;infinite&quot;:&quot;yes&quot;,&quot;transition&quot;:&quot;slide&quot;,&quot;transition_speed&quot;:500}\" data-widget_type=\"slides.default\">\n\t\t\t\t<div class=\"elementor-widget-container\">\n\t\t\t\t\t<div class=\"elementor-swiper\">\n\t\t\t<div class=\"elementor-slides-wrapper elementor-main-swiper swiper-container\" dir=\"ltr\" data-animation=\"\">\n\t\t\t\t<div class=\"swiper-wrapper elementor-slides\">\n\t\t\t\t\t<div class=\"elementor-repeater-item-49702dd swiper-slide\"><div class=\"swiper-slide-bg\"><\/div><div class=\"swiper-slide-inner\" ><div class=\"swiper-slide-contents\"><div class=\"elementor-slide-heading\">Aeronomy and <br> Space Objects<\/div><\/div><\/div><\/div>\t\t\t\t<\/div>\n\t\t\t\t\t\t\t<\/div>\n\t\t<\/div>\n\t\t\t\t<\/div>\n\t\t\t\t<\/div>\n\t\t\t\t\t\t<\/div>\n\t\t\t\t\t<\/div>\n\t\t<\/div>\n\t\t\t\t\t\t\t\t<\/div>\n\t\t\t\t\t<\/div>\n\t\t<\/section>\n\t\t\t\t<section class=\"elementor-section elementor-top-section elementor-element elementor-element-4e1b139 elementor-section-boxed elementor-section-height-default elementor-section-height-default\" data-id=\"4e1b139\" data-element_type=\"section\">\n\t\t\t\t\t\t<div class=\"elementor-container elementor-column-gap-default\">\n\t\t\t\t\t\t\t<div class=\"elementor-row\">\n\t\t\t\t\t<div class=\"elementor-column elementor-col-50 elementor-top-column elementor-element elementor-element-4b32e47\" data-id=\"4b32e47\" data-element_type=\"column\">\n\t\t\t<div class=\"elementor-column-wrap elementor-element-populated\">\n\t\t\t\t\t\t\t<div class=\"elementor-widget-wrap\">\n\t\t\t\t\t\t<div class=\"elementor-element elementor-element-77e5b8e elementor-widget elementor-widget-text-editor\" data-id=\"77e5b8e\" data-element_type=\"widget\" data-widget_type=\"text-editor.default\">\n\t\t\t\t<div class=\"elementor-widget-container\">\n\t\t\t\t\t<div class=\"elementor-text-editor elementor-clearfix\"><p>La variabilidad de los fen\u00f3menos en el Sol y del comportamiento del medio interplanetario es conocida como Clima o Tiempo Espacial, el cual tiene efecto en las capas m\u00e1s altas y externas de la Tierra como la magnetosfera y la ion\u00f3sfera, generando perturbaciones en estas regiones cuyas caracter\u00edsticas e impactos son variables. Estas regiones denominadas geo-espacio tambi\u00e9n se ven afectadas por los procesos internos y superficiales de la Tierra, donde se generan perturbaciones que se pueden propagar hasta estas regiones. Estas perturbaciones no s\u00f3lo afectan las caracter\u00edsticas f\u00edsicas de estas capas altas de la Tierra sino tambi\u00e9n a las se\u00f1ales de radio frecuencia que se propagan a trav\u00e9s de ellas. Por ello, el clima espacial tiene influencia sobre los sistemas de navegaci\u00f3n y comunicaci\u00f3n desarrollados por el hombre y, en consecuencia, en los medios de vida de las personas. En el caso particular del Per\u00fa, al estar el territorio ubicado en la regi\u00f3n del Ecuador magn\u00e9tico, se ve afectado por fen\u00f3menos ionosf\u00e9ricos propios de esta regi\u00f3n como por ejemplo: el electrochorro ecuatorial y las burbujas de plasma o F-dispersa ecuatoriales. Estas perturbaciones ionosf\u00e9ricas pueden degradar o bloquear comunicaciones satelitales o inducir errores significativos en los sistemas de posicionamiento y navegaci\u00f3n, raz\u00f3n por la cual se requiere estudiar sus causas e impactos.<\/p><\/div>\n\t\t\t\t<\/div>\n\t\t\t\t<\/div>\n\t\t\t\t\t\t<\/div>\n\t\t\t\t\t<\/div>\n\t\t<\/div>\n\t\t\t\t<div class=\"elementor-column elementor-col-50 elementor-top-column elementor-element elementor-element-194b804\" data-id=\"194b804\" data-element_type=\"column\">\n\t\t\t<div class=\"elementor-column-wrap elementor-element-populated\">\n\t\t\t\t\t\t\t<div class=\"elementor-widget-wrap\">\n\t\t\t\t\t\t<div class=\"elementor-element elementor-element-fe3f4f2 elementor-widget elementor-widget-image\" data-id=\"fe3f4f2\" data-element_type=\"widget\" data-widget_type=\"image.default\">\n\t\t\t\t<div class=\"elementor-widget-container\">\n\t\t\t\t\t<div class=\"elementor-image\">\n\t\t\t\t\t\t\t\t\t\t<img loading=\"lazy\" decoding=\"async\" width=\"302\" height=\"302\" src=\"https:\/\/www.igp.gob.pe\/observatorios\/radio-observatorio-jicamarca\/wp-content\/uploads\/2021\/06\/final-icono-aeronomia-302x302_2.gif\" class=\"attachment-large size-large\" alt=\"\" \/>\t\t\t\t\t\t\t\t\t\t\t<\/div>\n\t\t\t\t<\/div>\n\t\t\t\t<\/div>\n\t\t\t\t\t\t<\/div>\n\t\t\t\t\t<\/div>\n\t\t<\/div>\n\t\t\t\t\t\t\t\t<\/div>\n\t\t\t\t\t<\/div>\n\t\t<\/section>\n\t\t\t\t<section class=\"elementor-section elementor-top-section elementor-element elementor-element-41a5583 elementor-section-boxed elementor-section-height-default elementor-section-height-default\" data-id=\"41a5583\" data-element_type=\"section\">\n\t\t\t\t\t\t<div class=\"elementor-container elementor-column-gap-default\">\n\t\t\t\t\t\t\t<div class=\"elementor-row\">\n\t\t\t\t\t<div class=\"elementor-column elementor-col-100 elementor-top-column elementor-element elementor-element-822b28c\" data-id=\"822b28c\" data-element_type=\"column\">\n\t\t\t<div class=\"elementor-column-wrap elementor-element-populated\">\n\t\t\t\t\t\t\t<div class=\"elementor-widget-wrap\">\n\t\t\t\t\t\t<div class=\"elementor-element elementor-element-3e284bf elementor-widget elementor-widget-html\" data-id=\"3e284bf\" data-element_type=\"widget\" data-widget_type=\"html.default\">\n\t\t\t\t<div class=\"elementor-widget-container\">\n\t\t\t<!-- Importar Material Icons -->\n<link href=\"https:\/\/fonts.googleapis.com\/icon?family=Material+Icons\" rel=\"stylesheet\">\n\n<style>\n  .aero-section {\n    text-align: center;\n    max-width: 500px;\n    width: 100%;\n    margin: 0 auto;\n    font-family: 'Futura', sans-serif;\n    position: relative;\n  }\n\n  .aero-line {\n    height: 3px;\n    background: #0000af;\n    position: absolute;\n    top: 20px;\n    left: 0;\n    width: 50%;\n    z-index: 0;\n  }\n  \n    .aero-line2 {\n    height: 3px;\n    background: #0000af;\n    position: absolute;\n    top: 20px;\n    right: 0;\n    width: 50%;\n    z-index: 0;\n  }\n\n  .aero-title-badge {\n    display: inline-block;\n    background-color: #0000af;\n    color: white;\n    padding: 6px 60px;\n    border-radius: 30px;\n    font-weight: bold;\n    font-size: 16px;\n    position: relative;\n    z-index: 1;\n    margin-bottom: 20px;\n  }\n\n\n  @media (max-width: 768px) {\n    .aero-line {\n      display: none;\n    }\n    .aero-line2 {\n      display: none;\n    }\n  }\n<\/style>\n\n<!-- HTML del contenido -->\n<div class=\"aero-line\"><\/div>\n<div class=\"aero-line2\"><\/div>\n<div class=\"aero-section\">\n  <div class=\"aero-title-badge\">L\u00cdNEAS DE INVESTIGACI\u00d3N<\/div>\n<\/div>\n \n  \n\t\t<\/div>\n\t\t\t\t<\/div>\n\t\t\t\t\t\t<\/div>\n\t\t\t\t\t<\/div>\n\t\t<\/div>\n\t\t\t\t\t\t\t\t<\/div>\n\t\t\t\t\t<\/div>\n\t\t<\/section>\n\t\t\t\t<section class=\"elementor-section elementor-top-section elementor-element elementor-element-6500774 elementor-section-boxed elementor-section-height-default elementor-section-height-default\" data-id=\"6500774\" data-element_type=\"section\">\n\t\t\t\t\t\t<div class=\"elementor-container elementor-column-gap-default\">\n\t\t\t\t\t\t\t<div class=\"elementor-row\">\n\t\t\t\t\t<div class=\"elementor-column elementor-col-50 elementor-top-column elementor-element elementor-element-0306013\" data-id=\"0306013\" data-element_type=\"column\">\n\t\t\t<div class=\"elementor-column-wrap elementor-element-populated\">\n\t\t\t\t\t\t\t<div class=\"elementor-widget-wrap\">\n\t\t\t\t\t\t<div class=\"elementor-element elementor-element-469c3c4 elementor-widget elementor-widget-text-editor\" data-id=\"469c3c4\" data-element_type=\"widget\" data-widget_type=\"text-editor.default\">\n\t\t\t\t<div class=\"elementor-widget-container\">\n\t\t\t\t\t<div class=\"elementor-text-editor elementor-clearfix\"><p>Caracterizaci\u00f3n y modelamiento del Geoespacio<\/p><\/div>\n\t\t\t\t<\/div>\n\t\t\t\t<\/div>\n\t\t\t\t<div class=\"elementor-element elementor-element-ca8c3f1 elementor-widget elementor-widget-text-editor\" data-id=\"ca8c3f1\" data-element_type=\"widget\" data-widget_type=\"text-editor.default\">\n\t\t\t\t<div class=\"elementor-widget-container\">\n\t\t\t\t\t<div class=\"elementor-text-editor elementor-clearfix\"><p>Esta l\u00ednea de investigaci\u00f3n se refiere a caracterizar la respuesta de la ion\u00f3sfera y alta atm\u00f3sfera a agentes externos que provengan del Sol y\/o de la misma Tierra. Esta respuesta se puede modelar utilizando tanto modelos f\u00edsicos matem\u00e1ticos como modelos estad\u00edsticos, teniendo en cuenta la interacci\u00f3n o relaci\u00f3n que existe entre los diferentes par\u00e1metros f\u00edsicos que caracterizan estas capas altas de la atm\u00f3sfera. Esto determina la respuesta de estas regiones a diferentes est\u00edmulos tanto a corto, mediano y largo plazo.<\/p><\/div>\n\t\t\t\t<\/div>\n\t\t\t\t<\/div>\n\t\t\t\t<div class=\"elementor-element elementor-element-cbddf51 elementor-widget elementor-widget-text-editor\" data-id=\"cbddf51\" data-element_type=\"widget\" data-widget_type=\"text-editor.default\">\n\t\t\t\t<div class=\"elementor-widget-container\">\n\t\t\t\t\t<div class=\"elementor-text-editor elementor-clearfix\"><p>F\u00edsica de la corona solar y <br \/>medio interplanetario<\/p><\/div>\n\t\t\t\t<\/div>\n\t\t\t\t<\/div>\n\t\t\t\t<div class=\"elementor-element elementor-element-718035c elementor-widget elementor-widget-text-editor\" data-id=\"718035c\" data-element_type=\"widget\" data-widget_type=\"text-editor.default\">\n\t\t\t\t<div class=\"elementor-widget-container\">\n\t\t\t\t\t<div class=\"elementor-text-editor elementor-clearfix\"><p>Estudia los procesos internos de la corona solar y la formaci\u00f3n de explosiones solares y las eyecciones de masa coronaria \u2014que dan origen a la generaci\u00f3n de part\u00edculas cargadas y ondas electromagn\u00e9ticas, los cuales son expulsados por el Sol y llegan a impactar la Tierra\u2014. Tambi\u00e9n incluye el estudio de los procesos de interacci\u00f3n y transporte de energ\u00eda entre el Sol y la Tierra, a fin de determinar la respuesta de las capas externas de la Tierra ante los fen\u00f3menos solares.<\/p><\/div>\n\t\t\t\t<\/div>\n\t\t\t\t<\/div>\n\t\t\t\t\t\t<\/div>\n\t\t\t\t\t<\/div>\n\t\t<\/div>\n\t\t\t\t<div class=\"elementor-column elementor-col-50 elementor-top-column elementor-element elementor-element-bdfb426\" data-id=\"bdfb426\" data-element_type=\"column\">\n\t\t\t<div class=\"elementor-column-wrap elementor-element-populated\">\n\t\t\t\t\t\t\t<div class=\"elementor-widget-wrap\">\n\t\t\t\t\t\t<div class=\"elementor-element elementor-element-dfa2335 elementor-widget elementor-widget-text-editor\" data-id=\"dfa2335\" data-element_type=\"widget\" data-widget_type=\"text-editor.default\">\n\t\t\t\t<div class=\"elementor-widget-container\">\n\t\t\t\t\t<div class=\"elementor-text-editor elementor-clearfix\"><p>F\u00edsica de las inestabilidades atmosf\u00e9ricas<\/p><\/div>\n\t\t\t\t<\/div>\n\t\t\t\t<\/div>\n\t\t\t\t<div class=\"elementor-element elementor-element-3a377eb elementor-widget elementor-widget-text-editor\" data-id=\"3a377eb\" data-element_type=\"widget\" data-widget_type=\"text-editor.default\">\n\t\t\t\t<div class=\"elementor-widget-container\">\n\t\t\t\t\t<div class=\"elementor-text-editor elementor-clearfix\"><p>Estudia directamente los procesos f\u00edsicos de generaci\u00f3n y formaci\u00f3n de las inestabilidades ionosf\u00e9ricas en la zona ecuatorial, tales como la F-dispersa, Electrochorro, Ecos de 150 km, entre otros. Asimismo, incluye el estudio de su desarrollo, evoluci\u00f3n y de interacci\u00f3n con nuestra atm\u00f3sfera. Esto nos permite determinar los par\u00e1metros f\u00edsicos que se ven principalmente afectados por estos fen\u00f3menos y as\u00ed poder determinar su variabilidad y climatolog\u00eda.<\/p><\/div>\n\t\t\t\t<\/div>\n\t\t\t\t<\/div>\n\t\t\t\t<div class=\"elementor-element elementor-element-c45d652 elementor-widget elementor-widget-text-editor\" data-id=\"c45d652\" data-element_type=\"widget\" data-widget_type=\"text-editor.default\">\n\t\t\t\t<div class=\"elementor-widget-container\">\n\t\t\t\t\t<div class=\"elementor-text-editor elementor-clearfix\"><p>Impacto de las perturbaciones ionosf\u00e9ricas en las tecnolog\u00edas del pa\u00eds<\/p><\/div>\n\t\t\t\t<\/div>\n\t\t\t\t<\/div>\n\t\t\t\t<div class=\"elementor-element elementor-element-aa884cc elementor-widget elementor-widget-text-editor\" data-id=\"aa884cc\" data-element_type=\"widget\" data-widget_type=\"text-editor.default\">\n\t\t\t\t<div class=\"elementor-widget-container\">\n\t\t\t\t\t<div class=\"elementor-text-editor elementor-clearfix\"><p>El objetivo de la l\u00ednea de investigaci\u00f3n es estudiar o estimar el impacto que las perturbaciones e irregularidades ionosf\u00e9ricas tienen sobre las tecnolog\u00edas que utiliza el pa\u00eds como son los sistemas de comunicaci\u00f3n y radio-navegaci\u00f3n de los cuales somos cada vez m\u00e1s dependientes. Esta l\u00ednea tiene como objetivo cuantificar los efectos producidos por estas perturbaciones, y de esta forma poder tomar acciones que mitiguen los posibles problemas que se generen.<\/p><\/div>\n\t\t\t\t<\/div>\n\t\t\t\t<\/div>\n\t\t\t\t\t\t<\/div>\n\t\t\t\t\t<\/div>\n\t\t<\/div>\n\t\t\t\t\t\t\t\t<\/div>\n\t\t\t\t\t<\/div>\n\t\t<\/section>\n\t\t\t\t\t\t<\/div>\n\t\t\t\t\t\t<\/div>\n\t\t\t\t\t<\/div>\n\t\t","protected":false},"excerpt":{"rendered":"<p>Aeronomy and Space Objects La variabilidad de los fen\u00f3menos en el Sol y del comportamiento del medio interplanetario es conocida como Clima o Tiempo Espacial, el cual tiene efecto en las capas m\u00e1s altas y externas de la Tierra como la magnetosfera y la ion\u00f3sfera, generando perturbaciones en estas regiones [&hellip;]<\/p>\n","protected":false},"author":1,"featured_media":0,"parent":2125,"menu_order":0,"comment_status":"closed","ping_status":"closed","template":"page-templates\/template-fullwidth.php","meta":{"footnotes":""},"class_list":["post-2086","page","type-page","status-publish","hentry"],"jetpack_sharing_enabled":true,"_links":{"self":[{"href":"https:\/\/www.igp.gob.pe\/observatorios\/radio-observatorio-jicamarca\/index.php?rest_route=\/wp\/v2\/pages\/2086","targetHints":{"allow":["GET"]}}],"collection":[{"href":"https:\/\/www.igp.gob.pe\/observatorios\/radio-observatorio-jicamarca\/index.php?rest_route=\/wp\/v2\/pages"}],"about":[{"href":"https:\/\/www.igp.gob.pe\/observatorios\/radio-observatorio-jicamarca\/index.php?rest_route=\/wp\/v2\/types\/page"}],"author":[{"embeddable":true,"href":"https:\/\/www.igp.gob.pe\/observatorios\/radio-observatorio-jicamarca\/index.php?rest_route=\/wp\/v2\/users\/1"}],"replies":[{"embeddable":true,"href":"https:\/\/www.igp.gob.pe\/observatorios\/radio-observatorio-jicamarca\/index.php?rest_route=%2Fwp%2Fv2%2Fcomments&post=2086"}],"version-history":[{"count":46,"href":"https:\/\/www.igp.gob.pe\/observatorios\/radio-observatorio-jicamarca\/index.php?rest_route=\/wp\/v2\/pages\/2086\/revisions"}],"predecessor-version":[{"id":14707,"href":"https:\/\/www.igp.gob.pe\/observatorios\/radio-observatorio-jicamarca\/index.php?rest_route=\/wp\/v2\/pages\/2086\/revisions\/14707"}],"up":[{"embeddable":true,"href":"https:\/\/www.igp.gob.pe\/observatorios\/radio-observatorio-jicamarca\/index.php?rest_route=\/wp\/v2\/pages\/2125"}],"wp:attachment":[{"href":"https:\/\/www.igp.gob.pe\/observatorios\/radio-observatorio-jicamarca\/index.php?rest_route=%2Fwp%2Fv2%2Fmedia&parent=2086"}],"curies":[{"name":"wp","href":"https:\/\/api.w.org\/{rel}","templated":true}]}}