{"id":2044,"date":"2021-03-08T12:59:02","date_gmt":"2021-03-08T17:59:02","guid":{"rendered":"https:\/\/www.igp.gob.pe\/observatorios\/radio-observatorio-jicamarca\/?page_id=2044"},"modified":"2025-11-19T10:37:21","modified_gmt":"2025-11-19T15:37:21","slug":"visitas-guiadas","status":"publish","type":"page","link":"https:\/\/www.igp.gob.pe\/observatorios\/radio-observatorio-jicamarca\/?page_id=2044","title":{"rendered":"VISITAS GUIADAS"},"content":{"rendered":"\t\t<div data-elementor-type=\"wp-page\" data-elementor-id=\"2044\" class=\"elementor elementor-2044\" data-elementor-settings=\"[]\">\n\t\t\t\t\t\t<div class=\"elementor-inner\">\n\t\t\t\t\t\t\t<div class=\"elementor-section-wrap\">\n\t\t\t\t\t\t\t<section class=\"elementor-section elementor-top-section elementor-element elementor-element-6e1d615 elementor-section-boxed elementor-section-height-default elementor-section-height-default\" data-id=\"6e1d615\" data-element_type=\"section\">\n\t\t\t\t\t\t<div class=\"elementor-container elementor-column-gap-default\">\n\t\t\t\t\t\t\t<div class=\"elementor-row\">\n\t\t\t\t\t<div class=\"elementor-column elementor-col-100 elementor-top-column elementor-element elementor-element-fb86001\" data-id=\"fb86001\" data-element_type=\"column\">\n\t\t\t<div class=\"elementor-column-wrap elementor-element-populated\">\n\t\t\t\t\t\t\t<div class=\"elementor-widget-wrap\">\n\t\t\t\t\t\t<div class=\"elementor-element elementor-element-e227dce elementor--h-position-center elementor--v-position-middle elementor-pagination-position-inside elementor-widget elementor-widget-slides\" data-id=\"e227dce\" data-element_type=\"widget\" data-settings=\"{&quot;navigation&quot;:&quot;dots&quot;,&quot;autoplay&quot;:&quot;yes&quot;,&quot;pause_on_hover&quot;:&quot;yes&quot;,&quot;pause_on_interaction&quot;:&quot;yes&quot;,&quot;autoplay_speed&quot;:5000,&quot;infinite&quot;:&quot;yes&quot;,&quot;transition&quot;:&quot;slide&quot;,&quot;transition_speed&quot;:500}\" data-widget_type=\"slides.default\">\n\t\t\t\t<div class=\"elementor-widget-container\">\n\t\t\t\t\t<div class=\"elementor-swiper\">\n\t\t\t<div class=\"elementor-slides-wrapper elementor-main-swiper swiper-container\" dir=\"ltr\" data-animation=\"\">\n\t\t\t\t<div class=\"swiper-wrapper elementor-slides\">\n\t\t\t\t\t<div class=\"elementor-repeater-item-49702dd swiper-slide\"><div class=\"swiper-slide-bg\"><\/div><div class=\"swiper-slide-inner\" ><div class=\"swiper-slide-contents\"><div class=\"elementor-slide-heading\">Visita Guiada<\/div><div class=\"elementor-slide-description\">Tenemos pautas para los visitantes <\/div><\/div><\/div><\/div>\t\t\t\t<\/div>\n\t\t\t\t\t\t\t<\/div>\n\t\t<\/div>\n\t\t\t\t<\/div>\n\t\t\t\t<\/div>\n\t\t\t\t\t\t<\/div>\n\t\t\t\t\t<\/div>\n\t\t<\/div>\n\t\t\t\t\t\t\t\t<\/div>\n\t\t\t\t\t<\/div>\n\t\t<\/section>\n\t\t\t\t<section class=\"elementor-section elementor-top-section elementor-element elementor-element-fa8b043 elementor-section-boxed elementor-section-height-default elementor-section-height-default\" data-id=\"fa8b043\" data-element_type=\"section\">\n\t\t\t\t\t\t<div class=\"elementor-container elementor-column-gap-default\">\n\t\t\t\t\t\t\t<div class=\"elementor-row\">\n\t\t\t\t\t<div class=\"elementor-column elementor-col-100 elementor-top-column elementor-element elementor-element-2d3beb8\" data-id=\"2d3beb8\" data-element_type=\"column\">\n\t\t\t<div class=\"elementor-column-wrap elementor-element-populated\">\n\t\t\t\t\t\t\t<div class=\"elementor-widget-wrap\">\n\t\t\t\t\t\t<div class=\"elementor-element elementor-element-99f20e9 elementor-widget elementor-widget-text-editor\" data-id=\"99f20e9\" data-element_type=\"widget\" data-widget_type=\"text-editor.default\">\n\t\t\t\t<div class=\"elementor-widget-container\">\n\t\t\t\t\t<div class=\"elementor-text-editor elementor-clearfix\"><p>Las visitas al ROJ se encuentran suspendidas hasta nuevo aviso <\/p><\/div>\n\t\t\t\t<\/div>\n\t\t\t\t<\/div>\n\t\t\t\t\t\t<\/div>\n\t\t\t\t\t<\/div>\n\t\t<\/div>\n\t\t\t\t\t\t\t\t<\/div>\n\t\t\t\t\t<\/div>\n\t\t<\/section>\n\t\t\t\t<section class=\"elementor-section elementor-top-section elementor-element elementor-element-31578e3 elementor-section-boxed elementor-section-height-default elementor-section-height-default\" data-id=\"31578e3\" data-element_type=\"section\">\n\t\t\t\t\t\t<div class=\"elementor-container elementor-column-gap-default\">\n\t\t\t\t\t\t\t<div class=\"elementor-row\">\n\t\t\t\t\t<div class=\"elementor-column elementor-col-100 elementor-top-column elementor-element elementor-element-5d33581\" data-id=\"5d33581\" data-element_type=\"column\">\n\t\t\t<div class=\"elementor-column-wrap elementor-element-populated\">\n\t\t\t\t\t\t\t<div class=\"elementor-widget-wrap\">\n\t\t\t\t\t\t<div class=\"elementor-element elementor-element-dec3b16 elementor-widget elementor-widget-text-editor\" data-id=\"dec3b16\" data-element_type=\"widget\" data-widget_type=\"text-editor.default\">\n\t\t\t\t<div class=\"elementor-widget-container\">\n\t\t\t\t\t<div class=\"elementor-text-editor elementor-clearfix\"><span>Si usted desea realizar una visita guiada al Radio Observatorio de Jicamarca <br>\ndebe establecer contacto mediante el correo <a href=\"mailto:roj@igp.gob.pe\" data-stylerecorder=\"true\" style=\"text-align: center; line-height: 32px; letter-spacing: 0px; font-weight: 300; font-size: 17px;\">roj@igp.gob.pe<\/a><\/div>\n\t\t\t\t<\/div>\n\t\t\t\t<\/div>\n\t\t\t\t\t\t<\/div>\n\t\t\t\t\t<\/div>\n\t\t<\/div>\n\t\t\t\t\t\t\t\t<\/div>\n\t\t\t\t\t<\/div>\n\t\t<\/section>\n\t\t\t\t<section class=\"elementor-section elementor-top-section elementor-element elementor-element-873dfe6 elementor-section-boxed elementor-section-height-default elementor-section-height-default\" data-id=\"873dfe6\" data-element_type=\"section\">\n\t\t\t\t\t\t<div class=\"elementor-container elementor-column-gap-default\">\n\t\t\t\t\t\t\t<div class=\"elementor-row\">\n\t\t\t\t\t<div class=\"elementor-column elementor-col-50 elementor-top-column elementor-element elementor-element-e9bbd56\" data-id=\"e9bbd56\" data-element_type=\"column\">\n\t\t\t<div class=\"elementor-column-wrap elementor-element-populated\">\n\t\t\t\t\t\t\t<div class=\"elementor-widget-wrap\">\n\t\t\t\t\t\t<div class=\"elementor-element elementor-element-e22e576 elementor-widget elementor-widget-text-editor\" data-id=\"e22e576\" data-element_type=\"widget\" data-widget_type=\"text-editor.default\">\n\t\t\t\t<div class=\"elementor-widget-container\">\n\t\t\t\t\t<div class=\"elementor-text-editor elementor-clearfix\"><p style=\"text-align: left;\"><span>VISITAS<\/span><\/p><\/div>\n\t\t\t\t<\/div>\n\t\t\t\t<\/div>\n\t\t\t\t<div class=\"elementor-element elementor-element-0870cec elementor-widget elementor-widget-text-editor\" data-id=\"0870cec\" data-element_type=\"widget\" data-widget_type=\"text-editor.default\">\n\t\t\t\t<div class=\"elementor-widget-container\">\n\t\t\t\t\t<div class=\"elementor-text-editor elementor-clearfix\"><span>Est\u00e1n permitidas las visitas de grupos o delegaciones de institutos, universidades y colegios (alumnos de secundaria).<\/span>\n<BR>\n\nEl grupo de visitantes debe estar conformado por un m\u00e1ximo de 15 personas, incluyendo al responsable del grupo.\n \n\t\t\t\t\t\t\t<\/div>\n\t\t\t\t<\/div>\n\t\t\t\t<\/div>\n\t\t\t\t<div class=\"elementor-element elementor-element-0aff3f4 elementor-widget elementor-widget-text-editor\" data-id=\"0aff3f4\" data-element_type=\"widget\" data-widget_type=\"text-editor.default\">\n\t\t\t\t<div class=\"elementor-widget-container\">\n\t\t\t\t\t<div class=\"elementor-text-editor elementor-clearfix\"><p style=\"text-align: left;\"><span>HORARIO<\/span><\/p><\/div>\n\t\t\t\t<\/div>\n\t\t\t\t<\/div>\n\t\t\t\t<div class=\"elementor-element elementor-element-581a476 elementor-widget elementor-widget-text-editor\" data-id=\"581a476\" data-element_type=\"widget\" data-widget_type=\"text-editor.default\">\n\t\t\t\t<div class=\"elementor-widget-container\">\n\t\t\t\t\t<div class=\"elementor-text-editor elementor-clearfix\"><p><span>El horario de atenci\u00f3n son los martes y jueves de cada mes, por las ma\u00f1anas de 09:00 a 11:00 horas (horario estricto). <\/span><\/p><\/div>\n\t\t\t\t<\/div>\n\t\t\t\t<\/div>\n\t\t\t\t<div class=\"elementor-element elementor-element-8e9d2be elementor-widget elementor-widget-text-editor\" data-id=\"8e9d2be\" data-element_type=\"widget\" data-widget_type=\"text-editor.default\">\n\t\t\t\t<div class=\"elementor-widget-container\">\n\t\t\t\t\t<div class=\"elementor-text-editor elementor-clearfix\"><p style=\"text-align: left;\"><span>SOLICITUD DE VISITA <\/span><\/p><\/div>\n\t\t\t\t<\/div>\n\t\t\t\t<\/div>\n\t\t\t\t<div class=\"elementor-element elementor-element-a38aeb0 elementor-widget elementor-widget-text-editor\" data-id=\"a38aeb0\" data-element_type=\"widget\" data-widget_type=\"text-editor.default\">\n\t\t\t\t<div class=\"elementor-widget-container\">\n\t\t\t\t\t<div class=\"elementor-text-editor elementor-clearfix\"><span>La solicitud de visita guiada debe realizarse con quince d\u00edas de anticipaci\u00f3n, a trav\u00e9s de una carta oficial (en hoja membretada de la instituci\u00f3n) enviada al correo<\/span> <a href=\"roj@igp.gob.pe\" data-stylerecorder=\"true\" style=\"text-align: left; line-height: 29px; letter-spacing: 0px; font-weight: 300; font-size: 15px;\">roj@igp.gob.pe<\/a>\n<BR>\nSer\u00e1 requisito indispensable adjuntar el listado de personas que participar\u00e1 de la visita, indicando los nombres completos, n\u00famero de documentos de identidad (DNI) o pasaporte, instituci\u00f3n de procedencia y se\u00f1alar el responsable del grupo de visitantes.\n\nEl ROJ responder\u00e1 a su solicitud de acuerdo a la disponibilidad de atenci\u00f3n.<\/div>\n\t\t\t\t<\/div>\n\t\t\t\t<\/div>\n\t\t\t\t\t\t<\/div>\n\t\t\t\t\t<\/div>\n\t\t<\/div>\n\t\t\t\t<div class=\"elementor-column elementor-col-50 elementor-top-column elementor-element elementor-element-aabac70\" data-id=\"aabac70\" data-element_type=\"column\">\n\t\t\t<div class=\"elementor-column-wrap elementor-element-populated\">\n\t\t\t\t\t\t\t<div class=\"elementor-widget-wrap\">\n\t\t\t\t\t\t<div class=\"elementor-element elementor-element-3a24b76 elementor-widget elementor-widget-image\" data-id=\"3a24b76\" data-element_type=\"widget\" data-widget_type=\"image.default\">\n\t\t\t\t<div class=\"elementor-widget-container\">\n\t\t\t\t\t<div class=\"elementor-image\">\n\t\t\t\t\t\t\t\t\t\t<img loading=\"lazy\" decoding=\"async\" width=\"450\" height=\"300\" src=\"https:\/\/www.igp.gob.pe\/observatorios\/radio-observatorio-jicamarca\/wp-content\/uploads\/2021\/08\/1-450x300-1.jpg\" class=\"attachment-large size-large\" alt=\"\" srcset=\"https:\/\/www.igp.gob.pe\/observatorios\/radio-observatorio-jicamarca\/wp-content\/uploads\/2021\/08\/1-450x300-1.jpg 450w, https:\/\/www.igp.gob.pe\/observatorios\/radio-observatorio-jicamarca\/wp-content\/uploads\/2021\/08\/1-450x300-1-300x200.jpg 300w, https:\/\/www.igp.gob.pe\/observatorios\/radio-observatorio-jicamarca\/wp-content\/uploads\/2021\/08\/1-450x300-1-360x240.jpg 360w\" sizes=\"auto, (max-width: 450px) 100vw, 450px\" \/>\t\t\t\t\t\t\t\t\t\t\t<\/div>\n\t\t\t\t<\/div>\n\t\t\t\t<\/div>\n\t\t\t\t<div class=\"elementor-element elementor-element-27ce855 elementor-widget elementor-widget-image\" data-id=\"27ce855\" data-element_type=\"widget\" data-widget_type=\"image.default\">\n\t\t\t\t<div class=\"elementor-widget-container\">\n\t\t\t\t\t<div class=\"elementor-image\">\n\t\t\t\t\t\t\t\t\t\t<img loading=\"lazy\" decoding=\"async\" width=\"450\" height=\"300\" src=\"https:\/\/www.igp.gob.pe\/observatorios\/radio-observatorio-jicamarca\/wp-content\/uploads\/2021\/08\/2-450x300-1.jpg\" class=\"attachment-large size-large\" alt=\"\" srcset=\"https:\/\/www.igp.gob.pe\/observatorios\/radio-observatorio-jicamarca\/wp-content\/uploads\/2021\/08\/2-450x300-1.jpg 450w, https:\/\/www.igp.gob.pe\/observatorios\/radio-observatorio-jicamarca\/wp-content\/uploads\/2021\/08\/2-450x300-1-300x200.jpg 300w, https:\/\/www.igp.gob.pe\/observatorios\/radio-observatorio-jicamarca\/wp-content\/uploads\/2021\/08\/2-450x300-1-360x240.jpg 360w\" sizes=\"auto, (max-width: 450px) 100vw, 450px\" \/>\t\t\t\t\t\t\t\t\t\t\t<\/div>\n\t\t\t\t<\/div>\n\t\t\t\t<\/div>\n\t\t\t\t\t\t<\/div>\n\t\t\t\t\t<\/div>\n\t\t<\/div>\n\t\t\t\t\t\t\t\t<\/div>\n\t\t\t\t\t<\/div>\n\t\t<\/section>\n\t\t\t\t<section class=\"elementor-section elementor-top-section elementor-element elementor-element-90fd0e4 elementor-section-boxed elementor-section-height-default elementor-section-height-default\" data-id=\"90fd0e4\" data-element_type=\"section\">\n\t\t\t\t\t\t<div class=\"elementor-container elementor-column-gap-default\">\n\t\t\t\t\t\t\t<div class=\"elementor-row\">\n\t\t\t\t\t<div class=\"elementor-column elementor-col-100 elementor-top-column elementor-element elementor-element-fe2b304\" data-id=\"fe2b304\" data-element_type=\"column\">\n\t\t\t<div class=\"elementor-column-wrap elementor-element-populated\">\n\t\t\t\t\t\t\t<div class=\"elementor-widget-wrap\">\n\t\t\t\t\t\t<div class=\"elementor-element elementor-element-adeee5e elementor-widget elementor-widget-html\" data-id=\"adeee5e\" data-element_type=\"widget\" data-widget_type=\"html.default\">\n\t\t\t\t<div class=\"elementor-widget-container\">\n\t\t\t<!-- Importar Material Icons -->\n<link href=\"https:\/\/fonts.googleapis.com\/icon?family=Material+Icons\" rel=\"stylesheet\">\n\n<style>\n  .aero-section {\n    text-align: center;\n    max-width: 500px;\n    width: 100%;\n    margin: 0 auto;\n    font-family: 'Futura', sans-serif;\n    position: relative;\n  }\n\n  .aero-line {\n    height: 3px;\n    background: #0000af;\n    position: absolute;\n    top: 20px;\n    left: 0;\n    width: 50%;\n    z-index: 0;\n  }\n  \n    .aero-line2 {\n    height: 3px;\n    background: #0000af;\n    position: absolute;\n    top: 20px;\n    RIGHT: 0;\n    width: 50%;\n    z-index: 0;\n  }\n\n  .aero-title-badge {\n    display: inline-block;\n    background-color: #0000af;\n    color: white;\n    padding: 6px 60px;\n    border-radius: 30px;\n    font-weight: bold;\n    font-size: 16px;\n    position: relative;\n    z-index: 1;\n    margin-bottom: 20px;\n  }\n\n  .aero-description {\n    font-size: 16px;\n    line-height: 1.6;\n    color: #1c1c1c;\n    margin: 0 0 20px;\n  }\n\n  .aero-arrow {\n    margin: 20px auto;\n    font-size: 32px;\n    color: white;\n    background: #0099ff;\n    width: 35px;\n    height: 35px;\n    border-radius: 50%;\n    display: flex;\n    justify-content: center;\n    align-items: center;\n  }\n\n  .aero-section a.aero-btn,\n  .aero-section a.aero-btn:hover,\n  .aero-section a.aero-btn:focus,\n  .aero-section a.aero-btn:active {\n    display: inline-block;\n    background-color: #0000af !important;\n    color: white !important;\n    text-decoration: none !important;\n    padding: 10px 25px;\n    border-radius: 30px;\n    font-weight: bold;\n    font-size: 16px;\n    margin-top: -10px;\n    transition: none !important;\n  }\n\n  @media (max-width: 768px) {\n    .aero-line {\n      display: none;\n    }\n        .aero-line2 {\n      display: none;\n    }\n  }\n<\/style>\n\n<!-- HTML del contenido -->\n<div class=\"aero-line\"><\/div>\n<div class=\"aero-line2\"><\/div>\n<div class=\"aero-section\">\n  <div class=\"aero-title-badge\">PAUTAS<\/div>\n \n  \t\t<\/div>\n\t\t\t\t<\/div>\n\t\t\t\t\t\t<\/div>\n\t\t\t\t\t<\/div>\n\t\t<\/div>\n\t\t\t\t\t\t\t\t<\/div>\n\t\t\t\t\t<\/div>\n\t\t<\/section>\n\t\t\t\t<section class=\"elementor-section elementor-top-section elementor-element elementor-element-15adc45 elementor-section-boxed elementor-section-height-default elementor-section-height-default\" data-id=\"15adc45\" data-element_type=\"section\">\n\t\t\t\t\t\t<div class=\"elementor-container elementor-column-gap-default\">\n\t\t\t\t\t\t\t<div class=\"elementor-row\">\n\t\t\t\t\t<div class=\"elementor-column elementor-col-100 elementor-top-column elementor-element elementor-element-45ea546\" data-id=\"45ea546\" data-element_type=\"column\">\n\t\t\t<div class=\"elementor-column-wrap elementor-element-populated\">\n\t\t\t\t\t\t\t<div class=\"elementor-widget-wrap\">\n\t\t\t\t\t\t<div class=\"elementor-element elementor-element-f14e214 elementor-widget elementor-widget-text-editor\" data-id=\"f14e214\" data-element_type=\"widget\" data-widget_type=\"text-editor.default\">\n\t\t\t\t<div class=\"elementor-widget-container\">\n\t\t\t\t\t<div class=\"elementor-text-editor elementor-clearfix\"><p style=\"text-align: left;\">REQUISITOS DE INGRESO <\/p><\/div>\n\t\t\t\t<\/div>\n\t\t\t\t<\/div>\n\t\t\t\t<div class=\"elementor-element elementor-element-302ed30 elementor-widget elementor-widget-text-editor\" data-id=\"302ed30\" data-element_type=\"widget\" data-widget_type=\"text-editor.default\">\n\t\t\t\t<div class=\"elementor-widget-container\">\n\t\t\t\t\t<div class=\"elementor-text-editor elementor-clearfix\"><p>Los visitantes que ingresen al Radio Observatorio de Jicamarca deben tomar atenci\u00f3n a las siguientes normas:<\/p><p>\u2022 Todo visitante deber\u00e1 acreditarse con su documento de identidad o pasaporte en la garita de control.<\/p><p>\u2022 No se puede consumir ning\u00fan tipo de alimento dentro de las instalaciones<\/p><p>\u2022 Est\u00e1 prohibido fumar.<\/p><p>\u2022 Los bolsos, mochilas o carteras se resguardar\u00e1n en una sala mientras se realiza la visita guiada.<\/p><\/div>\n\t\t\t\t<\/div>\n\t\t\t\t<\/div>\n\t\t\t\t<div class=\"elementor-element elementor-element-e5cfd04 elementor-widget elementor-widget-text-editor\" data-id=\"e5cfd04\" data-element_type=\"widget\" data-widget_type=\"text-editor.default\">\n\t\t\t\t<div class=\"elementor-widget-container\">\n\t\t\t\t\t<div class=\"elementor-text-editor elementor-clearfix\"><p style=\"text-align: left;\"><span>SOBRE LA VISITA GUIADA <\/span><\/p><\/div>\n\t\t\t\t<\/div>\n\t\t\t\t<\/div>\n\t\t\t\t<div class=\"elementor-element elementor-element-5c340f1 elementor-widget elementor-widget-text-editor\" data-id=\"5c340f1\" data-element_type=\"widget\" data-widget_type=\"text-editor.default\">\n\t\t\t\t<div class=\"elementor-widget-container\">\n\t\t\t\t\t<div class=\"elementor-text-editor elementor-clearfix\">La visita guiada tiene una duraci\u00f3n aproximada de 2 horas y contempla las siguientes actividades:\n<br>\n\u2022 Exposici\u00f3n de las actividades que se realizan en el ROJ\n<br>\n\u2022 Visita a la antena principal.\n<br>\n\u2022 Visita a la zona de transmisores.\n<br>\n\u2022 Visita a la sala de operaciones\n<br><br>\nEl recorrido est\u00e1 sujeto a modificaciones seg\u00fan el desarrollo de las actividades operacionales del ROJ. <\/div>\n\t\t\t\t<\/div>\n\t\t\t\t<\/div>\n\t\t\t\t\t\t<\/div>\n\t\t\t\t\t<\/div>\n\t\t<\/div>\n\t\t\t\t\t\t\t\t<\/div>\n\t\t\t\t\t<\/div>\n\t\t<\/section>\n\t\t\t\t\t\t<\/div>\n\t\t\t\t\t\t<\/div>\n\t\t\t\t\t<\/div>\n\t\t","protected":false},"excerpt":{"rendered":"<p>Visita GuiadaTenemos pautas para los visitantes Las visitas al ROJ se encuentran suspendidas hasta nuevo aviso Si usted desea realizar una visita guiada al Radio Observatorio de Jicamarca debe establecer contacto mediante el correo roj@igp.gob.pe VISITAS Est\u00e1n permitidas las visitas de grupos o delegaciones de institutos, universidades y colegios (alumnos [&hellip;]<\/p>\n","protected":false},"author":1,"featured_media":0,"parent":30,"menu_order":0,"comment_status":"closed","ping_status":"closed","template":"page-templates\/template-fullwidth.php","meta":{"footnotes":""},"class_list":["post-2044","page","type-page","status-publish","hentry"],"jetpack_sharing_enabled":true,"_links":{"self":[{"href":"https:\/\/www.igp.gob.pe\/observatorios\/radio-observatorio-jicamarca\/index.php?rest_route=\/wp\/v2\/pages\/2044","targetHints":{"allow":["GET"]}}],"collection":[{"href":"https:\/\/www.igp.gob.pe\/observatorios\/radio-observatorio-jicamarca\/index.php?rest_route=\/wp\/v2\/pages"}],"about":[{"href":"https:\/\/www.igp.gob.pe\/observatorios\/radio-observatorio-jicamarca\/index.php?rest_route=\/wp\/v2\/types\/page"}],"author":[{"embeddable":true,"href":"https:\/\/www.igp.gob.pe\/observatorios\/radio-observatorio-jicamarca\/index.php?rest_route=\/wp\/v2\/users\/1"}],"replies":[{"embeddable":true,"href":"https:\/\/www.igp.gob.pe\/observatorios\/radio-observatorio-jicamarca\/index.php?rest_route=%2Fwp%2Fv2%2Fcomments&post=2044"}],"version-history":[{"count":61,"href":"https:\/\/www.igp.gob.pe\/observatorios\/radio-observatorio-jicamarca\/index.php?rest_route=\/wp\/v2\/pages\/2044\/revisions"}],"predecessor-version":[{"id":14564,"href":"https:\/\/www.igp.gob.pe\/observatorios\/radio-observatorio-jicamarca\/index.php?rest_route=\/wp\/v2\/pages\/2044\/revisions\/14564"}],"up":[{"embeddable":true,"href":"https:\/\/www.igp.gob.pe\/observatorios\/radio-observatorio-jicamarca\/index.php?rest_route=\/wp\/v2\/pages\/30"}],"wp:attachment":[{"href":"https:\/\/www.igp.gob.pe\/observatorios\/radio-observatorio-jicamarca\/index.php?rest_route=%2Fwp%2Fv2%2Fmedia&parent=2044"}],"curies":[{"name":"wp","href":"https:\/\/api.w.org\/{rel}","templated":true}]}}