{"id":1650,"date":"2021-02-24T15:40:42","date_gmt":"2021-02-24T20:40:42","guid":{"rendered":"https:\/\/www.igp.gob.pe\/observatorios\/radio-observatorio-jicamarca\/?page_id=1650"},"modified":"2021-05-24T15:50:20","modified_gmt":"2021-05-24T20:50:20","slug":"ciri-2","status":"publish","type":"page","link":"https:\/\/www.igp.gob.pe\/observatorios\/radio-observatorio-jicamarca\/?page_id=1650","title":{"rendered":"CIRI"},"content":{"rendered":"\t\t<div data-elementor-type=\"wp-page\" data-elementor-id=\"1650\" class=\"elementor elementor-1650\" data-elementor-settings=\"[]\">\n\t\t\t\t\t\t<div class=\"elementor-inner\">\n\t\t\t\t\t\t\t<div class=\"elementor-section-wrap\">\n\t\t\t\t\t\t\t<section class=\"elementor-section elementor-top-section elementor-element elementor-element-61ce0f42 elementor-section-stretched elementor-section-boxed elementor-section-height-default elementor-section-height-default\" data-id=\"61ce0f42\" data-element_type=\"section\" data-settings=\"{&quot;stretch_section&quot;:&quot;section-stretched&quot;}\">\n\t\t\t\t\t\t<div class=\"elementor-container elementor-column-gap-default\">\n\t\t\t\t\t\t\t<div class=\"elementor-row\">\n\t\t\t\t\t<div class=\"elementor-column elementor-col-100 elementor-top-column elementor-element elementor-element-53b20b81\" data-id=\"53b20b81\" data-element_type=\"column\">\n\t\t\t<div class=\"elementor-column-wrap elementor-element-populated\">\n\t\t\t\t\t\t\t<div class=\"elementor-widget-wrap\">\n\t\t\t\t\t\t<div class=\"elementor-element elementor-element-682874b4 elementor-widget elementor-widget-text-editor\" data-id=\"682874b4\" data-element_type=\"widget\" data-widget_type=\"text-editor.default\">\n\t\t\t\t<div class=\"elementor-widget-container\">\n\t\t\t\t\t<div class=\"elementor-text-editor elementor-clearfix\"><p>CIRI<\/p><\/div>\n\t\t\t\t<\/div>\n\t\t\t\t<\/div>\n\t\t\t\t\t\t<\/div>\n\t\t\t\t\t<\/div>\n\t\t<\/div>\n\t\t\t\t\t\t\t\t<\/div>\n\t\t\t\t\t<\/div>\n\t\t<\/section>\n\t\t\t\t<section class=\"elementor-section elementor-top-section elementor-element elementor-element-5206f85d elementor-section-stretched elementor-section-boxed elementor-section-height-default elementor-section-height-default\" data-id=\"5206f85d\" data-element_type=\"section\" data-settings=\"{&quot;stretch_section&quot;:&quot;section-stretched&quot;}\">\n\t\t\t\t\t\t<div class=\"elementor-container elementor-column-gap-default\">\n\t\t\t\t\t\t\t<div class=\"elementor-row\">\n\t\t\t\t\t<div class=\"elementor-column elementor-col-100 elementor-top-column elementor-element elementor-element-3168ee4b\" data-id=\"3168ee4b\" data-element_type=\"column\">\n\t\t\t<div class=\"elementor-column-wrap elementor-element-populated\">\n\t\t\t\t\t\t\t<div class=\"elementor-widget-wrap\">\n\t\t\t\t\t\t<div class=\"elementor-element elementor-element-412307e elementor-widget elementor-widget-image\" data-id=\"412307e\" data-element_type=\"widget\" data-widget_type=\"image.default\">\n\t\t\t\t<div class=\"elementor-widget-container\">\n\t\t\t\t\t<div class=\"elementor-image\">\n\t\t\t\t\t\t\t\t\t\t<img loading=\"lazy\" decoding=\"async\" width=\"1486\" height=\"594\" src=\"https:\/\/www.igp.gob.pe\/observatorios\/radio-observatorio-jicamarca\/wp-content\/uploads\/2021\/01\/principal-fondo.png\" class=\"attachment-full size-full\" alt=\"\" srcset=\"https:\/\/www.igp.gob.pe\/observatorios\/radio-observatorio-jicamarca\/wp-content\/uploads\/2021\/01\/principal-fondo.png 1486w, https:\/\/www.igp.gob.pe\/observatorios\/radio-observatorio-jicamarca\/wp-content\/uploads\/2021\/01\/principal-fondo-300x120.png 300w, https:\/\/www.igp.gob.pe\/observatorios\/radio-observatorio-jicamarca\/wp-content\/uploads\/2021\/01\/principal-fondo-1024x409.png 1024w, https:\/\/www.igp.gob.pe\/observatorios\/radio-observatorio-jicamarca\/wp-content\/uploads\/2021\/01\/principal-fondo-768x307.png 768w\" sizes=\"auto, (max-width: 1486px) 100vw, 1486px\" \/>\t\t\t\t\t\t\t\t\t\t\t<\/div>\n\t\t\t\t<\/div>\n\t\t\t\t<\/div>\n\t\t\t\t\t\t<\/div>\n\t\t\t\t\t<\/div>\n\t\t<\/div>\n\t\t\t\t\t\t\t\t<\/div>\n\t\t\t\t\t<\/div>\n\t\t<\/section>\n\t\t\t\t<section class=\"elementor-section elementor-top-section elementor-element elementor-element-42422608 elementor-section-stretched elementor-section-boxed elementor-section-height-default elementor-section-height-default\" data-id=\"42422608\" data-element_type=\"section\" data-settings=\"{&quot;stretch_section&quot;:&quot;section-stretched&quot;}\">\n\t\t\t\t\t\t<div class=\"elementor-container elementor-column-gap-default\">\n\t\t\t\t\t\t\t<div class=\"elementor-row\">\n\t\t\t\t\t<div class=\"elementor-column elementor-col-100 elementor-top-column elementor-element elementor-element-437463d9\" data-id=\"437463d9\" data-element_type=\"column\">\n\t\t\t<div class=\"elementor-column-wrap elementor-element-populated\">\n\t\t\t\t\t\t\t<div class=\"elementor-widget-wrap\">\n\t\t\t\t\t\t<div class=\"elementor-element elementor-element-7133abd3 elementor-widget elementor-widget-text-editor\" data-id=\"7133abd3\" data-element_type=\"widget\" data-widget_type=\"text-editor.default\">\n\t\t\t\t<div class=\"elementor-widget-container\">\n\t\t\t\t\t<div class=\"elementor-text-editor elementor-clearfix\"><p style=\"text-align: justify;\"><span style=\"font-weight: 400;\">El radar CIRI (Cognitive Interferometry Radar Imager, por sus siglas en ingl\u00e9s) se encuentra ubicado en el Observatorio de Huancayo para realizar estudios de dispersi\u00f3n coherente de la ion\u00f3sfera ecuatorial. Se instal\u00f3 en Huancayo para funcionar como complemento del radar ionosf\u00e9rico del Radio Observatorio de Jicamarca, a fin de observar la dispersi\u00f3n coherente ocurrida en Jicamarca y luego ser observada en Huancayo y, finalmente,\u00a0 poder realizar conclusiones de las din\u00e1micas entre ambas ubicaciones.<\/span><\/p><\/div>\n\t\t\t\t<\/div>\n\t\t\t\t<\/div>\n\t\t\t\t\t\t<\/div>\n\t\t\t\t\t<\/div>\n\t\t<\/div>\n\t\t\t\t\t\t\t\t<\/div>\n\t\t\t\t\t<\/div>\n\t\t<\/section>\n\t\t\t\t\t\t<\/div>\n\t\t\t\t\t\t<\/div>\n\t\t\t\t\t<\/div>\n\t\t","protected":false},"excerpt":{"rendered":"<p>CIRI El radar CIRI (Cognitive Interferometry Radar Imager, por sus siglas en ingl\u00e9s) se encuentra ubicado en el Observatorio de Huancayo para realizar estudios de dispersi\u00f3n coherente de la ion\u00f3sfera ecuatorial. Se instal\u00f3 en Huancayo para funcionar como complemento del radar ionosf\u00e9rico del Radio Observatorio de Jicamarca, a fin de [&hellip;]<\/p>\n","protected":false},"author":1,"featured_media":0,"parent":6071,"menu_order":0,"comment_status":"closed","ping_status":"closed","template":"page-templates\/template-fullwidth.php","meta":{"footnotes":""},"class_list":["post-1650","page","type-page","status-publish","hentry"],"jetpack_sharing_enabled":true,"_links":{"self":[{"href":"https:\/\/www.igp.gob.pe\/observatorios\/radio-observatorio-jicamarca\/index.php?rest_route=\/wp\/v2\/pages\/1650","targetHints":{"allow":["GET"]}}],"collection":[{"href":"https:\/\/www.igp.gob.pe\/observatorios\/radio-observatorio-jicamarca\/index.php?rest_route=\/wp\/v2\/pages"}],"about":[{"href":"https:\/\/www.igp.gob.pe\/observatorios\/radio-observatorio-jicamarca\/index.php?rest_route=\/wp\/v2\/types\/page"}],"author":[{"embeddable":true,"href":"https:\/\/www.igp.gob.pe\/observatorios\/radio-observatorio-jicamarca\/index.php?rest_route=\/wp\/v2\/users\/1"}],"replies":[{"embeddable":true,"href":"https:\/\/www.igp.gob.pe\/observatorios\/radio-observatorio-jicamarca\/index.php?rest_route=%2Fwp%2Fv2%2Fcomments&post=1650"}],"version-history":[{"count":10,"href":"https:\/\/www.igp.gob.pe\/observatorios\/radio-observatorio-jicamarca\/index.php?rest_route=\/wp\/v2\/pages\/1650\/revisions"}],"predecessor-version":[{"id":4932,"href":"https:\/\/www.igp.gob.pe\/observatorios\/radio-observatorio-jicamarca\/index.php?rest_route=\/wp\/v2\/pages\/1650\/revisions\/4932"}],"up":[{"embeddable":true,"href":"https:\/\/www.igp.gob.pe\/observatorios\/radio-observatorio-jicamarca\/index.php?rest_route=\/wp\/v2\/pages\/6071"}],"wp:attachment":[{"href":"https:\/\/www.igp.gob.pe\/observatorios\/radio-observatorio-jicamarca\/index.php?rest_route=%2Fwp%2Fv2%2Fmedia&parent=1650"}],"curies":[{"name":"wp","href":"https:\/\/api.w.org\/{rel}","templated":true}]}}