{"id":1634,"date":"2021-02-24T15:22:56","date_gmt":"2021-02-24T20:22:56","guid":{"rendered":"https:\/\/www.igp.gob.pe\/observatorios\/radio-observatorio-jicamarca\/?page_id=1634"},"modified":"2021-04-26T12:35:39","modified_gmt":"2021-04-26T17:35:39","slug":"programa-de-ayuda-en-linea","status":"publish","type":"page","link":"https:\/\/www.igp.gob.pe\/observatorios\/radio-observatorio-jicamarca\/?page_id=1634","title":{"rendered":"PROGRAMA DE AYUDA EN L\u00cdNEA"},"content":{"rendered":"\t\t<div data-elementor-type=\"wp-page\" data-elementor-id=\"1634\" class=\"elementor elementor-1634\" data-elementor-settings=\"[]\">\n\t\t\t\t\t\t<div class=\"elementor-inner\">\n\t\t\t\t\t\t\t<div class=\"elementor-section-wrap\">\n\t\t\t\t\t\t\t<section class=\"elementor-section elementor-top-section elementor-element elementor-element-3364b0e elementor-section-stretched elementor-section-boxed elementor-section-height-default elementor-section-height-default\" data-id=\"3364b0e\" data-element_type=\"section\" data-settings=\"{&quot;stretch_section&quot;:&quot;section-stretched&quot;}\">\n\t\t\t\t\t\t<div class=\"elementor-container elementor-column-gap-default\">\n\t\t\t\t\t\t\t<div class=\"elementor-row\">\n\t\t\t\t\t<div class=\"elementor-column elementor-col-100 elementor-top-column elementor-element elementor-element-2a31d6f\" data-id=\"2a31d6f\" data-element_type=\"column\">\n\t\t\t<div class=\"elementor-column-wrap elementor-element-populated\">\n\t\t\t\t\t\t\t<div class=\"elementor-widget-wrap\">\n\t\t\t\t\t\t<div class=\"elementor-element elementor-element-2747367 elementor-widget elementor-widget-text-editor\" data-id=\"2747367\" data-element_type=\"widget\" data-widget_type=\"text-editor.default\">\n\t\t\t\t<div class=\"elementor-widget-container\">\n\t\t\t\t\t<div class=\"elementor-text-editor elementor-clearfix\"><p>PROGRAMA DE AYUDA EN L\u00cdNEA<\/p><\/div>\n\t\t\t\t<\/div>\n\t\t\t\t<\/div>\n\t\t\t\t\t\t<\/div>\n\t\t\t\t\t<\/div>\n\t\t<\/div>\n\t\t\t\t\t\t\t\t<\/div>\n\t\t\t\t\t<\/div>\n\t\t<\/section>\n\t\t\t\t<section class=\"elementor-section elementor-top-section elementor-element elementor-element-6646cda elementor-section-stretched elementor-section-boxed elementor-section-height-default elementor-section-height-default\" data-id=\"6646cda\" data-element_type=\"section\" data-settings=\"{&quot;stretch_section&quot;:&quot;section-stretched&quot;}\">\n\t\t\t\t\t\t<div class=\"elementor-container elementor-column-gap-default\">\n\t\t\t\t\t\t\t<div class=\"elementor-row\">\n\t\t\t\t\t<div class=\"elementor-column elementor-col-100 elementor-top-column elementor-element elementor-element-350c4d8\" data-id=\"350c4d8\" data-element_type=\"column\">\n\t\t\t<div class=\"elementor-column-wrap elementor-element-populated\">\n\t\t\t\t\t\t\t<div class=\"elementor-widget-wrap\">\n\t\t\t\t\t\t<div class=\"elementor-element elementor-element-7c22585 elementor-widget elementor-widget-text-editor\" data-id=\"7c22585\" data-element_type=\"widget\" data-widget_type=\"text-editor.default\">\n\t\t\t\t<div class=\"elementor-widget-container\">\n\t\t\t\t\t<div class=\"elementor-text-editor elementor-clearfix\"><p style=\"text-align: justify;\"><span style=\"font-weight: 400;\">Una serie de programas de consulta es incluida en esta p\u00e1gina como ayuda al personal de nuestro Radio Observatorio.<\/span><\/p><ul><li style=\"text-align: justify;\"><a href=\"\/jro\/?page_id=2231\" target=\"_self\">Ruido del Cielo<\/a><\/li><li style=\"text-align: justify;\"><a href=\"\/jro\/?page_id=2240\">Nuevo Sobre Jicamarca<\/a><span>\u00a0<\/span>\u00a0\u00a0<a href=\"\/jro\/?page_id=2248\">Sobre Jicamarca<\/a><span>\u00a0<\/span>(bajar<span>\u00a0<\/span><a href=\"\/jro\/?page_id=2250\">versi\u00f3n IDL 6.3 .sav<\/a>\u00a0 [archivo zip] <span>\u00a0<\/span>11 de Dic. 2006)<\/li><li><a title=\"Esta tabla muestra los d\u00edas de un a\u00f1o en forma de n\u00fameros.\" href=\"\/jro\/?page_id=2252\">D\u00edas del A\u00f1o (Tabla)<\/a><\/li><li style=\"text-align: justify;\"><a href=\"\/jro\/?page_id=2253\" target=\"_blank\" rel=\"noopener\">Patr\u00f3n de Radiaci\u00f3n de la Antena de Jicamarca<\/a><\/li><li style=\"text-align: justify;\"><a target=\"_blank\" title=\"Basado en mediciones hechas por la Digisonda en Jicamarca, este programa detenermina en condiciones actuales la Frecuencia M\u00e1xima Utilizable para diferentes enlaces de comunicaci\u00f3n HF dentro del Per\u00fa.\" href=\"\/jro\/?page_id=2254\" rel=\"noopener\">Frecuencias M\u00e1ximas Utilizables (MUF) en Per\u00fa<\/a><\/li><li style=\"text-align: justify;\"><a target=\"_blank\" title=\"Este programa habilita un trazado del model empirico de la deriva vertical para zona ecuatorial. Entre otras variables, el usuario especifica la fecha, el flujo solar, etc.\" href=\"\/jro\/?page_id=2255\" rel=\"noopener\">Modelo de la Deriva Vertical para zona Ecuatorial<\/a><\/li><\/ul><\/div>\n\t\t\t\t<\/div>\n\t\t\t\t<\/div>\n\t\t\t\t\t\t<\/div>\n\t\t\t\t\t<\/div>\n\t\t<\/div>\n\t\t\t\t\t\t\t\t<\/div>\n\t\t\t\t\t<\/div>\n\t\t<\/section>\n\t\t\t\t\t\t<\/div>\n\t\t\t\t\t\t<\/div>\n\t\t\t\t\t<\/div>\n\t\t","protected":false},"excerpt":{"rendered":"<p>PROGRAMA DE AYUDA EN L\u00cdNEA Una serie de programas de consulta es incluida en esta p\u00e1gina como ayuda al personal de nuestro Radio Observatorio. Ruido del Cielo Nuevo Sobre Jicamarca\u00a0\u00a0\u00a0Sobre Jicamarca\u00a0(bajar\u00a0versi\u00f3n IDL 6.3 .sav\u00a0 [archivo zip] \u00a011 de Dic. 2006) D\u00edas del A\u00f1o (Tabla) Patr\u00f3n de Radiaci\u00f3n de la Antena [&hellip;]<\/p>\n","protected":false},"author":1,"featured_media":0,"parent":1469,"menu_order":0,"comment_status":"closed","ping_status":"closed","template":"page-templates\/template-fullwidth.php","meta":{"footnotes":""},"class_list":["post-1634","page","type-page","status-publish","hentry"],"jetpack_sharing_enabled":true,"_links":{"self":[{"href":"https:\/\/www.igp.gob.pe\/observatorios\/radio-observatorio-jicamarca\/index.php?rest_route=\/wp\/v2\/pages\/1634","targetHints":{"allow":["GET"]}}],"collection":[{"href":"https:\/\/www.igp.gob.pe\/observatorios\/radio-observatorio-jicamarca\/index.php?rest_route=\/wp\/v2\/pages"}],"about":[{"href":"https:\/\/www.igp.gob.pe\/observatorios\/radio-observatorio-jicamarca\/index.php?rest_route=\/wp\/v2\/types\/page"}],"author":[{"embeddable":true,"href":"https:\/\/www.igp.gob.pe\/observatorios\/radio-observatorio-jicamarca\/index.php?rest_route=\/wp\/v2\/users\/1"}],"replies":[{"embeddable":true,"href":"https:\/\/www.igp.gob.pe\/observatorios\/radio-observatorio-jicamarca\/index.php?rest_route=%2Fwp%2Fv2%2Fcomments&post=1634"}],"version-history":[{"count":28,"href":"https:\/\/www.igp.gob.pe\/observatorios\/radio-observatorio-jicamarca\/index.php?rest_route=\/wp\/v2\/pages\/1634\/revisions"}],"predecessor-version":[{"id":4914,"href":"https:\/\/www.igp.gob.pe\/observatorios\/radio-observatorio-jicamarca\/index.php?rest_route=\/wp\/v2\/pages\/1634\/revisions\/4914"}],"up":[{"embeddable":true,"href":"https:\/\/www.igp.gob.pe\/observatorios\/radio-observatorio-jicamarca\/index.php?rest_route=\/wp\/v2\/pages\/1469"}],"wp:attachment":[{"href":"https:\/\/www.igp.gob.pe\/observatorios\/radio-observatorio-jicamarca\/index.php?rest_route=%2Fwp%2Fv2%2Fmedia&parent=1634"}],"curies":[{"name":"wp","href":"https:\/\/api.w.org\/{rel}","templated":true}]}}