{"id":1603,"date":"2021-02-24T15:04:12","date_gmt":"2021-02-24T20:04:12","guid":{"rendered":"https:\/\/www.igp.gob.pe\/observatorios\/radio-observatorio-jicamarca\/?page_id=1603"},"modified":"2021-04-26T12:25:13","modified_gmt":"2021-04-26T17:25:13","slug":"doble-pulso-de-faraday","status":"publish","type":"page","link":"https:\/\/www.igp.gob.pe\/observatorios\/radio-observatorio-jicamarca\/?page_id=1603","title":{"rendered":"DOBLE PULSO DE FARADAY"},"content":{"rendered":"\t\t<div data-elementor-type=\"wp-page\" data-elementor-id=\"1603\" class=\"elementor elementor-1603\" data-elementor-settings=\"[]\">\n\t\t\t\t\t\t<div class=\"elementor-inner\">\n\t\t\t\t\t\t\t<div class=\"elementor-section-wrap\">\n\t\t\t\t\t\t\t<section class=\"elementor-section elementor-top-section elementor-element elementor-element-cfccd75 elementor-section-stretched elementor-section-boxed elementor-section-height-default elementor-section-height-default\" data-id=\"cfccd75\" data-element_type=\"section\" data-settings=\"{&quot;stretch_section&quot;:&quot;section-stretched&quot;}\">\n\t\t\t\t\t\t<div class=\"elementor-container elementor-column-gap-default\">\n\t\t\t\t\t\t\t<div class=\"elementor-row\">\n\t\t\t\t\t<div class=\"elementor-column elementor-col-100 elementor-top-column elementor-element elementor-element-2cf7b9a\" data-id=\"2cf7b9a\" data-element_type=\"column\">\n\t\t\t<div class=\"elementor-column-wrap elementor-element-populated\">\n\t\t\t\t\t\t\t<div class=\"elementor-widget-wrap\">\n\t\t\t\t\t\t<div class=\"elementor-element elementor-element-d9efec7 elementor-widget elementor-widget-text-editor\" data-id=\"d9efec7\" data-element_type=\"widget\" data-widget_type=\"text-editor.default\">\n\t\t\t\t<div class=\"elementor-widget-container\">\n\t\t\t\t\t<div class=\"elementor-text-editor elementor-clearfix\"><p>DOBLE PULSO DE FARADAY<\/p><\/div>\n\t\t\t\t<\/div>\n\t\t\t\t<\/div>\n\t\t\t\t\t\t<\/div>\n\t\t\t\t\t<\/div>\n\t\t<\/div>\n\t\t\t\t\t\t\t\t<\/div>\n\t\t\t\t\t<\/div>\n\t\t<\/section>\n\t\t\t\t<section class=\"elementor-section elementor-top-section elementor-element elementor-element-549b491 elementor-section-stretched elementor-section-boxed elementor-section-height-default elementor-section-height-default\" data-id=\"549b491\" data-element_type=\"section\" data-settings=\"{&quot;stretch_section&quot;:&quot;section-stretched&quot;}\">\n\t\t\t\t\t\t<div class=\"elementor-container elementor-column-gap-default\">\n\t\t\t\t\t\t\t<div class=\"elementor-row\">\n\t\t\t\t\t<div class=\"elementor-column elementor-col-100 elementor-top-column elementor-element elementor-element-6605f2f\" data-id=\"6605f2f\" data-element_type=\"column\">\n\t\t\t<div class=\"elementor-column-wrap elementor-element-populated\">\n\t\t\t\t\t\t\t<div class=\"elementor-widget-wrap\">\n\t\t\t\t\t\t<div class=\"elementor-element elementor-element-831e776 elementor-widget elementor-widget-text-editor\" data-id=\"831e776\" data-element_type=\"widget\" data-widget_type=\"text-editor.default\">\n\t\t\t\t<div class=\"elementor-widget-container\">\n\t\t\t\t\t<div class=\"elementor-text-editor elementor-clearfix\"><p style=\"text-align: justify;\"><span style=\"font-weight: 400;\">Debido a la frecuencia de operaci\u00f3n y orientaci\u00f3n del haz, Jicamarca es el \u00fanico radio observatorio de dispersi\u00f3n incoherente que usa mediciones de rotaci\u00f3n de Faraday rutinariamente para obtener densidades de electrones absolutas a altitudes a pocos cientos de kil\u00f3metros. Estos perfiles de Faraday son extendidos a grandes altitudes al aplicarles informaci\u00f3n de perfiles de potencia. Las mediciones de la funci\u00f3n de autocorrelaci\u00f3n en altitudes de la regi\u00f3n F tambi\u00e9n son realizadas de una forma \u00fanica en Jicamarca (t\u00e9cnica del Doble Pulso), por lo menos a altitudes de la regi\u00f3n F. Los pares de pulsos ortogonalmente polarizados (circulares en izquierda y derecha) son transmitidos con una separaci\u00f3n c\u00edclica variada para generar la funci\u00f3n de autocorrelaci\u00f3n. Por lo general, se utilizan retardos incluyendo el cero. Los retardos cortos tambi\u00e9n producen informaci\u00f3n \u00fatil de rotaci\u00f3n de Faraday. Una ventaja de esta t\u00e9cnica es que elimina los ecos desordenados que se agregan al ruido asociado con los esquemas de transmisi\u00f3n de doble pulso o m\u00faltiple. En contraparte, las mediciones de pulsos m\u00faltiples son m\u00e1s eficientes, estad\u00edsticamente, en especial cuando la se\u00f1al a la tasa de ruido es baja. Desafortunadamente, los pulsos m\u00faltiples no pueden ser usados con efectividad en las mediciones de\u00a0 la regi\u00f3n F en Jicamarca debido a interferencias fuertes de ruido desordenado generado por la dispersi\u00f3n coherente del electrochorro ecuatorial (EEJ) en la regi\u00f3n E.<\/span><\/p><p style=\"text-align: justify;\"><span style=\"font-weight: 400;\">Los detalles de los procedimientos para la medici\u00f3n de densidad y los perfiles de funci\u00f3n de autocorrelaci\u00f3n desarrollados en Jicamarca a comienzos de los 60 son descritos en Farley [1969 ]. Para la mayor parte, estos mismos procedimientos a\u00fan son usados, con el \u00fanico cambio que muchos de los esquemas de compensaci\u00f3n anal\u00f3gicas originales, dise\u00f1ados para tratar los diversos errores sistem\u00e1ticos potenciales, han sido reemplazados con algoritmos digitales m\u00e1s precisos. Esto es particularmente cierto para las observaciones de rotaci\u00f3n de Faraday (J. Pingree, Ph. Tesis en la Universidad de\u00a0 Cornell, 1990).\u00a0 El aumento de la potencia de las computadoras hoy en d\u00eda hace posible procesar y analizar la informaci\u00f3n en modos m\u00e1s sofisticados que en el pasado, y algunos de los \u201ctrucos\u201d (ejemplo c\u00e1lculos h\u00edbridos ACF, multiplicaci\u00f3n por medio de cuadrados y la utilizaci\u00f3n de tablas)\u00a0 usados para compensar las limitaciones computacionales ya no son necesarios, aunque los procedimientos b\u00e1sicos no hayan cambiado.<\/span><\/p><p style=\"text-align: justify;\"><span style=\"font-weight: 400;\">La informaci\u00f3n recolectada por muchos a\u00f1os sobre la temperatura, densidad y composici\u00f3n con esta t\u00e9cnica est\u00e1 disponible en el website de la <\/span><a href=\"https:\/\/www.igp.gob.pe\/observatorios\/radio-observatorio-jicamarca\/\/?page_id=2329\"><span style=\"font-weight: 400;\">base de datos de Madrigal\u00a0<\/span><\/a><\/p><p style=\"text-align: justify;\"><span style=\"font-weight: 400;\">Recientemente este modo ha sido actualizado para obtener drifts verticales durante el d\u00eda en la regi\u00f3n F de los llamados ecos a 150 km. [Aponte et al. 1997].<\/span><\/p><p style=\"text-align: justify;\"><span style=\"font-weight: 400;\">Actualmente, los par\u00e1metros t\u00edpicos de observaci\u00f3n son: IPP = 1500 km, ancho del pulso = 15 km, direcci\u00f3n de apunte de la antena = 4.5o (sol\u00eda ser 3o ) (con el tiempo, el \u00e1ngulo se va reduciendo), rango de muestreo =100-1400 km. Estad\u00edsticas de correlaci\u00f3n cruzada de un minuto son registradas en tiempo real. Estimaciones r\u00e1pidas ionosf\u00e9ricas tamb\u00eden son obtenidas en tiempo real cada 15 minutos y un procesamiento m\u00e1s refinado es realizado m\u00e1s tarde (improved ground and EEJ clutter rejection and satellite cleaning).<\/span><\/p><\/div>\n\t\t\t\t<\/div>\n\t\t\t\t<\/div>\n\t\t\t\t\t\t<\/div>\n\t\t\t\t\t<\/div>\n\t\t<\/div>\n\t\t\t\t\t\t\t\t<\/div>\n\t\t\t\t\t<\/div>\n\t\t<\/section>\n\t\t\t\t<section class=\"elementor-section elementor-top-section elementor-element elementor-element-5e8eaec elementor-section-stretched elementor-section-boxed elementor-section-height-default elementor-section-height-default\" data-id=\"5e8eaec\" data-element_type=\"section\" data-settings=\"{&quot;stretch_section&quot;:&quot;section-stretched&quot;}\">\n\t\t\t\t\t\t<div class=\"elementor-container elementor-column-gap-default\">\n\t\t\t\t\t\t\t<div class=\"elementor-row\">\n\t\t\t\t\t<div class=\"elementor-column elementor-col-100 elementor-top-column elementor-element elementor-element-3eceac3\" data-id=\"3eceac3\" data-element_type=\"column\">\n\t\t\t<div class=\"elementor-column-wrap elementor-element-populated\">\n\t\t\t\t\t\t\t<div class=\"elementor-widget-wrap\">\n\t\t\t\t\t\t<div class=\"elementor-element elementor-element-8f6dd5d elementor-widget elementor-widget-image\" data-id=\"8f6dd5d\" data-element_type=\"widget\" data-widget_type=\"image.default\">\n\t\t\t\t<div class=\"elementor-widget-container\">\n\t\t\t\t\t<div class=\"elementor-image\">\n\t\t\t\t\t\t\t\t\t\t<img loading=\"lazy\" decoding=\"async\" width=\"724\" height=\"485\" src=\"https:\/\/www.igp.gob.pe\/observatorios\/radio-observatorio-jicamarca\/wp-content\/uploads\/2021\/02\/density_1998_april_28.jpg\" class=\"attachment-full size-full\" alt=\"\" srcset=\"https:\/\/www.igp.gob.pe\/observatorios\/radio-observatorio-jicamarca\/wp-content\/uploads\/2021\/02\/density_1998_april_28.jpg 724w, https:\/\/www.igp.gob.pe\/observatorios\/radio-observatorio-jicamarca\/wp-content\/uploads\/2021\/02\/density_1998_april_28-300x201.jpg 300w, https:\/\/www.igp.gob.pe\/observatorios\/radio-observatorio-jicamarca\/wp-content\/uploads\/2021\/02\/density_1998_april_28-360x240.jpg 360w\" sizes=\"auto, (max-width: 724px) 100vw, 724px\" \/>\t\t\t\t\t\t\t\t\t\t\t<\/div>\n\t\t\t\t<\/div>\n\t\t\t\t<\/div>\n\t\t\t\t\t\t<\/div>\n\t\t\t\t\t<\/div>\n\t\t<\/div>\n\t\t\t\t\t\t\t\t<\/div>\n\t\t\t\t\t<\/div>\n\t\t<\/section>\n\t\t\t\t\t\t<\/div>\n\t\t\t\t\t\t<\/div>\n\t\t\t\t\t<\/div>\n\t\t","protected":false},"excerpt":{"rendered":"<p>DOBLE PULSO DE FARADAY Debido a la frecuencia de operaci\u00f3n y orientaci\u00f3n del haz, Jicamarca es el \u00fanico radio observatorio de dispersi\u00f3n incoherente que usa mediciones de rotaci\u00f3n de Faraday rutinariamente para obtener densidades de electrones absolutas a altitudes a pocos cientos de kil\u00f3metros. Estos perfiles de Faraday son extendidos [&hellip;]<\/p>\n","protected":false},"author":1,"featured_media":0,"parent":1580,"menu_order":0,"comment_status":"closed","ping_status":"closed","template":"page-templates\/template-fullwidth.php","meta":{"footnotes":""},"class_list":["post-1603","page","type-page","status-publish","hentry"],"jetpack_sharing_enabled":true,"_links":{"self":[{"href":"https:\/\/www.igp.gob.pe\/observatorios\/radio-observatorio-jicamarca\/index.php?rest_route=\/wp\/v2\/pages\/1603","targetHints":{"allow":["GET"]}}],"collection":[{"href":"https:\/\/www.igp.gob.pe\/observatorios\/radio-observatorio-jicamarca\/index.php?rest_route=\/wp\/v2\/pages"}],"about":[{"href":"https:\/\/www.igp.gob.pe\/observatorios\/radio-observatorio-jicamarca\/index.php?rest_route=\/wp\/v2\/types\/page"}],"author":[{"embeddable":true,"href":"https:\/\/www.igp.gob.pe\/observatorios\/radio-observatorio-jicamarca\/index.php?rest_route=\/wp\/v2\/users\/1"}],"replies":[{"embeddable":true,"href":"https:\/\/www.igp.gob.pe\/observatorios\/radio-observatorio-jicamarca\/index.php?rest_route=%2Fwp%2Fv2%2Fcomments&post=1603"}],"version-history":[{"count":10,"href":"https:\/\/www.igp.gob.pe\/observatorios\/radio-observatorio-jicamarca\/index.php?rest_route=\/wp\/v2\/pages\/1603\/revisions"}],"predecessor-version":[{"id":4898,"href":"https:\/\/www.igp.gob.pe\/observatorios\/radio-observatorio-jicamarca\/index.php?rest_route=\/wp\/v2\/pages\/1603\/revisions\/4898"}],"up":[{"embeddable":true,"href":"https:\/\/www.igp.gob.pe\/observatorios\/radio-observatorio-jicamarca\/index.php?rest_route=\/wp\/v2\/pages\/1580"}],"wp:attachment":[{"href":"https:\/\/www.igp.gob.pe\/observatorios\/radio-observatorio-jicamarca\/index.php?rest_route=%2Fwp%2Fv2%2Fmedia&parent=1603"}],"curies":[{"name":"wp","href":"https:\/\/api.w.org\/{rel}","templated":true}]}}