{"id":1602,"date":"2021-02-24T15:04:10","date_gmt":"2021-02-24T20:04:10","guid":{"rendered":"https:\/\/www.igp.gob.pe\/observatorios\/radio-observatorio-jicamarca\/?page_id=1602"},"modified":"2021-04-26T12:27:14","modified_gmt":"2021-04-26T17:27:14","slug":"hibrido-ac-faraday","status":"publish","type":"page","link":"https:\/\/www.igp.gob.pe\/observatorios\/radio-observatorio-jicamarca\/?page_id=1602","title":{"rendered":"H\u00cdBRIDO AC FARADAY"},"content":{"rendered":"\t\t<div data-elementor-type=\"wp-page\" data-elementor-id=\"1602\" class=\"elementor elementor-1602\" data-elementor-settings=\"[]\">\n\t\t\t\t\t\t<div class=\"elementor-inner\">\n\t\t\t\t\t\t\t<div class=\"elementor-section-wrap\">\n\t\t\t\t\t\t\t<section class=\"elementor-section elementor-top-section elementor-element elementor-element-d942f5e elementor-section-stretched elementor-section-boxed elementor-section-height-default elementor-section-height-default\" data-id=\"d942f5e\" data-element_type=\"section\" data-settings=\"{&quot;stretch_section&quot;:&quot;section-stretched&quot;}\">\n\t\t\t\t\t\t<div class=\"elementor-container elementor-column-gap-default\">\n\t\t\t\t\t\t\t<div class=\"elementor-row\">\n\t\t\t\t\t<div class=\"elementor-column elementor-col-100 elementor-top-column elementor-element elementor-element-d4a62d5\" data-id=\"d4a62d5\" data-element_type=\"column\">\n\t\t\t<div class=\"elementor-column-wrap elementor-element-populated\">\n\t\t\t\t\t\t\t<div class=\"elementor-widget-wrap\">\n\t\t\t\t\t\t<div class=\"elementor-element elementor-element-53a9f8b elementor-widget elementor-widget-text-editor\" data-id=\"53a9f8b\" data-element_type=\"widget\" data-widget_type=\"text-editor.default\">\n\t\t\t\t<div class=\"elementor-widget-container\">\n\t\t\t\t\t<div class=\"elementor-text-editor elementor-clearfix\"><p>H\u00cdBRIDO AC FARADAY<\/p><\/div>\n\t\t\t\t<\/div>\n\t\t\t\t<\/div>\n\t\t\t\t\t\t<\/div>\n\t\t\t\t\t<\/div>\n\t\t<\/div>\n\t\t\t\t\t\t\t\t<\/div>\n\t\t\t\t\t<\/div>\n\t\t<\/section>\n\t\t\t\t<section class=\"elementor-section elementor-top-section elementor-element elementor-element-1b3c8da elementor-section-stretched elementor-section-boxed elementor-section-height-default elementor-section-height-default\" data-id=\"1b3c8da\" data-element_type=\"section\" data-settings=\"{&quot;stretch_section&quot;:&quot;section-stretched&quot;}\">\n\t\t\t\t\t\t<div class=\"elementor-container elementor-column-gap-default\">\n\t\t\t\t\t\t\t<div class=\"elementor-row\">\n\t\t\t\t\t<div class=\"elementor-column elementor-col-100 elementor-top-column elementor-element elementor-element-cb67af3\" data-id=\"cb67af3\" data-element_type=\"column\">\n\t\t\t<div class=\"elementor-column-wrap elementor-element-populated\">\n\t\t\t\t\t\t\t<div class=\"elementor-widget-wrap\">\n\t\t\t\t\t\t<div class=\"elementor-element elementor-element-f3559e4 elementor-widget elementor-widget-text-editor\" data-id=\"f3559e4\" data-element_type=\"widget\" data-widget_type=\"text-editor.default\">\n\t\t\t\t<div class=\"elementor-widget-container\">\n\t\t\t\t\t<div class=\"elementor-text-editor elementor-clearfix\"><p style=\"text-align: justify;\"><span style=\"font-weight: 400;\">Este modo combina el c\u00f3digo alternante y el del pulso doble de Faraday en un solo experimento. El pulso doble de Faraday provee estimados absolutos del perfil de densidad del electr\u00f3n y provee de medidas de la funci\u00f3n de autocorrelaci\u00f3n\u00a0 hasta altitudes justo por encima del valle de Jicamarca.\u00a0 N\u00f3tese que para el modo de c\u00f3digo alternante no se pueden obtener datos \u00fatiles a alturas menores que 450 km. La estimaci\u00f3n de par\u00e1metro de la data generada por el doble pulso es lo suficientemente exacto a altitudes cerca del pico F, donde la tasa de se\u00f1al a ruido es alta. El experimento del doble pulso puede a\u00fan mejorar al experimento del c\u00f3digo alternante la performance estad\u00edstica ya que la primera no est\u00e1 limitada al ruido desordenado. El an\u00e1lisis de error para el experimento del doble pulso es directo ya que los errores estad\u00edsticos asociados a cada retardo de la funci\u00f3n de autocorrelaci\u00f3n no est\u00e1n correlacionados.<\/span><\/p><p style=\"text-align: justify;\"><span style=\"font-weight: 400;\">Recientemente, se ha podido implementar este modo con \u00e9xito y se espera usarlo en un futuro cercano para reemplazar al modo convencional del doble pulso de Faraday.<\/span><\/p><p style=\"text-align: justify;\"><span style=\"font-weight: 400;\">El experimento del c\u00f3digo alternante es realizado con los siguientes par\u00e1metros:\u00a0 IPP = 6000 km, PW = 240 km, BW= 15 km, bits por c\u00f3digo = 16, n\u00famero de c\u00f3digos=128 (C\u00f3digos AC al azar). El modo DP de Faraday es realizado cada IPP pero retardado 3000 km, donde los echos del modo AC no se esperan. No se necesita informaci\u00f3n de la ionosonda para normalizar las mediciones de potencia ya que la normalizaci\u00f3n es realizada con las mediciones de Faraday a alturas inferiores.<\/span><\/p><\/div>\n\t\t\t\t<\/div>\n\t\t\t\t<\/div>\n\t\t\t\t\t\t<\/div>\n\t\t\t\t\t<\/div>\n\t\t<\/div>\n\t\t\t\t\t\t\t\t<\/div>\n\t\t\t\t\t<\/div>\n\t\t<\/section>\n\t\t\t\t\t\t<\/div>\n\t\t\t\t\t\t<\/div>\n\t\t\t\t\t<\/div>\n\t\t","protected":false},"excerpt":{"rendered":"<p>H\u00cdBRIDO AC FARADAY Este modo combina el c\u00f3digo alternante y el del pulso doble de Faraday en un solo experimento. El pulso doble de Faraday provee estimados absolutos del perfil de densidad del electr\u00f3n y provee de medidas de la funci\u00f3n de autocorrelaci\u00f3n\u00a0 hasta altitudes justo por encima del valle [&hellip;]<\/p>\n","protected":false},"author":1,"featured_media":0,"parent":1580,"menu_order":0,"comment_status":"closed","ping_status":"closed","template":"page-templates\/template-fullwidth.php","meta":{"footnotes":""},"class_list":["post-1602","page","type-page","status-publish","hentry"],"jetpack_sharing_enabled":true,"_links":{"self":[{"href":"https:\/\/www.igp.gob.pe\/observatorios\/radio-observatorio-jicamarca\/index.php?rest_route=\/wp\/v2\/pages\/1602","targetHints":{"allow":["GET"]}}],"collection":[{"href":"https:\/\/www.igp.gob.pe\/observatorios\/radio-observatorio-jicamarca\/index.php?rest_route=\/wp\/v2\/pages"}],"about":[{"href":"https:\/\/www.igp.gob.pe\/observatorios\/radio-observatorio-jicamarca\/index.php?rest_route=\/wp\/v2\/types\/page"}],"author":[{"embeddable":true,"href":"https:\/\/www.igp.gob.pe\/observatorios\/radio-observatorio-jicamarca\/index.php?rest_route=\/wp\/v2\/users\/1"}],"replies":[{"embeddable":true,"href":"https:\/\/www.igp.gob.pe\/observatorios\/radio-observatorio-jicamarca\/index.php?rest_route=%2Fwp%2Fv2%2Fcomments&post=1602"}],"version-history":[{"count":7,"href":"https:\/\/www.igp.gob.pe\/observatorios\/radio-observatorio-jicamarca\/index.php?rest_route=\/wp\/v2\/pages\/1602\/revisions"}],"predecessor-version":[{"id":4904,"href":"https:\/\/www.igp.gob.pe\/observatorios\/radio-observatorio-jicamarca\/index.php?rest_route=\/wp\/v2\/pages\/1602\/revisions\/4904"}],"up":[{"embeddable":true,"href":"https:\/\/www.igp.gob.pe\/observatorios\/radio-observatorio-jicamarca\/index.php?rest_route=\/wp\/v2\/pages\/1580"}],"wp:attachment":[{"href":"https:\/\/www.igp.gob.pe\/observatorios\/radio-observatorio-jicamarca\/index.php?rest_route=%2Fwp%2Fv2%2Fmedia&parent=1602"}],"curies":[{"name":"wp","href":"https:\/\/api.w.org\/{rel}","templated":true}]}}