{"id":1601,"date":"2021-02-24T15:04:46","date_gmt":"2021-02-24T20:04:46","guid":{"rendered":"https:\/\/www.igp.gob.pe\/observatorios\/radio-observatorio-jicamarca\/?page_id=1601"},"modified":"2021-04-26T12:26:33","modified_gmt":"2021-04-26T17:26:33","slug":"fase-diferencial","status":"publish","type":"page","link":"https:\/\/www.igp.gob.pe\/observatorios\/radio-observatorio-jicamarca\/?page_id=1601","title":{"rendered":"FASE DIFERENCIAL"},"content":{"rendered":"\t\t<div data-elementor-type=\"wp-page\" data-elementor-id=\"1601\" class=\"elementor elementor-1601\" data-elementor-settings=\"[]\">\n\t\t\t\t\t\t<div class=\"elementor-inner\">\n\t\t\t\t\t\t\t<div class=\"elementor-section-wrap\">\n\t\t\t\t\t\t\t<section class=\"elementor-section elementor-top-section elementor-element elementor-element-dea79ac elementor-section-stretched elementor-section-boxed elementor-section-height-default elementor-section-height-default\" data-id=\"dea79ac\" data-element_type=\"section\" data-settings=\"{&quot;stretch_section&quot;:&quot;section-stretched&quot;}\">\n\t\t\t\t\t\t<div class=\"elementor-container elementor-column-gap-default\">\n\t\t\t\t\t\t\t<div class=\"elementor-row\">\n\t\t\t\t\t<div class=\"elementor-column elementor-col-100 elementor-top-column elementor-element elementor-element-1e80a1a\" data-id=\"1e80a1a\" data-element_type=\"column\">\n\t\t\t<div class=\"elementor-column-wrap elementor-element-populated\">\n\t\t\t\t\t\t\t<div class=\"elementor-widget-wrap\">\n\t\t\t\t\t\t<div class=\"elementor-element elementor-element-a90dded elementor-widget elementor-widget-text-editor\" data-id=\"a90dded\" data-element_type=\"widget\" data-widget_type=\"text-editor.default\">\n\t\t\t\t<div class=\"elementor-widget-container\">\n\t\t\t\t\t<div class=\"elementor-text-editor elementor-clearfix\"><p>FASE DIFERENCIAL<\/p><\/div>\n\t\t\t\t<\/div>\n\t\t\t\t<\/div>\n\t\t\t\t\t\t<\/div>\n\t\t\t\t\t<\/div>\n\t\t<\/div>\n\t\t\t\t\t\t\t\t<\/div>\n\t\t\t\t\t<\/div>\n\t\t<\/section>\n\t\t\t\t<section class=\"elementor-section elementor-top-section elementor-element elementor-element-09a08c3 elementor-section-stretched elementor-section-boxed elementor-section-height-default elementor-section-height-default\" data-id=\"09a08c3\" data-element_type=\"section\" data-settings=\"{&quot;stretch_section&quot;:&quot;section-stretched&quot;}\">\n\t\t\t\t\t\t<div class=\"elementor-container elementor-column-gap-default\">\n\t\t\t\t\t\t\t<div class=\"elementor-row\">\n\t\t\t\t\t<div class=\"elementor-column elementor-col-100 elementor-top-column elementor-element elementor-element-121fe18\" data-id=\"121fe18\" data-element_type=\"column\">\n\t\t\t<div class=\"elementor-column-wrap elementor-element-populated\">\n\t\t\t\t\t\t\t<div class=\"elementor-widget-wrap\">\n\t\t\t\t\t\t<div class=\"elementor-element elementor-element-84cb4d3 elementor-widget elementor-widget-text-editor\" data-id=\"84cb4d3\" data-element_type=\"widget\" data-widget_type=\"text-editor.default\">\n\t\t\t\t<div class=\"elementor-widget-container\">\n\t\t\t\t\t<div class=\"elementor-text-editor elementor-clearfix\"><p style=\"text-align: justify;\"><span style=\"font-weight: 400;\">Extracto del art\u00edculo de Kudeki y Wooman \u201cMedidas a Radar de retrodispersi\u00f3n Incoherente en Jicamarca con un Haz Apuntado Perpendicular a B\u201c, presentado en 10ma reuni\u00f3n del ISEA en Altalva, Turqu\u00eda, 2000)<\/span><\/p><p style=\"text-align: justify;\"><span style=\"font-weight: 400;\">Este nuevo modo busca obtener la densidad, temperatura y medidas del drift mientras se apunta la antena de Jicamarca perpendicularmente al campo magn\u00e9tico. Consecuentemente, el espectro Doppler presenta caracter\u00edsticas en forma de c\u00faspides puntiagudas centrado alrededor de la velocidad E X B del plasma ionosf\u00e9rico [ <\/span><a href=\"http:\/\/10.10.110.70\/publications\/reprints\/1999\/KudekiJGR104(28145)99.pdf\"><span style=\"font-weight: 400;\">Kudeki et al.,1999<\/span><\/a><span style=\"font-weight: 400;\"> ].<\/span><\/p><p style=\"text-align: justify;\"><span style=\"font-weight: 400;\">La forma global del espectro acerca de la velocidad promedio de Doppler representa una beam weighted superposition de espectros de dispersi\u00f3n incoherente que corresponden a \u00e1ngulos de aspecto de bajo magnetismo. La teor\u00eda de dispersi\u00f3n incoherente basada en modelos para el espectro medido indica que el ancho espectral es regulado por temperaturas de electrones <\/span><i><span style=\"font-weight: 400;\">T<\/span><\/i><i><span style=\"font-weight: 400;\">e<\/span><\/i><span style=\"font-weight: 400;\">. Sin embargo, a menos que las colisiones de electrones de Coulomb sean incluidas en el modelo, se obtendr\u00e1n estimados poco realistas de <\/span><i><span style=\"font-weight: 400;\">T<\/span><\/i><i><span style=\"font-weight: 400;\">e<\/span><\/i><span style=\"font-weight: 400;\"> por medio del ajuste del modelo del espectro medido. Las colisiones ensanchan el espectro de dispersi\u00f3n incoherente a \u00e1ngulos de aspecto poco magn\u00e9ticos (debido a la difusi\u00f3n de campo cruzado), pero reducen el ancho espectral a \u00e1ngulos de mayor aspecto reduciendo la tasa se difusi\u00f3n paralela, mencionada por primera vez por Sulzer y Gonzalez [1999] (el efecto de colisiones de electrones de Coulomb en el espectro de dispersi\u00f3n incoherente en la regi\u00f3n F en Jicamarca, JGR, 104, 22,535). La reducci\u00f3n del ancho espectral debido a las colisiones de electrones es particularmente importante en las mediciones hechas cerca de la perpendicularidad a B. Como consecuencia, las estimaciones de <\/span><i><span style=\"font-weight: 400;\">T<\/span><\/i><i><span style=\"font-weight: 400;\">e<\/span><\/i><span style=\"font-weight: 400;\"> de las mediciones del\u00a0 espectro de dispersi\u00f3n incoherente a \u00e1ngulos de aspecto de bajo magnetismo requieren del conocimiento de la frecuencia de las colisiones de electrones y perfiles de densidad del plasma en la regi\u00f3n F.<\/span><\/p><p style=\"text-align: justify;\"><span style=\"font-weight: 400;\">Las medidas preliminares han sido hechas con un multireceptor (con una separaci\u00f3n de antena de Norte-Sur) y una polarizaci\u00f3n dual (modos O- y X-) en las medidas de dispersi\u00f3n incoherente de la regi\u00f3n F. Las se\u00f1ales de la retrodispersi\u00f3n de los espectros de norte-sur y O-X cruzados proveen informaci\u00f3n adicional acerca del plasma ionosf\u00e9rico. Informaci\u00f3n obtenida de la fase diferencial y del espectro O-X cruzado proveen estimados de perfiles de densidad absoluta de electrones cerca del pico de la regi\u00f3n F. La magnitud normalizada del espectro cruzado de norte-sur (coherencia) es sensible a <\/span><i><span style=\"font-weight: 400;\">T<\/span><\/i><i><span style=\"font-weight: 400;\">e\u00a0 <\/span><\/i><span style=\"font-weight: 400;\">\/<\/span><i><span style=\"font-weight: 400;\">T<\/span><\/i><i><span style=\"font-weight: 400;\">I <\/span><\/i><span style=\"font-weight: 400;\">por lo que inversiones conjuntas del auto espectro de dispersi\u00f3n incoherente y cruzada tienen el potencial para las estimaciones de los par\u00e1metros de estado que describen\u00a0 el plasma de la regi\u00f3n F a altitudes bajas.<\/span><\/p><\/div>\n\t\t\t\t<\/div>\n\t\t\t\t<\/div>\n\t\t\t\t\t\t<\/div>\n\t\t\t\t\t<\/div>\n\t\t<\/div>\n\t\t\t\t\t\t\t\t<\/div>\n\t\t\t\t\t<\/div>\n\t\t<\/section>\n\t\t\t\t\t\t<\/div>\n\t\t\t\t\t\t<\/div>\n\t\t\t\t\t<\/div>\n\t\t","protected":false},"excerpt":{"rendered":"<p>FASE DIFERENCIAL Extracto del art\u00edculo de Kudeki y Wooman \u201cMedidas a Radar de retrodispersi\u00f3n Incoherente en Jicamarca con un Haz Apuntado Perpendicular a B\u201c, presentado en 10ma reuni\u00f3n del ISEA en Altalva, Turqu\u00eda, 2000) Este nuevo modo busca obtener la densidad, temperatura y medidas del drift mientras se apunta la [&hellip;]<\/p>\n","protected":false},"author":1,"featured_media":0,"parent":1580,"menu_order":0,"comment_status":"closed","ping_status":"closed","template":"page-templates\/template-fullwidth.php","meta":{"footnotes":""},"class_list":["post-1601","page","type-page","status-publish","hentry"],"jetpack_sharing_enabled":true,"_links":{"self":[{"href":"https:\/\/www.igp.gob.pe\/observatorios\/radio-observatorio-jicamarca\/index.php?rest_route=\/wp\/v2\/pages\/1601","targetHints":{"allow":["GET"]}}],"collection":[{"href":"https:\/\/www.igp.gob.pe\/observatorios\/radio-observatorio-jicamarca\/index.php?rest_route=\/wp\/v2\/pages"}],"about":[{"href":"https:\/\/www.igp.gob.pe\/observatorios\/radio-observatorio-jicamarca\/index.php?rest_route=\/wp\/v2\/types\/page"}],"author":[{"embeddable":true,"href":"https:\/\/www.igp.gob.pe\/observatorios\/radio-observatorio-jicamarca\/index.php?rest_route=\/wp\/v2\/users\/1"}],"replies":[{"embeddable":true,"href":"https:\/\/www.igp.gob.pe\/observatorios\/radio-observatorio-jicamarca\/index.php?rest_route=%2Fwp%2Fv2%2Fcomments&post=1601"}],"version-history":[{"count":7,"href":"https:\/\/www.igp.gob.pe\/observatorios\/radio-observatorio-jicamarca\/index.php?rest_route=\/wp\/v2\/pages\/1601\/revisions"}],"predecessor-version":[{"id":4901,"href":"https:\/\/www.igp.gob.pe\/observatorios\/radio-observatorio-jicamarca\/index.php?rest_route=\/wp\/v2\/pages\/1601\/revisions\/4901"}],"up":[{"embeddable":true,"href":"https:\/\/www.igp.gob.pe\/observatorios\/radio-observatorio-jicamarca\/index.php?rest_route=\/wp\/v2\/pages\/1580"}],"wp:attachment":[{"href":"https:\/\/www.igp.gob.pe\/observatorios\/radio-observatorio-jicamarca\/index.php?rest_route=%2Fwp%2Fv2%2Fmedia&parent=1601"}],"curies":[{"name":"wp","href":"https:\/\/api.w.org\/{rel}","templated":true}]}}