{"id":1594,"date":"2021-02-24T15:04:49","date_gmt":"2021-02-24T20:04:49","guid":{"rendered":"https:\/\/www.igp.gob.pe\/observatorios\/radio-observatorio-jicamarca\/?page_id=1594"},"modified":"2021-04-26T12:21:43","modified_gmt":"2021-04-26T17:21:43","slug":"codigo-alternante","status":"publish","type":"page","link":"https:\/\/www.igp.gob.pe\/observatorios\/radio-observatorio-jicamarca\/?page_id=1594","title":{"rendered":"CODIGO ALTERNANTE"},"content":{"rendered":"\t\t<div data-elementor-type=\"wp-page\" data-elementor-id=\"1594\" class=\"elementor elementor-1594\" data-elementor-settings=\"[]\">\n\t\t\t\t\t\t<div class=\"elementor-inner\">\n\t\t\t\t\t\t\t<div class=\"elementor-section-wrap\">\n\t\t\t\t\t\t\t<section class=\"elementor-section elementor-top-section elementor-element elementor-element-608cb3f elementor-section-stretched elementor-section-boxed elementor-section-height-default elementor-section-height-default\" data-id=\"608cb3f\" data-element_type=\"section\" data-settings=\"{&quot;stretch_section&quot;:&quot;section-stretched&quot;}\">\n\t\t\t\t\t\t<div class=\"elementor-container elementor-column-gap-default\">\n\t\t\t\t\t\t\t<div class=\"elementor-row\">\n\t\t\t\t\t<div class=\"elementor-column elementor-col-100 elementor-top-column elementor-element elementor-element-aac6267\" data-id=\"aac6267\" data-element_type=\"column\">\n\t\t\t<div class=\"elementor-column-wrap elementor-element-populated\">\n\t\t\t\t\t\t\t<div class=\"elementor-widget-wrap\">\n\t\t\t\t\t\t<div class=\"elementor-element elementor-element-7a541d6 elementor-widget elementor-widget-text-editor\" data-id=\"7a541d6\" data-element_type=\"widget\" data-widget_type=\"text-editor.default\">\n\t\t\t\t<div class=\"elementor-widget-container\">\n\t\t\t\t\t<div class=\"elementor-text-editor elementor-clearfix\"><p>C\u00d3DIGO ALTERNANTE<\/p><\/div>\n\t\t\t\t<\/div>\n\t\t\t\t<\/div>\n\t\t\t\t\t\t<\/div>\n\t\t\t\t\t<\/div>\n\t\t<\/div>\n\t\t\t\t\t\t\t\t<\/div>\n\t\t\t\t\t<\/div>\n\t\t<\/section>\n\t\t\t\t<section class=\"elementor-section elementor-top-section elementor-element elementor-element-76de1c8 elementor-section-stretched elementor-section-boxed elementor-section-height-default elementor-section-height-default\" data-id=\"76de1c8\" data-element_type=\"section\" data-settings=\"{&quot;stretch_section&quot;:&quot;section-stretched&quot;}\">\n\t\t\t\t\t\t<div class=\"elementor-container elementor-column-gap-default\">\n\t\t\t\t\t\t\t<div class=\"elementor-row\">\n\t\t\t\t\t<div class=\"elementor-column elementor-col-100 elementor-top-column elementor-element elementor-element-972b7d3\" data-id=\"972b7d3\" data-element_type=\"column\">\n\t\t\t<div class=\"elementor-column-wrap elementor-element-populated\">\n\t\t\t\t\t\t\t<div class=\"elementor-widget-wrap\">\n\t\t\t\t\t\t<div class=\"elementor-element elementor-element-f810bc3 elementor-widget elementor-widget-text-editor\" data-id=\"f810bc3\" data-element_type=\"widget\" data-widget_type=\"text-editor.default\">\n\t\t\t\t<div class=\"elementor-widget-container\">\n\t\t\t\t\t<div class=\"elementor-text-editor elementor-clearfix\"><p style=\"text-align: justify;\"><span style=\"font-weight: 400;\">\u00daltimamente, los pulsos de c\u00f3digo alternante han sido implementados en Jicamarca para mediciones de dispersi\u00f3n incoherente. Este nuevo modo tiene por finalidad facilitar las investigaciones de\u00a0 aeronom\u00eda en la parte alta de la ion\u00f3sfera y la proton\u00f3sfera. Debido a que este modo utiliza el 100% del ciclo de trabajo del transmisor del radar <\/span><span style=\"font-weight: 400;\">\u2014<\/span><span style=\"font-weight: 400;\">este modo mejora la sensibilidad sobre el modo de doble pulso de Faraday<\/span><span style=\"font-weight: 400;\">\u2014<\/span><span style=\"font-weight: 400;\"> permite estimar m\u00faltiples par\u00e1metros en la proton\u00f3sfera. Las mediciones \u00fatiles m\u00e1s bajas son obtenidas a partir de 450 km de altitud. Las mediciones de densidad relativa son obtenidas a partir de mediciones de potencia y los datos de la ionosonda son necesarios para encontrar valores absolutos.<\/span><\/p><p style=\"text-align: justify;\"><span style=\"font-weight: 400;\">Actualmente, el experimento de c\u00f3digo alternativo es desarrollado con los siguientes par\u00e1metros: IPP = 6000 km, PW = 240 km, BW= 15 km (adaptado), bits por c\u00f3digo = 16, n\u00famero de c\u00f3digos=128 (Randomized AC codes).<\/span><\/p><p style=\"text-align: justify;\"><span style=\"font-weight: 400;\">M\u00e1s detalles, incluyendo an\u00e1lisis de error y ejemplos en <\/span><a href=\"http:\/\/10.10.110.70\/publications\/reprints\/2000\/HysellRS35(1425)00.pdf\"><i><span style=\"font-weight: 400;\">Hysell [2000]<\/span><\/i><\/a><span style=\"font-weight: 400;\">.<\/span><\/p><\/div>\n\t\t\t\t<\/div>\n\t\t\t\t<\/div>\n\t\t\t\t\t\t<\/div>\n\t\t\t\t\t<\/div>\n\t\t<\/div>\n\t\t\t\t\t\t\t\t<\/div>\n\t\t\t\t\t<\/div>\n\t\t<\/section>\n\t\t\t\t\t\t<\/div>\n\t\t\t\t\t\t<\/div>\n\t\t\t\t\t<\/div>\n\t\t","protected":false},"excerpt":{"rendered":"<p>C\u00d3DIGO ALTERNANTE \u00daltimamente, los pulsos de c\u00f3digo alternante han sido implementados en Jicamarca para mediciones de dispersi\u00f3n incoherente. Este nuevo modo tiene por finalidad facilitar las investigaciones de\u00a0 aeronom\u00eda en la parte alta de la ion\u00f3sfera y la proton\u00f3sfera. Debido a que este modo utiliza el 100% del ciclo de [&hellip;]<\/p>\n","protected":false},"author":1,"featured_media":0,"parent":1580,"menu_order":0,"comment_status":"closed","ping_status":"closed","template":"page-templates\/template-fullwidth.php","meta":{"footnotes":""},"class_list":["post-1594","page","type-page","status-publish","hentry"],"jetpack_sharing_enabled":true,"_links":{"self":[{"href":"https:\/\/www.igp.gob.pe\/observatorios\/radio-observatorio-jicamarca\/index.php?rest_route=\/wp\/v2\/pages\/1594","targetHints":{"allow":["GET"]}}],"collection":[{"href":"https:\/\/www.igp.gob.pe\/observatorios\/radio-observatorio-jicamarca\/index.php?rest_route=\/wp\/v2\/pages"}],"about":[{"href":"https:\/\/www.igp.gob.pe\/observatorios\/radio-observatorio-jicamarca\/index.php?rest_route=\/wp\/v2\/types\/page"}],"author":[{"embeddable":true,"href":"https:\/\/www.igp.gob.pe\/observatorios\/radio-observatorio-jicamarca\/index.php?rest_route=\/wp\/v2\/users\/1"}],"replies":[{"embeddable":true,"href":"https:\/\/www.igp.gob.pe\/observatorios\/radio-observatorio-jicamarca\/index.php?rest_route=%2Fwp%2Fv2%2Fcomments&post=1594"}],"version-history":[{"count":7,"href":"https:\/\/www.igp.gob.pe\/observatorios\/radio-observatorio-jicamarca\/index.php?rest_route=\/wp\/v2\/pages\/1594\/revisions"}],"predecessor-version":[{"id":4895,"href":"https:\/\/www.igp.gob.pe\/observatorios\/radio-observatorio-jicamarca\/index.php?rest_route=\/wp\/v2\/pages\/1594\/revisions\/4895"}],"up":[{"embeddable":true,"href":"https:\/\/www.igp.gob.pe\/observatorios\/radio-observatorio-jicamarca\/index.php?rest_route=\/wp\/v2\/pages\/1580"}],"wp:attachment":[{"href":"https:\/\/www.igp.gob.pe\/observatorios\/radio-observatorio-jicamarca\/index.php?rest_route=%2Fwp%2Fv2%2Fmedia&parent=1594"}],"curies":[{"name":"wp","href":"https:\/\/api.w.org\/{rel}","templated":true}]}}