{"id":1586,"date":"2021-02-24T14:37:44","date_gmt":"2021-02-24T19:37:44","guid":{"rendered":"https:\/\/www.igp.gob.pe\/observatorios\/radio-observatorio-jicamarca\/?page_id=1586"},"modified":"2021-04-26T12:30:41","modified_gmt":"2021-04-26T17:30:41","slug":"pulso-largo","status":"publish","type":"page","link":"https:\/\/www.igp.gob.pe\/observatorios\/radio-observatorio-jicamarca\/?page_id=1586","title":{"rendered":"PULSO LARGO"},"content":{"rendered":"\t\t<div data-elementor-type=\"wp-page\" data-elementor-id=\"1586\" class=\"elementor elementor-1586\" data-elementor-settings=\"[]\">\n\t\t\t\t\t\t<div class=\"elementor-inner\">\n\t\t\t\t\t\t\t<div class=\"elementor-section-wrap\">\n\t\t\t\t\t\t\t<section class=\"elementor-section elementor-top-section elementor-element elementor-element-abf5e40 elementor-section-stretched elementor-section-boxed elementor-section-height-default elementor-section-height-default\" data-id=\"abf5e40\" data-element_type=\"section\" data-settings=\"{&quot;stretch_section&quot;:&quot;section-stretched&quot;}\">\n\t\t\t\t\t\t<div class=\"elementor-container elementor-column-gap-default\">\n\t\t\t\t\t\t\t<div class=\"elementor-row\">\n\t\t\t\t\t<div class=\"elementor-column elementor-col-100 elementor-top-column elementor-element elementor-element-6239d2d\" data-id=\"6239d2d\" data-element_type=\"column\">\n\t\t\t<div class=\"elementor-column-wrap elementor-element-populated\">\n\t\t\t\t\t\t\t<div class=\"elementor-widget-wrap\">\n\t\t\t\t\t\t<div class=\"elementor-element elementor-element-e9e5664 elementor-widget elementor-widget-text-editor\" data-id=\"e9e5664\" data-element_type=\"widget\" data-widget_type=\"text-editor.default\">\n\t\t\t\t<div class=\"elementor-widget-container\">\n\t\t\t\t\t<div class=\"elementor-text-editor elementor-clearfix\"><p>MODO DE PULSO LARGO<\/p><\/div>\n\t\t\t\t<\/div>\n\t\t\t\t<\/div>\n\t\t\t\t\t\t<\/div>\n\t\t\t\t\t<\/div>\n\t\t<\/div>\n\t\t\t\t\t\t\t\t<\/div>\n\t\t\t\t\t<\/div>\n\t\t<\/section>\n\t\t\t\t<section class=\"elementor-section elementor-top-section elementor-element elementor-element-bbf5b1e elementor-section-stretched elementor-section-boxed elementor-section-height-default elementor-section-height-default\" data-id=\"bbf5b1e\" data-element_type=\"section\" data-settings=\"{&quot;stretch_section&quot;:&quot;section-stretched&quot;}\">\n\t\t\t\t\t\t<div class=\"elementor-container elementor-column-gap-default\">\n\t\t\t\t\t\t\t<div class=\"elementor-row\">\n\t\t\t\t\t<div class=\"elementor-column elementor-col-100 elementor-top-column elementor-element elementor-element-2a19685\" data-id=\"2a19685\" data-element_type=\"column\">\n\t\t\t<div class=\"elementor-column-wrap elementor-element-populated\">\n\t\t\t\t\t\t\t<div class=\"elementor-widget-wrap\">\n\t\t\t\t\t\t<div class=\"elementor-element elementor-element-0627b52 elementor-widget elementor-widget-text-editor\" data-id=\"0627b52\" data-element_type=\"widget\" data-widget_type=\"text-editor.default\">\n\t\t\t\t<div class=\"elementor-widget-container\">\n\t\t\t\t\t<div class=\"elementor-text-editor elementor-clearfix\"><p style=\"text-align: justify;\"><span style=\"font-weight: 400;\">A altitudes donde el rango de resoluci\u00f3n no es muy importante, es a veces posible medir todos los retardos de la ACF simult\u00e1neamente usando un solo pulso largo combinado con un filtro (disparejo) con un impulso corto de respuesta. En la regi\u00f3n F de la ion\u00f3sfera, las dispersiones est\u00e1n distribuidas a trav\u00e9s de un rango de m\u00e1s de 1000 km. Como resultado, el espectro medido no presenta una sola altura, sino un promedio ponderado del espectro a un rango de altitud igual al ancho del pulso. Si las propiedades de las ion\u00f3sfera se mantienen constantes en dicho rango, la t\u00e9cnica funcionar\u00e1 correctamente.<\/span><\/p><p style=\"text-align: justify;\"><span style=\"font-weight: 400;\">La frecuencia de resoluci\u00f3n obtenida al usar la t\u00e9cnica de pulso largo es inversamente proporcional al ancho del pulso. Ya que el espectro de dispersi\u00f3n incoherente es relativamente suave, es posible extraer estimados de temperatura \u00fatiles con una resoluci\u00f3n de 500 Hz. El pulso del transmisor tendr\u00eda que ser entonces de 300 km de largo. La tasa de muestreo debe exceder a la de Nyquist para evitar el aliasing en el espectro.<\/span><\/p><p style=\"text-align: justify;\"><span style=\"font-weight: 400;\">Ya que la antena principal del Radio Observatorio de Jicamarca no puede ser girada m\u00e1s que unos pocos grados desde la vertical, este modo de pulso largo puede usarse solo para mediciones a altas altitudes donde los par\u00e1metros ionosf\u00e9ricos son constantes a\u00a0 300km de la extensi\u00f3n del pulso.<\/span><\/p><p style=\"text-align: justify;\"><span style=\"font-weight: 400;\">En los comienzos, este modo era usado para hacer mediciones de hasta 10,000 km de altura [<\/span><a href=\"http:\/\/10.10.110.70\/publications\/reprints\/1991\/FarleyJATP53(665)91.pdf\"><span style=\"font-weight: 400;\"> Farley, 1991<\/span><\/a><span style=\"font-weight: 400;\"> ]. Actualmente, este modo es usado como apoyo a las mediciones de la parte alta de la proton\u00f3sfera incluyendo a la campa\u00f1a POLITE. Los par\u00e1metros t\u00edpicos son: IPP=6000 km, PW = 300 km, ancho de banda del receptor = 15 km.<\/span><\/p><\/div>\n\t\t\t\t<\/div>\n\t\t\t\t<\/div>\n\t\t\t\t\t\t<\/div>\n\t\t\t\t\t<\/div>\n\t\t<\/div>\n\t\t\t\t\t\t\t\t<\/div>\n\t\t\t\t\t<\/div>\n\t\t<\/section>\n\t\t\t\t\t\t<\/div>\n\t\t\t\t\t\t<\/div>\n\t\t\t\t\t<\/div>\n\t\t","protected":false},"excerpt":{"rendered":"<p>MODO DE PULSO LARGO A altitudes donde el rango de resoluci\u00f3n no es muy importante, es a veces posible medir todos los retardos de la ACF simult\u00e1neamente usando un solo pulso largo combinado con un filtro (disparejo) con un impulso corto de respuesta. En la regi\u00f3n F de la ion\u00f3sfera, [&hellip;]<\/p>\n","protected":false},"author":1,"featured_media":0,"parent":1580,"menu_order":0,"comment_status":"closed","ping_status":"closed","template":"page-templates\/template-fullwidth.php","meta":{"footnotes":""},"class_list":["post-1586","page","type-page","status-publish","hentry"],"jetpack_sharing_enabled":true,"_links":{"self":[{"href":"https:\/\/www.igp.gob.pe\/observatorios\/radio-observatorio-jicamarca\/index.php?rest_route=\/wp\/v2\/pages\/1586","targetHints":{"allow":["GET"]}}],"collection":[{"href":"https:\/\/www.igp.gob.pe\/observatorios\/radio-observatorio-jicamarca\/index.php?rest_route=\/wp\/v2\/pages"}],"about":[{"href":"https:\/\/www.igp.gob.pe\/observatorios\/radio-observatorio-jicamarca\/index.php?rest_route=\/wp\/v2\/types\/page"}],"author":[{"embeddable":true,"href":"https:\/\/www.igp.gob.pe\/observatorios\/radio-observatorio-jicamarca\/index.php?rest_route=\/wp\/v2\/users\/1"}],"replies":[{"embeddable":true,"href":"https:\/\/www.igp.gob.pe\/observatorios\/radio-observatorio-jicamarca\/index.php?rest_route=%2Fwp%2Fv2%2Fcomments&post=1586"}],"version-history":[{"count":7,"href":"https:\/\/www.igp.gob.pe\/observatorios\/radio-observatorio-jicamarca\/index.php?rest_route=\/wp\/v2\/pages\/1586\/revisions"}],"predecessor-version":[{"id":4910,"href":"https:\/\/www.igp.gob.pe\/observatorios\/radio-observatorio-jicamarca\/index.php?rest_route=\/wp\/v2\/pages\/1586\/revisions\/4910"}],"up":[{"embeddable":true,"href":"https:\/\/www.igp.gob.pe\/observatorios\/radio-observatorio-jicamarca\/index.php?rest_route=\/wp\/v2\/pages\/1580"}],"wp:attachment":[{"href":"https:\/\/www.igp.gob.pe\/observatorios\/radio-observatorio-jicamarca\/index.php?rest_route=%2Fwp%2Fv2%2Fmedia&parent=1586"}],"curies":[{"name":"wp","href":"https:\/\/api.w.org\/{rel}","templated":true}]}}