{"id":1498,"date":"2021-02-24T12:12:46","date_gmt":"2021-02-24T17:12:46","guid":{"rendered":"https:\/\/www.igp.gob.pe\/observatorios\/radio-observatorio-jicamarca\/?page_id=1498"},"modified":"2021-04-26T09:01:14","modified_gmt":"2021-04-26T14:01:14","slug":"modos-de-dispersion-coherente","status":"publish","type":"page","link":"https:\/\/www.igp.gob.pe\/observatorios\/radio-observatorio-jicamarca\/?page_id=1498","title":{"rendered":"MODOS DE DISPERSI\u00d3N COHERENTE"},"content":{"rendered":"\t\t<div data-elementor-type=\"wp-page\" data-elementor-id=\"1498\" class=\"elementor elementor-1498\" data-elementor-settings=\"[]\">\n\t\t\t\t\t\t<div class=\"elementor-inner\">\n\t\t\t\t\t\t\t<div class=\"elementor-section-wrap\">\n\t\t\t\t\t\t\t<section class=\"elementor-section elementor-top-section elementor-element elementor-element-cdecd7b elementor-section-stretched elementor-section-boxed elementor-section-height-default elementor-section-height-default\" data-id=\"cdecd7b\" data-element_type=\"section\" data-settings=\"{&quot;stretch_section&quot;:&quot;section-stretched&quot;}\">\n\t\t\t\t\t\t<div class=\"elementor-container elementor-column-gap-default\">\n\t\t\t\t\t\t\t<div class=\"elementor-row\">\n\t\t\t\t\t<div class=\"elementor-column elementor-col-100 elementor-top-column elementor-element elementor-element-daeeaa3\" data-id=\"daeeaa3\" data-element_type=\"column\">\n\t\t\t<div class=\"elementor-column-wrap elementor-element-populated\">\n\t\t\t\t\t\t\t<div class=\"elementor-widget-wrap\">\n\t\t\t\t\t\t<div class=\"elementor-element elementor-element-0be9423 elementor-widget elementor-widget-text-editor\" data-id=\"0be9423\" data-element_type=\"widget\" data-widget_type=\"text-editor.default\">\n\t\t\t\t<div class=\"elementor-widget-container\">\n\t\t\t\t\t<div class=\"elementor-text-editor elementor-clearfix\"><p>MODOS DE DISPERSI\u00d3N COHERENTE<\/p><\/div>\n\t\t\t\t<\/div>\n\t\t\t\t<\/div>\n\t\t\t\t\t\t<\/div>\n\t\t\t\t\t<\/div>\n\t\t<\/div>\n\t\t\t\t\t\t\t\t<\/div>\n\t\t\t\t\t<\/div>\n\t\t<\/section>\n\t\t\t\t<section class=\"elementor-section elementor-top-section elementor-element elementor-element-8ffb364 elementor-section-stretched elementor-section-boxed elementor-section-height-default elementor-section-height-default\" data-id=\"8ffb364\" data-element_type=\"section\" data-settings=\"{&quot;stretch_section&quot;:&quot;section-stretched&quot;}\">\n\t\t\t\t\t\t<div class=\"elementor-container elementor-column-gap-default\">\n\t\t\t\t\t\t\t<div class=\"elementor-row\">\n\t\t\t\t\t<div class=\"elementor-column elementor-col-100 elementor-top-column elementor-element elementor-element-c976220\" data-id=\"c976220\" data-element_type=\"column\">\n\t\t\t<div class=\"elementor-column-wrap elementor-element-populated\">\n\t\t\t\t\t\t\t<div class=\"elementor-widget-wrap\">\n\t\t\t\t\t\t<div class=\"elementor-element elementor-element-a2fd81c elementor-widget elementor-widget-text-editor\" data-id=\"a2fd81c\" data-element_type=\"widget\" data-widget_type=\"text-editor.default\">\n\t\t\t\t<div class=\"elementor-widget-container\">\n\t\t\t\t\t<div class=\"elementor-text-editor elementor-clearfix\"><p style=\"text-align: justify;\">Como radar de dispersi\u00f3n coherente, el radar de Jicarmarca es sensible a irregularidades atmosf\u00e9ricas e ionosf\u00e9ricas 3-m. M\u00e1s a\u00fan, en la ion\u00f3sfera estas irregularidades tienen que ser alineadas con el campo magn\u00e9tico. El radar trabajando generalmente en modo MST (Mes\u00f3sfera, Estrat\u00f3sfera y Trop\u00f3sfera) toma medidas en 3D de la velocidad neutral del viento, es decir regional (u), meridional (v) y vertical (w) a partir de las irregularidades atmosf\u00e9ricas.<\/p><p style=\"text-align: justify;\">En este modo los radares pueden medir las velocidades de drift del plasma vertical como horizonal por medio del eco del corrimiento Doppler (velocidad radial) y\/o interferometr\u00eda (dando velocidades transversas a la direcci\u00f3n del haz) de las irregularidades de las regiones E y F. De estas se puede determinar los campos el\u00e9ctricos (donde V = E X B\/B2) y algunas veces velocidades de viento.<\/p><p style=\"text-align: justify;\">Los recientes estudios de obtenci\u00f3n de im\u00e1genes de las irregularidades en el electrochorro ecuatorial por el Dr. David Hysell, usando 6 receptores (15 diferentes radares alineados en direcci\u00f3n este-oeste) son impresionantes. Para apreciar el potencial de este trabajo revise algunas de las \u201cpel\u00edculas\u201d en la web visitando la direcci\u00f3n http:\/\/landau.geo.cornell.edu\/ y presione sobre \u201cftp\u201d, en la parte inferior de la p\u00e1gina, para listar los archivos mpeg (image0424c es una de las recomendadas). En algunos casos se puede observar claramente \u201cburbujas\u201d individuales movi\u00e9ndose horizontal y verticalmente y, adem\u00e1s, se tiene informaci\u00f3n Doppler del radar (por colores) para cada \u201cburbuja\u201d. Otros ejemplos muestran \u201cburbujas\u201d a cierta altitud movi\u00e9ndose hacia el Este mientras que las de otra altitud hacia el Oeste.<\/p><p style=\"text-align: justify;\">En la siguiente tabla, se resume los principales modos de dispersi\u00f3n coherente que actualmente se usan. Puede obtener informaci\u00f3n detallada de las t\u00e9cnicas y algunos resultados seleccionando uno de los modos.<\/p><\/div>\n\t\t\t\t<\/div>\n\t\t\t\t<\/div>\n\t\t\t\t\t\t<\/div>\n\t\t\t\t\t<\/div>\n\t\t<\/div>\n\t\t\t\t\t\t\t\t<\/div>\n\t\t\t\t\t<\/div>\n\t\t<\/section>\n\t\t\t\t<section class=\"elementor-section elementor-top-section elementor-element elementor-element-260aced elementor-section-stretched elementor-section-boxed elementor-section-height-default elementor-section-height-default\" data-id=\"260aced\" data-element_type=\"section\" data-settings=\"{&quot;stretch_section&quot;:&quot;section-stretched&quot;}\">\n\t\t\t\t\t\t<div class=\"elementor-container elementor-column-gap-default\">\n\t\t\t\t\t\t\t<div class=\"elementor-row\">\n\t\t\t\t\t<div class=\"elementor-column elementor-col-100 elementor-top-column elementor-element elementor-element-446a432\" data-id=\"446a432\" data-element_type=\"column\">\n\t\t\t<div class=\"elementor-column-wrap elementor-element-populated\">\n\t\t\t\t\t\t\t<div class=\"elementor-widget-wrap\">\n\t\t\t\t\t\t<div class=\"elementor-element elementor-element-089e338 elementor-widget elementor-widget-html\" data-id=\"089e338\" data-element_type=\"widget\" data-widget_type=\"html.default\">\n\t\t\t\t<div class=\"elementor-widget-container\">\n\t\t\t<div align=\"center\">\r\n\t<center>\r\n\r\n\t<table border=\"1\" cellspacing=\"0\" cellpadding=\"5\">\r\n\t\t<tbody><tr>\r\n\t\t\t<td width=\"200\" bgcolor=\"#0066FF\" align=\"right\"><font color=\"#FFFFFF\">Modos<\/font><\/td>\r\n\t\t\t<td width=\"100\" bgcolor=\"#0066FF\" align=\"center\"><font color=\"#FFFFFF\">Rango\r\n              (km)<\/font><\/td>\r\n\t\t\t<td width=\"40\" bgcolor=\"#0066FF\" align=\"center\"><font color=\"#FFFFFF\">Vz<\/font><\/td>\r\n\t\t\t<td width=\"40\" bgcolor=\"#0066FF\" align=\"center\"><font color=\"#FFFFFF\">Vx<\/font><\/td>\r\n\t\t\t<td width=\"40\" bgcolor=\"#0066FF\" align=\"center\"><font color=\"#FFFFFF\">\u03c1<\/font><\/td>\r\n\t\t\t<td width=\"40\" bgcolor=\"#0066FF\" align=\"center\"><font color=\"#FFFFFF\">u<\/font><\/td>\r\n\t\t\t<td width=\"40\" bgcolor=\"#0066FF\" align=\"center\"><font color=\"#FFFFFF\">v<\/font><\/td>\r\n\t\t\t<td width=\"40\" bgcolor=\"#0066FF\" align=\"center\"><font color=\"#FFFFFF\">w<\/font><\/td>\r\n\t\t<\/tr><tr>\r\n\t\t\t<td width=\"200\" align=\"right\">\r\n\t\t\t\t<a href=\"..\/..\/..\/..\/publications\/reprints\/1981\/FarleyJGR86(1467)81.pdf\" target=\"_blank\">Interferometr\u00eda<\/a>\r\n\t\t\t<\/td>\r\n\t\t\t<td width=\"100\" align=\"center\">95-1500<\/td>\r\n\t\t\t<td width=\"40\" align=\"center\">[<sup>1<\/sup>\r\n\t\t\t<\/td>\r\n\t\t\t<td width=\"40\" align=\"center\">[<\/td>\r\n\t\t\t<td width=\"40\" align=\"center\">&nbsp;<\/td>\r\n\t\t\t<td width=\"40\" align=\"center\">&nbsp;<\/td>\r\n\t\t\t<td width=\"40\" align=\"center\">&nbsp;<\/td>\r\n\t\t\t<td width=\"40\" align=\"center\">&nbsp;<\/td>\r\n\t\t<\/tr><tr>\r\n\t\t\t<td width=\"200\" bgcolor=\"#33CCCC\" align=\"right\">\r\n                <a href=\"..\/..\/..\/..\/publications\/reprints\/2001\/eej_imaging.pdf\" target=\"_blank\">Representaci\u00f3n\r\n                de Im\u00e1genes<\/a>\r\n\t\t\t<\/td>\r\n\t\t\t<td width=\"100\" bgcolor=\"#33CCCC\" align=\"center\">95-1500<\/td>\r\n\t\t\t<td width=\"40\" bgcolor=\"#33CCCC\" align=\"center\">[<sup>1<\/sup>\r\n\t\t\t<\/td>\r\n\t\t\t<td width=\"40\" bgcolor=\"#33CCCC\" align=\"center\">[<\/td>\r\n\t\t\t<td width=\"40\" bgcolor=\"#33CCCC\" align=\"center\">&nbsp;<\/td>\r\n\t\t\t<td width=\"40\" bgcolor=\"#33CCCC\" align=\"center\">[<sup>2<\/sup>\r\n\t\t\t<\/td>\r\n\t\t\t<td width=\"40\" bgcolor=\"#33CCCC\" align=\"center\">&nbsp;<\/td>\r\n\t\t\t<td width=\"40\" bgcolor=\"#33CCCC\" align=\"center\">&nbsp;<\/td>\r\n\t\t<\/tr><tr>\r\n\t\t\t<td width=\"200\" align=\"right\">\r\n\t\t\t\t<a href=\"..\/..\/..\/..\/publications\/reprints\/1974\/WoodmanJAS31(493)74.pdf\" target=\"_blank\">MST<\/a>\r\n\t\t\t<\/td>\r\n\t\t\t<td width=\"100\" align=\"center\">4-85<sup>3<\/sup>\r\n\t\t\t<\/td>\r\n\t\t\t<td width=\"40\" align=\"center\">[<sup>1<\/sup>\r\n\t\t\t<\/td>\r\n\t\t\t<td width=\"40\" align=\"center\">&nbsp;<\/td>\r\n\t\t\t<td width=\"40\" align=\"center\">&nbsp;<\/td>\r\n\t\t\t<td width=\"40\" align=\"center\">[<\/td>\r\n\t\t\t<td width=\"40\" align=\"center\">[<\/td>\r\n\t\t\t<td width=\"40\" align=\"center\">[<\/td>\r\n\t\t<\/tr><tr>\r\n\t\t\t<td width=\"200\" bgcolor=\"#33CCCC\" align=\"right\">\r\n\t\t\t\t<a href=\"..\/..\/..\/..\/publications\/reprints\/2000\/isea10_chau_etal1.pdf\" target=\"_blank\">Obl\u00edcua\r\n                Ancho Este\u2013Oeste<\/a>\r\n \t\t\t\t<sup>4<\/sup>\r\n\t\t\t<\/td>\r\n\t\t\t<td width=\"100\" bgcolor=\"#33CCCC\" align=\"center\">~105<\/td>\r\n\t\t\t<td width=\"40\" bgcolor=\"#33CCCC\" align=\"center\">[<\/td>\r\n\t\t\t<td width=\"40\" bgcolor=\"#33CCCC\" align=\"center\">&nbsp;<\/td>\r\n\t\t\t<td width=\"40\" bgcolor=\"#33CCCC\" align=\"center\">&nbsp;<\/td>\r\n\t\t\t<td width=\"40\" bgcolor=\"#33CCCC\" align=\"center\">[<sup>2<\/sup>\r\n\t\t\t<\/td>\r\n\t\t\t<td width=\"40\" bgcolor=\"#33CCCC\" align=\"center\">&nbsp;<\/td>\r\n\t\t\t<td width=\"40\" bgcolor=\"#33CCCC\" align=\"center\">&nbsp;<\/td>\r\n\t\t<\/tr><tr>\r\n\t\t\t<td width=\"200\" align=\"right\">\r\n\t\t\t\t<a href=\"..\/..\/..\/..\/publications\/reprints\/2001\/eej_winds.pdf\" target=\"_blank\">Obl\u00edcua\r\n                Ancho-Angosto<\/a>\r\n \t\t\t\t<sup>4<\/sup>\r\n\t\t\t<\/td>\r\n\t\t\t<td width=\"100\" align=\"center\">95-120<\/td>\r\n\t\t\t<td width=\"40\" align=\"center\">[<\/td>\r\n\t\t\t<td width=\"40\" align=\"center\">&nbsp;<\/td>\r\n\t\t\t<td width=\"40\" align=\"center\">&nbsp;<\/td>\r\n\t\t\t<td width=\"40\" align=\"center\">[<sup>6<\/sup>\r\n\t\t\t<\/td>\r\n\t\t\t<td width=\"40\" align=\"center\">&nbsp;<\/td>\r\n\t\t\t<td width=\"40\" align=\"center\">&nbsp;<\/td>\r\n\t\t<\/tr><tr>\r\n\t\t\t<td width=\"200\" bgcolor=\"#33CCCC\" align=\"right\">\r\n\t\t\t\t<a href=\"..\/..\/..\/..\/publications\/reprints\/2001\/bistatic.pdf\" target=\"_blank\">Biest\u00e1tico<\/a>\r\n\t\t\t<\/td>\r\n\t\t\t<td width=\"100\" bgcolor=\"#33CCCC\" align=\"center\">95-115<\/td>\r\n\t\t\t<td width=\"40\" bgcolor=\"#33CCCC\" align=\"center\">&nbsp;<\/td>\r\n\t\t\t<td width=\"40\" bgcolor=\"#33CCCC\" align=\"center\">&nbsp;<\/td>\r\n\t\t\t<td width=\"40\" bgcolor=\"#33CCCC\" align=\"center\">[<sup>2.5<\/sup>\r\n\t\t\t<\/td>\r\n\t\t\t<td width=\"40\" bgcolor=\"#33CCCC\" align=\"center\">&nbsp;<\/td>\r\n\t\t\t<td width=\"40\" bgcolor=\"#33CCCC\" align=\"center\">&nbsp;<\/td>\r\n\t\t\t<td width=\"40\" bgcolor=\"#33CCCC\" align=\"center\">&nbsp;<\/td>\r\n\t\t<\/tr>\r\n\t<\/tbody><\/table>\r\n\r\n\t<\/center>\r\n<\/div>\t\t<\/div>\n\t\t\t\t<\/div>\n\t\t\t\t\t\t<\/div>\n\t\t\t\t\t<\/div>\n\t\t<\/div>\n\t\t\t\t\t\t\t\t<\/div>\n\t\t\t\t\t<\/div>\n\t\t<\/section>\n\t\t\t\t<section class=\"elementor-section elementor-top-section elementor-element elementor-element-c5ced28 elementor-section-stretched elementor-section-boxed elementor-section-height-default elementor-section-height-default\" data-id=\"c5ced28\" data-element_type=\"section\" data-settings=\"{&quot;stretch_section&quot;:&quot;section-stretched&quot;}\">\n\t\t\t\t\t\t<div class=\"elementor-container elementor-column-gap-default\">\n\t\t\t\t\t\t\t<div class=\"elementor-row\">\n\t\t\t\t\t<div class=\"elementor-column elementor-col-100 elementor-top-column elementor-element elementor-element-999c0ca\" data-id=\"999c0ca\" data-element_type=\"column\">\n\t\t\t<div class=\"elementor-column-wrap elementor-element-populated\">\n\t\t\t\t\t\t\t<div class=\"elementor-widget-wrap\">\n\t\t\t\t\t\t<div class=\"elementor-element elementor-element-d08b311 elementor-widget elementor-widget-html\" data-id=\"d08b311\" data-element_type=\"widget\" data-widget_type=\"html.default\">\n\t\t\t\t<div class=\"elementor-widget-container\">\n\t\t\t<address>\r\n\t<sup>1 <\/sup>Ecos a 150-km solo durante el d\u00eda\r\n<\/address>\r\n<address>\r\n\t<sup>2 <\/sup>En progreso\r\n<\/address>\r\n<address>\r\n\t<sup>3 <\/sup>Grieta estratosf\u00e9rica de 25-65 km . Mesosf\u00e9rica solo diurna.\r\n<\/address>\r\n<address>\r\n\t<sup>4 <\/sup>Covertura longitudinal m\u00e1s ancha\r\n<\/address>\r\n<address>\r\n\t<sup>5 <\/sup>Nocturno a\u00fan por probar\r\n<\/address>\r\n<address>\r\n\t<sup>6 <\/sup>Perfiles de altura\r\n<\/address>\r\n\t\t<\/div>\n\t\t\t\t<\/div>\n\t\t\t\t\t\t<\/div>\n\t\t\t\t\t<\/div>\n\t\t<\/div>\n\t\t\t\t\t\t\t\t<\/div>\n\t\t\t\t\t<\/div>\n\t\t<\/section>\n\t\t\t\t\t\t<\/div>\n\t\t\t\t\t\t<\/div>\n\t\t\t\t\t<\/div>\n\t\t","protected":false},"excerpt":{"rendered":"<p>MODOS DE DISPERSI\u00d3N COHERENTE Como radar de dispersi\u00f3n coherente, el radar de Jicarmarca es sensible a irregularidades atmosf\u00e9ricas e ionosf\u00e9ricas 3-m. M\u00e1s a\u00fan, en la ion\u00f3sfera estas irregularidades tienen que ser alineadas con el campo magn\u00e9tico. El radar trabajando generalmente en modo MST (Mes\u00f3sfera, Estrat\u00f3sfera y Trop\u00f3sfera) toma medidas en [&hellip;]<\/p>\n","protected":false},"author":1,"featured_media":0,"parent":1469,"menu_order":0,"comment_status":"closed","ping_status":"closed","template":"page-templates\/template-fullwidth.php","meta":{"footnotes":""},"class_list":["post-1498","page","type-page","status-publish","hentry"],"jetpack_sharing_enabled":true,"_links":{"self":[{"href":"https:\/\/www.igp.gob.pe\/observatorios\/radio-observatorio-jicamarca\/index.php?rest_route=\/wp\/v2\/pages\/1498","targetHints":{"allow":["GET"]}}],"collection":[{"href":"https:\/\/www.igp.gob.pe\/observatorios\/radio-observatorio-jicamarca\/index.php?rest_route=\/wp\/v2\/pages"}],"about":[{"href":"https:\/\/www.igp.gob.pe\/observatorios\/radio-observatorio-jicamarca\/index.php?rest_route=\/wp\/v2\/types\/page"}],"author":[{"embeddable":true,"href":"https:\/\/www.igp.gob.pe\/observatorios\/radio-observatorio-jicamarca\/index.php?rest_route=\/wp\/v2\/users\/1"}],"replies":[{"embeddable":true,"href":"https:\/\/www.igp.gob.pe\/observatorios\/radio-observatorio-jicamarca\/index.php?rest_route=%2Fwp%2Fv2%2Fcomments&post=1498"}],"version-history":[{"count":11,"href":"https:\/\/www.igp.gob.pe\/observatorios\/radio-observatorio-jicamarca\/index.php?rest_route=\/wp\/v2\/pages\/1498\/revisions"}],"predecessor-version":[{"id":4867,"href":"https:\/\/www.igp.gob.pe\/observatorios\/radio-observatorio-jicamarca\/index.php?rest_route=\/wp\/v2\/pages\/1498\/revisions\/4867"}],"up":[{"embeddable":true,"href":"https:\/\/www.igp.gob.pe\/observatorios\/radio-observatorio-jicamarca\/index.php?rest_route=\/wp\/v2\/pages\/1469"}],"wp:attachment":[{"href":"https:\/\/www.igp.gob.pe\/observatorios\/radio-observatorio-jicamarca\/index.php?rest_route=%2Fwp%2Fv2%2Fmedia&parent=1498"}],"curies":[{"name":"wp","href":"https:\/\/api.w.org\/{rel}","templated":true}]}}