{"id":12949,"date":"2024-05-13T16:01:27","date_gmt":"2024-05-13T21:01:27","guid":{"rendered":"https:\/\/www.igp.gob.pe\/observatorios\/radio-observatorio-jicamarca\/?page_id=12949"},"modified":"2026-03-19T13:53:29","modified_gmt":"2026-03-19T18:53:29","slug":"centro-nacional-de-monitoreo-de-clima-espacial","status":"publish","type":"page","link":"https:\/\/www.igp.gob.pe\/observatorios\/radio-observatorio-jicamarca\/?page_id=12949","title":{"rendered":"CENTRO NACIONAL DE MONITOREO DE CLIMA ESPACIAL"},"content":{"rendered":"\t\t<div data-elementor-type=\"wp-page\" data-elementor-id=\"12949\" class=\"elementor elementor-12949\" data-elementor-settings=\"[]\">\n\t\t\t\t\t\t<div class=\"elementor-inner\">\n\t\t\t\t\t\t\t<div class=\"elementor-section-wrap\">\n\t\t\t\t\t\t\t<section class=\"elementor-section elementor-top-section elementor-element elementor-element-311353a elementor-section-stretched elementor-section-boxed elementor-section-height-default elementor-section-height-default\" data-id=\"311353a\" data-element_type=\"section\" data-settings=\"{&quot;stretch_section&quot;:&quot;section-stretched&quot;}\">\n\t\t\t\t\t\t<div class=\"elementor-container elementor-column-gap-default\">\n\t\t\t\t\t\t\t<div class=\"elementor-row\">\n\t\t\t\t\t<div class=\"elementor-column elementor-col-100 elementor-top-column elementor-element elementor-element-38921a6\" data-id=\"38921a6\" data-element_type=\"column\">\n\t\t\t<div class=\"elementor-column-wrap elementor-element-populated\">\n\t\t\t\t\t\t\t<div class=\"elementor-widget-wrap\">\n\t\t\t\t\t\t<div class=\"elementor-element elementor-element-9dfb456 elementor-widget elementor-widget-image\" data-id=\"9dfb456\" data-element_type=\"widget\" data-widget_type=\"image.default\">\n\t\t\t\t<div class=\"elementor-widget-container\">\n\t\t\t\t\t<div class=\"elementor-image\">\n\t\t\t\t\t\t\t\t\t\t<img loading=\"lazy\" decoding=\"async\" width=\"1200\" height=\"410\" src=\"https:\/\/www.igp.gob.pe\/observatorios\/radio-observatorio-jicamarca\/wp-content\/uploads\/2024\/09\/metereologia_1200x410.png\" class=\"attachment-full size-full\" alt=\"\" srcset=\"https:\/\/www.igp.gob.pe\/observatorios\/radio-observatorio-jicamarca\/wp-content\/uploads\/2024\/09\/metereologia_1200x410.png 1200w, https:\/\/www.igp.gob.pe\/observatorios\/radio-observatorio-jicamarca\/wp-content\/uploads\/2024\/09\/metereologia_1200x410-300x103.png 300w, https:\/\/www.igp.gob.pe\/observatorios\/radio-observatorio-jicamarca\/wp-content\/uploads\/2024\/09\/metereologia_1200x410-1024x350.png 1024w, https:\/\/www.igp.gob.pe\/observatorios\/radio-observatorio-jicamarca\/wp-content\/uploads\/2024\/09\/metereologia_1200x410-768x262.png 768w\" sizes=\"auto, (max-width: 1200px) 100vw, 1200px\" \/>\t\t\t\t\t\t\t\t\t\t\t<\/div>\n\t\t\t\t<\/div>\n\t\t\t\t<\/div>\n\t\t\t\t\t\t<\/div>\n\t\t\t\t\t<\/div>\n\t\t<\/div>\n\t\t\t\t\t\t\t\t<\/div>\n\t\t\t\t\t<\/div>\n\t\t<\/section>\n\t\t\t\t<section class=\"elementor-section elementor-top-section elementor-element elementor-element-50d7c99 elementor-section-boxed elementor-section-height-default elementor-section-height-default\" data-id=\"50d7c99\" data-element_type=\"section\">\n\t\t\t\t\t\t<div class=\"elementor-container elementor-column-gap-default\">\n\t\t\t\t\t\t\t<div class=\"elementor-row\">\n\t\t\t\t\t<div class=\"elementor-column elementor-col-100 elementor-top-column elementor-element elementor-element-7307724\" data-id=\"7307724\" data-element_type=\"column\">\n\t\t\t<div class=\"elementor-column-wrap elementor-element-populated\">\n\t\t\t\t\t\t\t<div class=\"elementor-widget-wrap\">\n\t\t\t\t\t\t<div class=\"elementor-element elementor-element-3e2d8c3 elementor-widget elementor-widget-text-editor\" data-id=\"3e2d8c3\" data-element_type=\"widget\" data-widget_type=\"text-editor.default\">\n\t\t\t\t<div class=\"elementor-widget-container\">\n\t\t\t\t\t<div class=\"elementor-text-editor elementor-clearfix\"><p><span style=\"font-size: 25.2px;\">Centro Nacional de Monitoreo de Clima Espacial<\/span><\/p><\/div>\n\t\t\t\t<\/div>\n\t\t\t\t<\/div>\n\t\t\t\t\t\t<\/div>\n\t\t\t\t\t<\/div>\n\t\t<\/div>\n\t\t\t\t\t\t\t\t<\/div>\n\t\t\t\t\t<\/div>\n\t\t<\/section>\n\t\t\t\t<section class=\"elementor-section elementor-top-section elementor-element elementor-element-32e769b elementor-section-boxed elementor-section-height-default elementor-section-height-default\" data-id=\"32e769b\" data-element_type=\"section\">\n\t\t\t\t\t\t<div class=\"elementor-container elementor-column-gap-default\">\n\t\t\t\t\t\t\t<div class=\"elementor-row\">\n\t\t\t\t\t<div class=\"elementor-column elementor-col-100 elementor-top-column elementor-element elementor-element-afe7189\" data-id=\"afe7189\" data-element_type=\"column\">\n\t\t\t<div class=\"elementor-column-wrap elementor-element-populated\">\n\t\t\t\t\t\t\t<div class=\"elementor-widget-wrap\">\n\t\t\t\t\t\t<div class=\"elementor-element elementor-element-a4dd6c7 elementor-widget elementor-widget-text-editor\" data-id=\"a4dd6c7\" data-element_type=\"widget\" data-widget_type=\"text-editor.default\">\n\t\t\t\t<div class=\"elementor-widget-container\">\n\t\t\t\t\t<div class=\"elementor-text-editor elementor-clearfix\"><p><span style=\"font-size: inherit;\">Es un servicio desarrollado por el Instituto Geof\u00edsico del Per\u00fa, a trav\u00e9s de su sede del Radio Observatorio de Jicamarca, principal estaci\u00f3n ecuatorial de la cadena de radio observatorios de dispersi\u00f3n incoherente para el estudio de la atm\u00f3sfera y alta atm\u00f3sfera; en donde se comparten los datos sobre el clima espacial, en tiempo real, obtenidos por sus distintos instrumentos.<\/span><\/p><\/div>\n\t\t\t\t<\/div>\n\t\t\t\t<\/div>\n\t\t\t\t\t\t<\/div>\n\t\t\t\t\t<\/div>\n\t\t<\/div>\n\t\t\t\t\t\t\t\t<\/div>\n\t\t\t\t\t<\/div>\n\t\t<\/section>\n\t\t\t\t<section class=\"elementor-section elementor-top-section elementor-element elementor-element-4c0dbbd elementor-section-boxed elementor-section-height-default elementor-section-height-default\" data-id=\"4c0dbbd\" data-element_type=\"section\">\n\t\t\t\t\t\t<div class=\"elementor-container elementor-column-gap-default\">\n\t\t\t\t\t\t\t<div class=\"elementor-row\">\n\t\t\t\t\t<div class=\"elementor-column elementor-col-50 elementor-top-column elementor-element elementor-element-16cd3c1\" data-id=\"16cd3c1\" data-element_type=\"column\">\n\t\t\t<div class=\"elementor-column-wrap elementor-element-populated\">\n\t\t\t\t\t\t\t<div class=\"elementor-widget-wrap\">\n\t\t\t\t\t\t<div class=\"elementor-element elementor-element-67de9a3 elementor-widget elementor-widget-heading\" data-id=\"67de9a3\" data-element_type=\"widget\" data-widget_type=\"heading.default\">\n\t\t\t\t<div class=\"elementor-widget-container\">\n\t\t\t<div class=\"elementor-heading-title elementor-size-default\"><font color=\"#0000af\" face=\"Futura, Futura\"><span style=\"font-size: 25.2px; white-space-collapse: collapse;\">DST<\/span><\/font><\/div>\t\t<\/div>\n\t\t\t\t<\/div>\n\t\t\t\t<div class=\"elementor-element elementor-element-8d93396 elementor-widget elementor-widget-html\" data-id=\"8d93396\" data-element_type=\"widget\" data-widget_type=\"html.default\">\n\t\t\t\t<div class=\"elementor-widget-container\">\n\t\t\t\t\t\t<iframe src=\"clima_espacial\/last24hours\/en_dst.php?station=per\" width= 100%\n  height= 410px><\/iframe>\n  \t\t\n\t\t<\/div>\n\t\t\t\t<\/div>\n\t\t\t\t\t\t<\/div>\n\t\t\t\t\t<\/div>\n\t\t<\/div>\n\t\t\t\t<div class=\"elementor-column elementor-col-50 elementor-top-column elementor-element elementor-element-292aac0\" data-id=\"292aac0\" data-element_type=\"column\">\n\t\t\t<div class=\"elementor-column-wrap elementor-element-populated\">\n\t\t\t\t\t\t\t<div class=\"elementor-widget-wrap\">\n\t\t\t\t\t\t<div class=\"elementor-element elementor-element-fb5a7ac elementor-widget elementor-widget-heading\" data-id=\"fb5a7ac\" data-element_type=\"widget\" data-widget_type=\"heading.default\">\n\t\t\t\t<div class=\"elementor-widget-container\">\n\t\t\t<div class=\"elementor-heading-title elementor-size-default\"><font color=\"#0000af\" face=\"Futura, Futura\"><span style=\"font-size: 25.2px; white-space-collapse: collapse;\">K INDEX<\/span><\/font><\/div>\t\t<\/div>\n\t\t\t\t<\/div>\n\t\t\t\t<div class=\"elementor-element elementor-element-a665079 elementor-widget elementor-widget-html\" data-id=\"a665079\" data-element_type=\"widget\" data-widget_type=\"html.default\">\n\t\t\t\t<div class=\"elementor-widget-container\">\n\t\t\t\t\t\t<iframe src=\"clima_espacial\/last24hours\/en_indicek.php?station=per\" width= 100%\n  height= 410><\/iframe>\n\t\t<\/div>\n\t\t\t\t<\/div>\n\t\t\t\t\t\t<\/div>\n\t\t\t\t\t<\/div>\n\t\t<\/div>\n\t\t\t\t\t\t\t\t<\/div>\n\t\t\t\t\t<\/div>\n\t\t<\/section>\n\t\t\t\t<section class=\"elementor-section elementor-top-section elementor-element elementor-element-1d11ebf elementor-section-boxed elementor-section-height-default elementor-section-height-default\" data-id=\"1d11ebf\" data-element_type=\"section\">\n\t\t\t\t\t\t<div class=\"elementor-container elementor-column-gap-default\">\n\t\t\t\t\t\t\t<div class=\"elementor-row\">\n\t\t\t\t\t<div class=\"elementor-column elementor-col-100 elementor-top-column elementor-element elementor-element-4ad7e0f\" data-id=\"4ad7e0f\" data-element_type=\"column\">\n\t\t\t<div class=\"elementor-column-wrap elementor-element-populated\">\n\t\t\t\t\t\t\t<div class=\"elementor-widget-wrap\">\n\t\t\t\t\t\t<section class=\"elementor-section elementor-inner-section elementor-element elementor-element-475de7b elementor-section-boxed elementor-section-height-default elementor-section-height-default\" data-id=\"475de7b\" data-element_type=\"section\">\n\t\t\t\t\t\t<div class=\"elementor-container elementor-column-gap-default\">\n\t\t\t\t\t\t\t<div class=\"elementor-row\">\n\t\t\t\t\t<div class=\"elementor-column elementor-col-50 elementor-inner-column elementor-element elementor-element-4521288\" data-id=\"4521288\" data-element_type=\"column\">\n\t\t\t<div class=\"elementor-column-wrap elementor-element-populated\">\n\t\t\t\t\t\t\t<div class=\"elementor-widget-wrap\">\n\t\t\t\t\t\t<div class=\"elementor-element elementor-element-5231d8a elementor-widget elementor-widget-heading\" data-id=\"5231d8a\" data-element_type=\"widget\" data-widget_type=\"heading.default\">\n\t\t\t\t<div class=\"elementor-widget-container\">\n\t\t\t<div class=\"elementor-heading-title elementor-size-default\"><font color=\"#0000af\" face=\"Futura, Futura\"><span style=\"font-size: 25.2px; white-space-collapse: collapse;\">VERTICAL DRIFTS<\/span><\/font><\/div>\t\t<\/div>\n\t\t\t\t<\/div>\n\t\t\t\t<div class=\"elementor-element elementor-element-9dede32 elementor-widget elementor-widget-html\" data-id=\"9dede32\" data-element_type=\"widget\" data-widget_type=\"html.default\">\n\t\t\t\t<div class=\"elementor-widget-container\">\n\t\t\t\t\t\t\t<iframe src=\"clima_espacial\/last24hours\/en_drifts_vertical_y_driftNN.php?station=drifts_vertical\" width= 100%\n  height= 370px><\/iframe>\n\t\t<\/div>\n\t\t\t\t<\/div>\n\t\t\t\t\t\t<\/div>\n\t\t\t\t\t<\/div>\n\t\t<\/div>\n\t\t\t\t<div class=\"elementor-column elementor-col-50 elementor-inner-column elementor-element elementor-element-600d5fa\" data-id=\"600d5fa\" data-element_type=\"column\">\n\t\t\t<div class=\"elementor-column-wrap elementor-element-populated\">\n\t\t\t\t\t\t\t<div class=\"elementor-widget-wrap\">\n\t\t\t\t\t\t<div class=\"elementor-element elementor-element-64c0313 elementor-widget elementor-widget-heading\" data-id=\"64c0313\" data-element_type=\"widget\" data-widget_type=\"heading.default\">\n\t\t\t\t<div class=\"elementor-widget-container\">\n\t\t\t<div class=\"elementor-heading-title elementor-size-default\"><font color=\"#0000af\" face=\"Futura, Futura\"><span style=\"font-size: 25.2px; white-space-collapse: collapse;\">ZONAL DRIFTS<\/span><\/font><\/div>\t\t<\/div>\n\t\t\t\t<\/div>\n\t\t\t\t<div class=\"elementor-element elementor-element-e5037c3 elementor-widget elementor-widget-html\" data-id=\"e5037c3\" data-element_type=\"widget\" data-widget_type=\"html.default\">\n\t\t\t\t<div class=\"elementor-widget-container\">\n\t\t\t\t\t\t\t<iframe src=\"clima_espacial\/last24hours\/en_drifts_zonal_measured_and_estimated.php\" width= 100%\n  height= 370px><\/iframe>\n\t\t<\/div>\n\t\t\t\t<\/div>\n\t\t\t\t\t\t<\/div>\n\t\t\t\t\t<\/div>\n\t\t<\/div>\n\t\t\t\t\t\t\t\t<\/div>\n\t\t\t\t\t<\/div>\n\t\t<\/section>\n\t\t\t\t\t\t<\/div>\n\t\t\t\t\t<\/div>\n\t\t<\/div>\n\t\t\t\t\t\t\t\t<\/div>\n\t\t\t\t\t<\/div>\n\t\t<\/section>\n\t\t\t\t<section class=\"elementor-section elementor-top-section elementor-element elementor-element-08c5993 elementor-section-boxed elementor-section-height-default elementor-section-height-default\" data-id=\"08c5993\" data-element_type=\"section\">\n\t\t\t\t\t\t<div class=\"elementor-container elementor-column-gap-default\">\n\t\t\t\t\t\t\t<div class=\"elementor-row\">\n\t\t\t\t\t<div class=\"elementor-column elementor-col-100 elementor-top-column elementor-element elementor-element-9eab19e\" data-id=\"9eab19e\" data-element_type=\"column\">\n\t\t\t<div class=\"elementor-column-wrap elementor-element-populated\">\n\t\t\t\t\t\t\t<div class=\"elementor-widget-wrap\">\n\t\t\t\t\t\t<section class=\"elementor-section elementor-inner-section elementor-element elementor-element-6f5b09c elementor-section-boxed elementor-section-height-default elementor-section-height-default\" data-id=\"6f5b09c\" data-element_type=\"section\">\n\t\t\t\t\t\t<div class=\"elementor-container elementor-column-gap-default\">\n\t\t\t\t\t\t\t<div class=\"elementor-row\">\n\t\t\t\t\t<div class=\"elementor-column elementor-col-50 elementor-inner-column elementor-element elementor-element-813a9cd\" data-id=\"813a9cd\" data-element_type=\"column\">\n\t\t\t<div class=\"elementor-column-wrap elementor-element-populated\">\n\t\t\t\t\t\t\t<div class=\"elementor-widget-wrap\">\n\t\t\t\t\t\t<div class=\"elementor-element elementor-element-d798e08 elementor-widget elementor-widget-heading\" data-id=\"d798e08\" data-element_type=\"widget\" data-widget_type=\"heading.default\">\n\t\t\t\t<div class=\"elementor-widget-container\">\n\t\t\t<div class=\"elementor-heading-title elementor-size-default\"><font color=\"#0000af\" face=\"Futura, Futura\"><span style=\"font-size: 25.2px; white-space-collapse: collapse;\">HORIZONTAL MAGNETIC FIELD AND \u0394H<\/span><\/font><\/div>\t\t<\/div>\n\t\t\t\t<\/div>\n\t\t\t\t<div class=\"elementor-element elementor-element-0922517 elementor-widget elementor-widget-html\" data-id=\"0922517\" data-element_type=\"widget\" data-widget_type=\"html.default\">\n\t\t\t\t<div class=\"elementor-widget-container\">\n\t\t\t\t\t\t<iframe src=\"clima_espacial\/last24hours\/en_deltah_jica_piur.php\" width= 100%\n  height= 410px><\/iframe>\n\t\t<\/div>\n\t\t\t\t<\/div>\n\t\t\t\t\t\t<\/div>\n\t\t\t\t\t<\/div>\n\t\t<\/div>\n\t\t\t\t<div class=\"elementor-column elementor-col-50 elementor-inner-column elementor-element elementor-element-ee5b2a8\" data-id=\"ee5b2a8\" data-element_type=\"column\">\n\t\t\t<div class=\"elementor-column-wrap elementor-element-populated\">\n\t\t\t\t\t\t\t<div class=\"elementor-widget-wrap\">\n\t\t\t\t\t\t<div class=\"elementor-element elementor-element-1f8611d elementor-widget elementor-widget-heading\" data-id=\"1f8611d\" data-element_type=\"widget\" data-widget_type=\"heading.default\">\n\t\t\t\t<div class=\"elementor-widget-container\">\n\t\t\t<div class=\"elementor-heading-title elementor-size-default\"><font color=\"#0000af\" face=\"Futura, Futura\"><span style=\"font-size: 25.2px; white-space-collapse: collapse;\">PLASMA FREQUENCY HEIGHT PROFILES<\/span><\/font><\/div>\t\t<\/div>\n\t\t\t\t<\/div>\n\t\t\t\t<div class=\"elementor-element elementor-element-6886ce9 elementor-widget elementor-widget-html\" data-id=\"6886ce9\" data-element_type=\"widget\" data-widget_type=\"html.default\">\n\t\t\t\t<div class=\"elementor-widget-container\">\n\t\t\t<img decoding=\"async\" src=\"clima_espacial\/sao\/data\/figs\/latest.png\" \n     id=\"imgPreview\"\n     style=\"max-height: 410px; cursor: pointer;\">\t\t<\/div>\n\t\t\t\t<\/div>\n\t\t\t\t\t\t<\/div>\n\t\t\t\t\t<\/div>\n\t\t<\/div>\n\t\t\t\t\t\t\t\t<\/div>\n\t\t\t\t\t<\/div>\n\t\t<\/section>\n\t\t\t\t\t\t<\/div>\n\t\t\t\t\t<\/div>\n\t\t<\/div>\n\t\t\t\t\t\t\t\t<\/div>\n\t\t\t\t\t<\/div>\n\t\t<\/section>\n\t\t\t\t<section class=\"elementor-section elementor-top-section elementor-element elementor-element-905f1bc elementor-hidden-tablet elementor-hidden-phone elementor-section-boxed elementor-section-height-default elementor-section-height-default\" data-id=\"905f1bc\" data-element_type=\"section\">\n\t\t\t\t\t\t<div class=\"elementor-container elementor-column-gap-default\">\n\t\t\t\t\t\t\t<div class=\"elementor-row\">\n\t\t\t\t\t<div class=\"elementor-column elementor-col-100 elementor-top-column elementor-element elementor-element-f6a62fb\" data-id=\"f6a62fb\" data-element_type=\"column\">\n\t\t\t<div class=\"elementor-column-wrap elementor-element-populated\">\n\t\t\t\t\t\t\t<div class=\"elementor-widget-wrap\">\n\t\t\t\t\t\t<section class=\"elementor-section elementor-inner-section elementor-element elementor-element-6e93c41 elementor-section-boxed elementor-section-height-default elementor-section-height-default\" data-id=\"6e93c41\" data-element_type=\"section\">\n\t\t\t\t\t\t<div class=\"elementor-container elementor-column-gap-default\">\n\t\t\t\t\t\t\t<div class=\"elementor-row\">\n\t\t\t\t\t<div class=\"elementor-column elementor-col-100 elementor-inner-column elementor-element elementor-element-f83da8c\" data-id=\"f83da8c\" data-element_type=\"column\">\n\t\t\t<div class=\"elementor-column-wrap elementor-element-populated\">\n\t\t\t\t\t\t\t<div class=\"elementor-widget-wrap\">\n\t\t\t\t\t\t<div class=\"elementor-element elementor-element-dce2309 elementor-widget elementor-widget-heading\" data-id=\"dce2309\" data-element_type=\"widget\" data-widget_type=\"heading.default\">\n\t\t\t\t<div class=\"elementor-widget-container\">\n\t\t\t<div class=\"elementor-heading-title elementor-size-default\"><font color=\"#0000af\" face=\"Futura, Futura\"><span style=\"font-size: 25.2px; white-space-collapse: collapse;\">MUF<\/span><\/font><\/div>\t\t<\/div>\n\t\t\t\t<\/div>\n\t\t\t\t<div class=\"elementor-element elementor-element-832b174 elementor-widget elementor-widget-html\" data-id=\"832b174\" data-element_type=\"widget\" data-widget_type=\"html.default\">\n\t\t\t\t<div class=\"elementor-widget-container\">\n\t\t\t<!DOCTYPE html>\n<html lang=\"es\">\n<head>\n    <meta charset=\"UTF-8\">\n    <meta name=\"viewport\" content=\"width=device-width, initial-scale=1.0\">\n    <style>\n        \n      .container {\n            position: relative;\n        }\n        \n        \n        img{\n        width:800px;\n        z-index:-1;\n        top:-10px;\n        }\n        \n        \n    <\/style>\n<\/head>\n<body>\n    <div class=\"container\">\n\n            <img decoding=\"async\" class=\"img\" id=\"JICAMARCA\" src=\"https:\/\/www.igp.gob.pe\/observatorios\/radio-observatorio-jicamarca\/clima_espacial\/muf\/Jicamarca.png\" alt=\"Jicamarca;\">\n           \n       \n    <\/div>\n\n\n<\/body>\n<\/html>\n\t\t<\/div>\n\t\t\t\t<\/div>\n\t\t\t\t\t\t<\/div>\n\t\t\t\t\t<\/div>\n\t\t<\/div>\n\t\t\t\t\t\t\t\t<\/div>\n\t\t\t\t\t<\/div>\n\t\t<\/section>\n\t\t\t\t\t\t<\/div>\n\t\t\t\t\t<\/div>\n\t\t<\/div>\n\t\t\t\t\t\t\t\t<\/div>\n\t\t\t\t\t<\/div>\n\t\t<\/section>\n\t\t\t\t<section class=\"elementor-section elementor-top-section elementor-element elementor-element-6766834 elementor-section-stretched elementor-hidden-desktop elementor-section-boxed elementor-section-height-default elementor-section-height-default\" data-id=\"6766834\" data-element_type=\"section\" data-settings=\"{&quot;stretch_section&quot;:&quot;section-stretched&quot;}\">\n\t\t\t\t\t\t<div class=\"elementor-container elementor-column-gap-default\">\n\t\t\t\t\t\t\t<div class=\"elementor-row\">\n\t\t\t\t\t<div class=\"elementor-column elementor-col-100 elementor-top-column elementor-element elementor-element-2b69d39\" data-id=\"2b69d39\" data-element_type=\"column\">\n\t\t\t<div class=\"elementor-column-wrap elementor-element-populated\">\n\t\t\t\t\t\t\t<div class=\"elementor-widget-wrap\">\n\t\t\t\t\t\t<section class=\"elementor-section elementor-inner-section elementor-element elementor-element-3ffd4ce elementor-section-boxed elementor-section-height-default elementor-section-height-default\" data-id=\"3ffd4ce\" data-element_type=\"section\">\n\t\t\t\t\t\t<div class=\"elementor-container elementor-column-gap-default\">\n\t\t\t\t\t\t\t<div class=\"elementor-row\">\n\t\t\t\t\t<div class=\"elementor-column elementor-col-100 elementor-inner-column elementor-element elementor-element-2bd8187\" data-id=\"2bd8187\" data-element_type=\"column\">\n\t\t\t<div class=\"elementor-column-wrap elementor-element-populated\">\n\t\t\t\t\t\t\t<div class=\"elementor-widget-wrap\">\n\t\t\t\t\t\t<div class=\"elementor-element elementor-element-4b284ab elementor-widget elementor-widget-heading\" data-id=\"4b284ab\" data-element_type=\"widget\" data-widget_type=\"heading.default\">\n\t\t\t\t<div class=\"elementor-widget-container\">\n\t\t\t<div class=\"elementor-heading-title elementor-size-default\"><font color=\"#0000af\" face=\"Futura, Futura\"><span style=\"font-size: 25.2px; white-space-collapse: collapse;\">MUF<\/span><\/font><\/div>\t\t<\/div>\n\t\t\t\t<\/div>\n\t\t\t\t<div class=\"elementor-element elementor-element-6945d81 elementor-widget elementor-widget-html\" data-id=\"6945d81\" data-element_type=\"widget\" data-widget_type=\"html.default\">\n\t\t\t\t<div class=\"elementor-widget-container\">\n\t\t\t<!DOCTYPE html>\n<html lang=\"es\">\n<head>\n    <meta charset=\"UTF-8\">\n    <meta name=\"viewport\" content=\"width=device-width, initial-scale=1.0\">\n    <style>\n        \n      .container {\n            position: relative;\n        }\n        \n        \n        img{\n        width:800px;\n        z-index:-1;\n        top:-10px;\n        }\n        \n        \n    <\/style>\n<\/head>\n<body>\n    <div class=\"container\">\n\n            <img decoding=\"async\" class=\"img\" id=\"JICAMARCA\" src=\"https:\/\/www.igp.gob.pe\/observatorios\/radio-observatorio-jicamarca\/clima_espacial\/muf\/Jicamarca.png\" alt=\"Jicamarca;\">\n           \n       \n    <\/div>\n\n\n<\/body>\n<\/html>\n\t\t<\/div>\n\t\t\t\t<\/div>\n\t\t\t\t\t\t<\/div>\n\t\t\t\t\t<\/div>\n\t\t<\/div>\n\t\t\t\t\t\t\t\t<\/div>\n\t\t\t\t\t<\/div>\n\t\t<\/section>\n\t\t\t\t\t\t<\/div>\n\t\t\t\t\t<\/div>\n\t\t<\/div>\n\t\t\t\t\t\t\t\t<\/div>\n\t\t\t\t\t<\/div>\n\t\t<\/section>\n\t\t\t\t\t\t<\/div>\n\t\t\t\t\t\t<\/div>\n\t\t\t\t\t<\/div>\n\t\t","protected":false},"excerpt":{"rendered":"<p>Centro Nacional de Monitoreo de Clima Espacial Es un servicio desarrollado por el Instituto Geof\u00edsico del Per\u00fa, a trav\u00e9s de su sede del Radio Observatorio de Jicamarca, principal estaci\u00f3n ecuatorial de la cadena de radio observatorios de dispersi\u00f3n incoherente para el estudio de la atm\u00f3sfera y alta atm\u00f3sfera; en donde [&hellip;]<\/p>\n","protected":false},"author":1,"featured_media":0,"parent":13022,"menu_order":2,"comment_status":"closed","ping_status":"closed","template":"page-templates\/template-fullwidth.php","meta":{"footnotes":""},"class_list":["post-12949","page","type-page","status-publish","hentry"],"jetpack_sharing_enabled":true,"_links":{"self":[{"href":"https:\/\/www.igp.gob.pe\/observatorios\/radio-observatorio-jicamarca\/index.php?rest_route=\/wp\/v2\/pages\/12949","targetHints":{"allow":["GET"]}}],"collection":[{"href":"https:\/\/www.igp.gob.pe\/observatorios\/radio-observatorio-jicamarca\/index.php?rest_route=\/wp\/v2\/pages"}],"about":[{"href":"https:\/\/www.igp.gob.pe\/observatorios\/radio-observatorio-jicamarca\/index.php?rest_route=\/wp\/v2\/types\/page"}],"author":[{"embeddable":true,"href":"https:\/\/www.igp.gob.pe\/observatorios\/radio-observatorio-jicamarca\/index.php?rest_route=\/wp\/v2\/users\/1"}],"replies":[{"embeddable":true,"href":"https:\/\/www.igp.gob.pe\/observatorios\/radio-observatorio-jicamarca\/index.php?rest_route=%2Fwp%2Fv2%2Fcomments&post=12949"}],"version-history":[{"count":143,"href":"https:\/\/www.igp.gob.pe\/observatorios\/radio-observatorio-jicamarca\/index.php?rest_route=\/wp\/v2\/pages\/12949\/revisions"}],"predecessor-version":[{"id":15118,"href":"https:\/\/www.igp.gob.pe\/observatorios\/radio-observatorio-jicamarca\/index.php?rest_route=\/wp\/v2\/pages\/12949\/revisions\/15118"}],"up":[{"embeddable":true,"href":"https:\/\/www.igp.gob.pe\/observatorios\/radio-observatorio-jicamarca\/index.php?rest_route=\/wp\/v2\/pages\/13022"}],"wp:attachment":[{"href":"https:\/\/www.igp.gob.pe\/observatorios\/radio-observatorio-jicamarca\/index.php?rest_route=%2Fwp%2Fv2%2Fmedia&parent=12949"}],"curies":[{"name":"wp","href":"https:\/\/api.w.org\/{rel}","templated":true}]}}