{"id":573,"date":"2021-01-18T09:42:28","date_gmt":"2021-01-18T14:42:28","guid":{"rendered":"https:\/\/www.igp.gob.pe\/irep_igp\/?page_id=573"},"modified":"2025-12-11T08:40:11","modified_gmt":"2025-12-11T13:40:11","slug":"observatorio-geofisico-de-jicamarca","status":"publish","type":"page","link":"https:\/\/www.igp.gob.pe\/irep_igp\/?page_id=573","title":{"rendered":"OBSERVATORIO GEOFISICO DE JICAMARCA"},"content":{"rendered":"\t\t<div data-elementor-type=\"wp-page\" data-elementor-id=\"573\" class=\"elementor elementor-573\" data-elementor-settings=\"[]\">\n\t\t\t\t\t\t<div class=\"elementor-inner\">\n\t\t\t\t\t\t\t<div class=\"elementor-section-wrap\">\n\t\t\t\t\t\t\t<section class=\"elementor-section elementor-top-section elementor-element elementor-element-3fd4177 elementor-section-boxed elementor-section-height-default elementor-section-height-default\" data-id=\"3fd4177\" data-element_type=\"section\">\n\t\t\t\t\t\t<div class=\"elementor-container elementor-column-gap-default\">\n\t\t\t\t\t\t\t<div class=\"elementor-row\">\n\t\t\t\t\t<div class=\"elementor-column elementor-col-50 elementor-top-column elementor-element elementor-element-c063ba9\" data-id=\"c063ba9\" data-element_type=\"column\">\n\t\t\t<div class=\"elementor-column-wrap elementor-element-populated\">\n\t\t\t\t\t\t\t<div class=\"elementor-widget-wrap\">\n\t\t\t\t\t\t<div class=\"elementor-element elementor-element-2cb7f1a elementor--h-position-center elementor--v-position-middle elementor-pagination-position-inside elementor-widget elementor-widget-slides\" data-id=\"2cb7f1a\" data-element_type=\"widget\" data-settings=\"{&quot;navigation&quot;:&quot;dots&quot;,&quot;autoplay&quot;:&quot;yes&quot;,&quot;pause_on_hover&quot;:&quot;yes&quot;,&quot;pause_on_interaction&quot;:&quot;yes&quot;,&quot;autoplay_speed&quot;:5000,&quot;infinite&quot;:&quot;yes&quot;,&quot;transition&quot;:&quot;slide&quot;,&quot;transition_speed&quot;:500}\" data-widget_type=\"slides.default\">\n\t\t\t\t<div class=\"elementor-widget-container\">\n\t\t\t\t\t<div class=\"elementor-swiper\">\n\t\t\t<div class=\"elementor-slides-wrapper elementor-main-swiper swiper-container\" dir=\"ltr\" data-animation=\"\">\n\t\t\t\t<div class=\"swiper-wrapper elementor-slides\">\n\t\t\t\t\t<div class=\"elementor-repeater-item-49702dd swiper-slide\"><div class=\"swiper-slide-bg\"><\/div><div class=\"swiper-slide-inner\" ><div class=\"swiper-slide-contents\"><div class=\"elementor-slide-heading\">La Historia<\/div><div class=\"elementor-slide-description\">El OGJ observa y estudia\n<br>\nla ionosfera ecuatorial y la alta atm\u00f3sfera.<\/div><\/div><\/div><\/div>\t\t\t\t<\/div>\n\t\t\t\t\t\t\t<\/div>\n\t\t<\/div>\n\t\t\t\t<\/div>\n\t\t\t\t<\/div>\n\t\t\t\t\t\t<\/div>\n\t\t\t\t\t<\/div>\n\t\t<\/div>\n\t\t\t\t<div class=\"elementor-column elementor-col-50 elementor-top-column elementor-element elementor-element-c4feb8d\" data-id=\"c4feb8d\" data-element_type=\"column\">\n\t\t\t<div class=\"elementor-column-wrap elementor-element-populated\">\n\t\t\t\t\t\t\t<div class=\"elementor-widget-wrap\">\n\t\t\t\t\t\t<div class=\"elementor-element elementor-element-bfbc2e7 elementor-widget elementor-widget-text-editor\" data-id=\"bfbc2e7\" data-element_type=\"widget\" data-widget_type=\"text-editor.default\">\n\t\t\t\t<div class=\"elementor-widget-container\">\n\t\t\t\t\t<div class=\"elementor-text-editor elementor-clearfix\"><p>En esta secci\u00f3n<\/p><ul class=\"list list--marked \" data-v-3b4e872d=\"\"><li style=\"text-align: left;\"><a href=\"\/irep_igp\/\">\u2022 Sobre IREP<\/a><\/li><li style=\"text-align: left;\"><a href=\"?page_id=10217\" class=\"\">\u2022 Aplicar aqu\u00ed<\/a><\/li><li style=\"text-align: left;\"><a href=\"?page_id=10167\">\u2022 Fechas importantes<\/a><\/li><li style=\"text-align: left;\"><a href=\"?page_id=10173\" class=\"\">\u2022 Estudiantes elegidos<\/a><\/li><li style=\"text-align: left;\"><a href=\"?page_id=10175\">\u2022 Apoyo local y T\u00e9rminos de IREP<\/a><\/li><li style=\"text-align: left;\"><a href=\"?page_id=10177\">\u2022 Temas de investigaci\u00f3n \/ desarrollo<\/a><\/li><li style=\"text-align: left;\"><span>\u2022 Observatorio Geof\u00edsico de Jicamarca (Ex Radio Observatorio de Jicamarca)<\/span><\/li><\/ul><\/div>\n\t\t\t\t<\/div>\n\t\t\t\t<\/div>\n\t\t\t\t\t\t<\/div>\n\t\t\t\t\t<\/div>\n\t\t<\/div>\n\t\t\t\t\t\t\t\t<\/div>\n\t\t\t\t\t<\/div>\n\t\t<\/section>\n\t\t\t\t<section class=\"elementor-section elementor-top-section elementor-element elementor-element-be5b9c0 elementor-section-boxed elementor-section-height-default elementor-section-height-default\" data-id=\"be5b9c0\" data-element_type=\"section\">\n\t\t\t\t\t\t<div class=\"elementor-container elementor-column-gap-default\">\n\t\t\t\t\t\t\t<div class=\"elementor-row\">\n\t\t\t\t\t<div class=\"elementor-column elementor-col-100 elementor-top-column elementor-element elementor-element-684cef7\" data-id=\"684cef7\" data-element_type=\"column\">\n\t\t\t<div class=\"elementor-column-wrap elementor-element-populated\">\n\t\t\t\t\t\t\t<div class=\"elementor-widget-wrap\">\n\t\t\t\t\t\t<div class=\"elementor-element elementor-element-3ee4cfd elementor-widget elementor-widget-text-editor\" data-id=\"3ee4cfd\" data-element_type=\"widget\" data-widget_type=\"text-editor.default\">\n\t\t\t\t<div class=\"elementor-widget-container\">\n\t\t\t\t\t<div class=\"elementor-text-editor elementor-clearfix\"><p>HISTORIA DEL OBSERVATORIO GEOF\u00cdSICO DE JICAMARCA (EX RADIO OBSERVATORIO DE JICAMARCA)<\/p><\/div>\n\t\t\t\t<\/div>\n\t\t\t\t<\/div>\n\t\t\t\t\t\t<\/div>\n\t\t\t\t\t<\/div>\n\t\t<\/div>\n\t\t\t\t\t\t\t\t<\/div>\n\t\t\t\t\t<\/div>\n\t\t<\/section>\n\t\t\t\t<section class=\"elementor-section elementor-top-section elementor-element elementor-element-f97b3c5 elementor-section-boxed elementor-section-height-default elementor-section-height-default\" data-id=\"f97b3c5\" data-element_type=\"section\">\n\t\t\t\t\t\t<div class=\"elementor-container elementor-column-gap-default\">\n\t\t\t\t\t\t\t<div class=\"elementor-row\">\n\t\t\t\t\t<div class=\"elementor-column elementor-col-50 elementor-top-column elementor-element elementor-element-93309f0\" data-id=\"93309f0\" data-element_type=\"column\">\n\t\t\t<div class=\"elementor-column-wrap elementor-element-populated\">\n\t\t\t\t\t\t\t<div class=\"elementor-widget-wrap\">\n\t\t\t\t\t\t<div class=\"elementor-element elementor-element-6b98600 elementor-widget elementor-widget-image\" data-id=\"6b98600\" data-element_type=\"widget\" data-widget_type=\"image.default\">\n\t\t\t\t<div class=\"elementor-widget-container\">\n\t\t\t\t\t<div class=\"elementor-image\">\n\t\t\t\t\t\t\t\t\t\t<img decoding=\"async\" src=\"https:\/\/www.igp.gob.pe\/observatorios\/radio-observatorio-jicamarca\/wp-content\/uploads\/2021\/08\/1-historia-497x336-1.jpg\" title=\"\" alt=\"\" \/>\t\t\t\t\t\t\t\t\t\t\t<\/div>\n\t\t\t\t<\/div>\n\t\t\t\t<\/div>\n\t\t\t\t\t\t<\/div>\n\t\t\t\t\t<\/div>\n\t\t<\/div>\n\t\t\t\t<div class=\"elementor-column elementor-col-50 elementor-top-column elementor-element elementor-element-10a37dd\" data-id=\"10a37dd\" data-element_type=\"column\">\n\t\t\t<div class=\"elementor-column-wrap elementor-element-populated\">\n\t\t\t\t\t\t\t<div class=\"elementor-widget-wrap\">\n\t\t\t\t\t\t<div class=\"elementor-element elementor-element-a434d5b elementor-widget elementor-widget-text-editor\" data-id=\"a434d5b\" data-element_type=\"widget\" data-widget_type=\"text-editor.default\">\n\t\t\t\t<div class=\"elementor-widget-container\">\n\t\t\t\t\t<div class=\"elementor-text-editor elementor-clearfix\"><p>En el contexto de la carrera espacial, el Observatorio Geof\u00edsico de Jicamarca (OGJ) (Ex Radio Observatorio de Jicamarca) fue construido, entre 1960 y 1962, para realizar estudios y observaciones de la ion\u00f3sfera y alta atm\u00f3sfera ecuatorial. La construcci\u00f3n del OGJ estuvo a cargo del Laboratorio Central de Radio Propagaci\u00f3n (CRPL, por sus siglas en ingl\u00e9s) del National Bureau of Standards (NBS) de los Estados Unidos en cooperaci\u00f3n con el Instituto Geof\u00edsico del Per\u00fa (IGP). Posteriormente, el CRPL form\u00f3 parte del Environmental Science Service Administration (ESSA), que luego se convertir\u00eda en la National Oceanic and Atmospheric Administration (NOAA) de los Estados Unidos.<\/p><\/div>\n\t\t\t\t<\/div>\n\t\t\t\t<\/div>\n\t\t\t\t\t\t<\/div>\n\t\t\t\t\t<\/div>\n\t\t<\/div>\n\t\t\t\t\t\t\t\t<\/div>\n\t\t\t\t\t<\/div>\n\t\t<\/section>\n\t\t\t\t<section class=\"elementor-section elementor-top-section elementor-element elementor-element-8c10e1d elementor-section-boxed elementor-section-height-default elementor-section-height-default\" data-id=\"8c10e1d\" data-element_type=\"section\">\n\t\t\t\t\t\t<div class=\"elementor-container elementor-column-gap-default\">\n\t\t\t\t\t\t\t<div class=\"elementor-row\">\n\t\t\t\t\t<div class=\"elementor-column elementor-col-50 elementor-top-column elementor-element elementor-element-f243097\" data-id=\"f243097\" data-element_type=\"column\">\n\t\t\t<div class=\"elementor-column-wrap elementor-element-populated\">\n\t\t\t\t\t\t\t<div class=\"elementor-widget-wrap\">\n\t\t\t\t\t\t<div class=\"elementor-element elementor-element-6000d03 elementor-widget elementor-widget-html\" data-id=\"6000d03\" data-element_type=\"widget\" data-widget_type=\"html.default\">\n\t\t\t\t<div class=\"elementor-widget-container\">\n\t\t\t<!-- Importar Material Icons -->\n<link href=\"https:\/\/fonts.googleapis.com\/icon?family=Material+Icons\" rel=\"stylesheet\">\n\n<style>\n  .aero-section {\n    text-align: center;\n    max-width: 500px;\n    width: 100%;\n    margin: 0 auto;\n    font-family: 'Futura', sans-serif;\n    position: relative;\n  }\n\n  .aero-line {\n    height: 3px;\n    background: #0000af;\n    position: absolute;\n    top: 20px;\n    left: 0;\n    width: 50%;\n    z-index: 0;\n  }\n\n  .aero-title-badge {\n    display: inline-block;\n    background-color: #0000af;\n    color: white;\n    padding: 6px 60px;\n    border-radius: 30px;\n    font-weight: bold;\n    font-size: 16px;\n    position: relative;\n    z-index: 1;\n    margin-bottom: 20px;\n  }\n\n\n  @media (max-width: 768px) {\n    .aero-line {\n      display: none;\n    }\n  }\n<\/style>\n\n<!-- HTML del contenido -->\n<div class=\"aero-line\"><\/div>\n<div class=\"aero-section\">\n  <div class=\"aero-title-badge\">1961<\/div>\n<\/div>\n \n  \n\t\t<\/div>\n\t\t\t\t<\/div>\n\t\t\t\t<div class=\"elementor-element elementor-element-61943de elementor-widget elementor-widget-text-editor\" data-id=\"61943de\" data-element_type=\"widget\" data-widget_type=\"text-editor.default\">\n\t\t\t\t<div class=\"elementor-widget-container\">\n\t\t\t\t\t<div class=\"elementor-text-editor elementor-clearfix\"><p>En 1961, se realizaron las primeras observaciones de la ion\u00f3sfera con s\u00f3lo una octava parte de la antena principal del radar de Jicamarca y esto marc\u00f3 el inicio de m\u00faltiples estudios y observaciones que se han realizado a lo largo de los a\u00f1os.<\/p><\/div>\n\t\t\t\t<\/div>\n\t\t\t\t<\/div>\n\t\t\t\t\t\t<\/div>\n\t\t\t\t\t<\/div>\n\t\t<\/div>\n\t\t\t\t<div class=\"elementor-column elementor-col-50 elementor-top-column elementor-element elementor-element-738642e\" data-id=\"738642e\" data-element_type=\"column\">\n\t\t\t<div class=\"elementor-column-wrap elementor-element-populated\">\n\t\t\t\t\t\t\t<div class=\"elementor-widget-wrap\">\n\t\t\t\t\t\t<div class=\"elementor-element elementor-element-c2d3f9a elementor-widget elementor-widget-image\" data-id=\"c2d3f9a\" data-element_type=\"widget\" data-widget_type=\"image.default\">\n\t\t\t\t<div class=\"elementor-widget-container\">\n\t\t\t\t\t<div class=\"elementor-image\">\n\t\t\t\t\t\t\t\t\t\t<img decoding=\"async\" src=\"https:\/\/www.igp.gob.pe\/observatorios\/radio-observatorio-jicamarca\/wp-content\/uploads\/2021\/08\/2-historia-397x251-1.jpg\" title=\"\" alt=\"\" \/>\t\t\t\t\t\t\t\t\t\t\t<\/div>\n\t\t\t\t<\/div>\n\t\t\t\t<\/div>\n\t\t\t\t\t\t<\/div>\n\t\t\t\t\t<\/div>\n\t\t<\/div>\n\t\t\t\t\t\t\t\t<\/div>\n\t\t\t\t\t<\/div>\n\t\t<\/section>\n\t\t\t\t<section class=\"elementor-section elementor-top-section elementor-element elementor-element-c4e8222 elementor-section-boxed elementor-section-height-default elementor-section-height-default\" data-id=\"c4e8222\" data-element_type=\"section\">\n\t\t\t\t\t\t<div class=\"elementor-container elementor-column-gap-default\">\n\t\t\t\t\t\t\t<div class=\"elementor-row\">\n\t\t\t\t\t<div class=\"elementor-column elementor-col-50 elementor-top-column elementor-element elementor-element-80eba8a\" data-id=\"80eba8a\" data-element_type=\"column\">\n\t\t\t<div class=\"elementor-column-wrap elementor-element-populated\">\n\t\t\t\t\t\t\t<div class=\"elementor-widget-wrap\">\n\t\t\t\t\t\t<div class=\"elementor-element elementor-element-3a8666f elementor-widget elementor-widget-html\" data-id=\"3a8666f\" data-element_type=\"widget\" data-widget_type=\"html.default\">\n\t\t\t\t<div class=\"elementor-widget-container\">\n\t\t\t<!-- Importar Material Icons -->\n<link href=\"https:\/\/fonts.googleapis.com\/icon?family=Material+Icons\" rel=\"stylesheet\">\n\n<style>\n  .aero-section {\n    text-align: center;\n    max-width: 500px;\n    width: 100%;\n    margin: 0 auto;\n    font-family: 'Futura', sans-serif;\n    position: relative;\n  }\n\n  .aero-line {\n    height: 3px;\n    background: #0000af;\n    position: absolute;\n    top: 20px;\n    left: 0;\n    width: 50%;\n    z-index: 0;\n  }\n\n  .aero-title-badge {\n    display: inline-block;\n    background-color: #0000af;\n    color: white;\n    padding: 6px 60px;\n    border-radius: 30px;\n    font-weight: bold;\n    font-size: 16px;\n    position: relative;\n    z-index: 1;\n    margin-bottom: 20px;\n  }\n\n\n  @media (max-width: 768px) {\n    .aero-line {\n      display: none;\n    }\n  }\n<\/style>\n\n<!-- HTML del contenido -->\n<div class=\"aero-line\"><\/div>\n<div class=\"aero-section\">\n  <div class=\"aero-title-badge\">1969<\/div>\n<\/div>\n \n  \n\t\t<\/div>\n\t\t\t\t<\/div>\n\t\t\t\t<div class=\"elementor-element elementor-element-2229a13 elementor-widget elementor-widget-text-editor\" data-id=\"2229a13\" data-element_type=\"widget\" data-widget_type=\"text-editor.default\">\n\t\t\t\t<div class=\"elementor-widget-container\">\n\t\t\t\t\t<div class=\"elementor-text-editor elementor-clearfix\"><p>A\u00f1os m\u00e1s tarde, en 1969, ESSA transfiri\u00f3 la direcci\u00f3n del observatorio al IGP y continu\u00f3 proporcionando soporte a las operaciones del observatorio por varios a\u00f1os m\u00e1s; sin embargo, esta ayuda fue reducida gradualmente. Por su parte, la National Science Foundation (NSF, por sus siglas en ingl\u00e9s) empez\u00f3 a apoyar parcialmente en el funcionamiento del OGJ, primero a trav\u00e9s de NOAA y, desde 1979, a trav\u00e9s de la Universidad de Cornell mediante un Convenio de Cooperaci\u00f3n con el IGP.<\/p><\/div>\n\t\t\t\t<\/div>\n\t\t\t\t<\/div>\n\t\t\t\t<div class=\"elementor-element elementor-element-9846e70 elementor-widget elementor-widget-html\" data-id=\"9846e70\" data-element_type=\"widget\" data-widget_type=\"html.default\">\n\t\t\t\t<div class=\"elementor-widget-container\">\n\t\t\t<!-- Importar Material Icons -->\n<link href=\"https:\/\/fonts.googleapis.com\/icon?family=Material+Icons\" rel=\"stylesheet\">\n\n<style>\n  .aero-section {\n    text-align: center;\n    max-width: 500px;\n    width: 100%;\n    margin: 0 auto;\n    font-family: 'Futura', sans-serif;\n    position: relative;\n  }\n\n  .aero-line {\n    height: 3px;\n    background: #0000af;\n    position: absolute;\n    top: 20px;\n    left: 0;\n    width: 50%;\n    z-index: 0;\n  }\n\n  .aero-title-badge {\n    display: inline-block;\n    background-color: #0000af;\n    color: white;\n    padding: 6px 60px;\n    border-radius: 30px;\n    font-weight: bold;\n    font-size: 16px;\n    position: relative;\n    z-index: 1;\n    margin-bottom: 20px;\n  }\n\n\n  @media (max-width: 768px) {\n    .aero-line {\n      display: none;\n    }\n  }\n<\/style>\n\n<!-- HTML del contenido -->\n<div class=\"aero-line\"><\/div>\n<div class=\"aero-section\">\n  <div class=\"aero-title-badge\">1991<\/div>\n<\/div>\n \n  \n\t\t<\/div>\n\t\t\t\t<\/div>\n\t\t\t\t<div class=\"elementor-element elementor-element-201ad13 elementor-widget elementor-widget-text-editor\" data-id=\"201ad13\" data-element_type=\"widget\" data-widget_type=\"text-editor.default\">\n\t\t\t\t<div class=\"elementor-widget-container\">\n\t\t\t\t\t<div class=\"elementor-text-editor elementor-clearfix\"><p>En 1991, se crea Ciencia Internacional \u2014asociaci\u00f3n civil sin fines de lucro\u2014 con el objetivo de brindar soporte de personal, bienes y servicios al observatorio y as\u00ed apoyar al IGP en el funcionamiento del OGJ.<\/p><\/div>\n\t\t\t\t<\/div>\n\t\t\t\t<\/div>\n\t\t\t\t<div class=\"elementor-element elementor-element-fefd586 elementor-widget elementor-widget-text-editor\" data-id=\"fefd586\" data-element_type=\"widget\" data-widget_type=\"text-editor.default\">\n\t\t\t\t<div class=\"elementor-widget-container\">\n\t\t\t\t\t<div class=\"elementor-text-editor elementor-clearfix\"><p>Para ver mas fotos, dar click <a href=\"?page_id=15308\">aqu\u00ed<\/a><\/p><\/div>\n\t\t\t\t<\/div>\n\t\t\t\t<\/div>\n\t\t\t\t\t\t<\/div>\n\t\t\t\t\t<\/div>\n\t\t<\/div>\n\t\t\t\t<div class=\"elementor-column elementor-col-50 elementor-top-column elementor-element elementor-element-8050127\" data-id=\"8050127\" data-element_type=\"column\">\n\t\t\t<div class=\"elementor-column-wrap elementor-element-populated\">\n\t\t\t\t\t\t\t<div class=\"elementor-widget-wrap\">\n\t\t\t\t\t\t<div class=\"elementor-element elementor-element-29dbf31 elementor-widget elementor-widget-image\" data-id=\"29dbf31\" data-element_type=\"widget\" data-widget_type=\"image.default\">\n\t\t\t\t<div class=\"elementor-widget-container\">\n\t\t\t\t\t<div class=\"elementor-image\">\n\t\t\t\t\t\t\t\t\t\t<img decoding=\"async\" src=\"https:\/\/www.igp.gob.pe\/observatorios\/radio-observatorio-jicamarca\/wp-content\/uploads\/2021\/08\/3-historia-397x500-1.jpg\" title=\"\" alt=\"\" \/>\t\t\t\t\t\t\t\t\t\t\t<\/div>\n\t\t\t\t<\/div>\n\t\t\t\t<\/div>\n\t\t\t\t\t\t<\/div>\n\t\t\t\t\t<\/div>\n\t\t<\/div>\n\t\t\t\t\t\t\t\t<\/div>\n\t\t\t\t\t<\/div>\n\t\t<\/section>\n\t\t\t\t\t\t<\/div>\n\t\t\t\t\t\t<\/div>\n\t\t\t\t\t<\/div>\n\t\t","protected":false},"excerpt":{"rendered":"<p>La HistoriaEl OGJ observa y estudia la ionosfera ecuatorial y la alta atm\u00f3sfera. En esta secci\u00f3n \u2022 Sobre IREP \u2022 Aplicar aqu\u00ed \u2022 Fechas importantes \u2022 Estudiantes elegidos \u2022 Apoyo local y T\u00e9rminos de IREP \u2022 Temas de investigaci\u00f3n \/ desarrollo \u2022 Observatorio Geof\u00edsico de Jicamarca (Ex Radio Observatorio de [&hellip;]<\/p>\n","protected":false},"author":1,"featured_media":0,"parent":5143,"menu_order":0,"comment_status":"closed","ping_status":"closed","template":"page-templates\/template-fullwidth.php","meta":{"footnotes":""},"class_list":["post-573","page","type-page","status-publish","hentry"],"jetpack_sharing_enabled":true,"_links":{"self":[{"href":"https:\/\/www.igp.gob.pe\/irep_igp\/index.php?rest_route=\/wp\/v2\/pages\/573","targetHints":{"allow":["GET"]}}],"collection":[{"href":"https:\/\/www.igp.gob.pe\/irep_igp\/index.php?rest_route=\/wp\/v2\/pages"}],"about":[{"href":"https:\/\/www.igp.gob.pe\/irep_igp\/index.php?rest_route=\/wp\/v2\/types\/page"}],"author":[{"embeddable":true,"href":"https:\/\/www.igp.gob.pe\/irep_igp\/index.php?rest_route=\/wp\/v2\/users\/1"}],"replies":[{"embeddable":true,"href":"https:\/\/www.igp.gob.pe\/irep_igp\/index.php?rest_route=%2Fwp%2Fv2%2Fcomments&post=573"}],"version-history":[{"count":110,"href":"https:\/\/www.igp.gob.pe\/irep_igp\/index.php?rest_route=\/wp\/v2\/pages\/573\/revisions"}],"predecessor-version":[{"id":15413,"href":"https:\/\/www.igp.gob.pe\/irep_igp\/index.php?rest_route=\/wp\/v2\/pages\/573\/revisions\/15413"}],"up":[{"embeddable":true,"href":"https:\/\/www.igp.gob.pe\/irep_igp\/index.php?rest_route=\/wp\/v2\/pages\/5143"}],"wp:attachment":[{"href":"https:\/\/www.igp.gob.pe\/irep_igp\/index.php?rest_route=%2Fwp%2Fv2%2Fmedia&parent=573"}],"curies":[{"name":"wp","href":"https:\/\/api.w.org\/{rel}","templated":true}]}}