{"id":5143,"date":"2021-04-28T08:39:29","date_gmt":"2021-04-28T13:39:29","guid":{"rendered":"https:\/\/www.igp.gob.pe\/irep_igp\/?page_id=5143"},"modified":"2025-12-17T12:17:18","modified_gmt":"2025-12-17T17:17:18","slug":"inicio2","status":"publish","type":"page","link":"https:\/\/www.igp.gob.pe\/irep_igp\/","title":{"rendered":"ACERCA DE"},"content":{"rendered":"\t\t<div data-elementor-type=\"wp-page\" data-elementor-id=\"5143\" class=\"elementor elementor-5143\" data-elementor-settings=\"[]\">\n\t\t\t\t\t\t<div class=\"elementor-inner\">\n\t\t\t\t\t\t\t<div class=\"elementor-section-wrap\">\n\t\t\t\t\t\t\t<section class=\"elementor-section elementor-top-section elementor-element elementor-element-8b038c0 elementor-section-boxed elementor-section-height-default elementor-section-height-default\" data-id=\"8b038c0\" data-element_type=\"section\">\n\t\t\t\t\t\t<div class=\"elementor-container elementor-column-gap-default\">\n\t\t\t\t\t\t\t<div class=\"elementor-row\">\n\t\t\t\t\t<div class=\"elementor-column elementor-col-50 elementor-top-column elementor-element elementor-element-198c031\" data-id=\"198c031\" data-element_type=\"column\">\n\t\t\t<div class=\"elementor-column-wrap elementor-element-populated\">\n\t\t\t\t\t\t\t<div class=\"elementor-widget-wrap\">\n\t\t\t\t\t\t<div class=\"elementor-element elementor-element-43f22ba elementor-widget elementor-widget-text-editor\" data-id=\"43f22ba\" data-element_type=\"widget\" data-widget_type=\"text-editor.default\">\n\t\t\t\t<div class=\"elementor-widget-container\">\n\t\t\t\t\t<div class=\"elementor-text-editor elementor-clearfix\"><p>PROGRAMA INTERNACIONAL DE EXPERIENCIA EN INVESTIGACI\u00d3N EN CIENCIAS DEL GEOESPACIO Y DESARROLLO TECNOL\u00d3GICO<\/p><\/div>\n\t\t\t\t<\/div>\n\t\t\t\t<\/div>\n\t\t\t\t<div class=\"elementor-element elementor-element-e870536 elementor-widget elementor-widget-text-editor\" data-id=\"e870536\" data-element_type=\"widget\" data-widget_type=\"text-editor.default\">\n\t\t\t\t<div class=\"elementor-widget-container\">\n\t\t\t\t\t<div class=\"elementor-text-editor elementor-clearfix\"><p>El Ministerio del Ambiente (Minam), a trav\u00e9s del Instituto Geof\u00edsico del Per\u00fa (IGP), se complace en anunciar su Programa Internacional Anual de Experiencia en Investigaci\u00f3n en Ciencias del Geoespacio (IREP_IGP) realizado en nuestra sede del Observatorio Geof\u00edsico de Jicamarca. (ex Radio Observatorio de Jicamarca) en Lima, Per\u00fa. Este programa inici\u00f3 en 2006 y est\u00e1 orientado a estudiantes de pregrado y posgrado que deseen adquirir experiencia en tecnolog\u00edas de radar e instrumentaci\u00f3n cient\u00edfica para la investigaci\u00f3n en ciencias del geoespacio y es patrocinado por la Fundaci\u00f3n Nacional de Ciencias a trav\u00e9s de la Universidad de Cornell con la colaboraci\u00f3n local de Ciencia Internacional.<br \/>El IGP avanza en su misi\u00f3n de profundizar en el conocimiento de la atm\u00f3sfera y la ion\u00f3sfera ecuatorial, as\u00ed como las bajas latitudes y los sistemas a los que se acoplan, fomentando la creaci\u00f3n de t\u00e9cnicas de radar y radiodetecci\u00f3n de vanguardia, para capacitar y educar a las nuevas generaciones de f\u00edsicos espaciales, cient\u00edficos y t\u00e9cnicos a expandir sus propias capacidades a trav\u00e9s de la actualizaci\u00f3n y la invenci\u00f3n, y aumentar su influencia a nivel internacional.<br \/>Los estudiantes trabajar\u00e1n con los ingenieros e investigadores de la instituci\u00f3n, en proyectos relacionados con investigaciones nuevas o en curso. \u00c9stas pueden llevarse a cabo en ciencias de la ion\u00f3sfera y la atm\u00f3sfera neutra, as\u00ed como en desarrollo de software para el procesamiento de se\u00f1ales. Dada su ubicaci\u00f3n, frecuencia de operaci\u00f3n y el arreglo del sistema de radar, la mayor\u00eda de las capacidades de investigaci\u00f3n de IGP en ciencias del geoespacio son \u00fanicas. Por ejemplo, este es el mejor lugar del mundo donde se pueden aprender y explorar im\u00e1genes de radar de fen\u00f3menos atmosf\u00e9ricos e ionosf\u00e9ricos. Adem\u00e1s de las capacidades de investigaci\u00f3n \u00fanicas donde los estudiantes pueden proponer y realizar sus propios experimentos. El IGP ofrece una buena oportunidad para obtener experiencia pr\u00e1ctica en diferentes aspectos de los sistemas de radar, desde cambiar las conexiones de la antena, mejorar los componentes de RF del sistema, hasta desarrollar sofisticados programas de adquisici\u00f3n y procesamiento. Los estudiantes tambi\u00e9n estar\u00e1n expuestos a frecuentes conferencias y seminarios impartidos por el personal y por los cient\u00edficos visitantes. Adem\u00e1s, tambi\u00e9n los estudiantes har\u00e1n presentaciones al principio y al final de su experiencia. Un beneficio adicional del programa es que los estudiantes conocer\u00e1n el Per\u00fa, heredero de culturas milenarias y rica tradici\u00f3n colonial.<\/p><div><\/div><p><strong>Agradecimientos:<\/strong><\/p><p>El Instituto Geof\u00edsico del Per\u00fa, cuenta con el apoyo t\u00e9cnico \u2013 cient\u00edfico de la NSF AGS-2213849 a trav\u00e9s de la Universidad de Cornell. El programa anual de experiencia de investigaci\u00f3n internacional es parte de este apoyo.<\/p><\/div>\n\t\t\t\t<\/div>\n\t\t\t\t<\/div>\n\t\t\t\t<section class=\"elementor-section elementor-inner-section elementor-element elementor-element-3cb1532 elementor-section-boxed elementor-section-height-default elementor-section-height-default\" data-id=\"3cb1532\" data-element_type=\"section\">\n\t\t\t\t\t\t<div class=\"elementor-container elementor-column-gap-default\">\n\t\t\t\t\t\t\t<div class=\"elementor-row\">\n\t\t\t\t\t<div class=\"elementor-column elementor-col-100 elementor-inner-column elementor-element elementor-element-3a6be1d\" data-id=\"3a6be1d\" data-element_type=\"column\">\n\t\t\t<div class=\"elementor-column-wrap elementor-element-populated\">\n\t\t\t\t\t\t\t<div class=\"elementor-widget-wrap\">\n\t\t\t\t\t\t<div class=\"elementor-element elementor-element-38d2dc7 elementor-widget elementor-widget-text-editor\" data-id=\"38d2dc7\" data-element_type=\"widget\" data-widget_type=\"text-editor.default\">\n\t\t\t\t<div class=\"elementor-widget-container\">\n\t\t\t\t\t<div class=\"elementor-text-editor elementor-clearfix\"><p>Organizado por:<\/p><\/div>\n\t\t\t\t<\/div>\n\t\t\t\t<\/div>\n\t\t\t\t\t\t<\/div>\n\t\t\t\t\t<\/div>\n\t\t<\/div>\n\t\t\t\t\t\t\t\t<\/div>\n\t\t\t\t\t<\/div>\n\t\t<\/section>\n\t\t\t\t<section class=\"elementor-section elementor-inner-section elementor-element elementor-element-cb447d9 elementor-section-boxed elementor-section-height-default elementor-section-height-default\" data-id=\"cb447d9\" data-element_type=\"section\">\n\t\t\t\t\t\t<div class=\"elementor-container elementor-column-gap-default\">\n\t\t\t\t\t\t\t<div class=\"elementor-row\">\n\t\t\t\t\t<div class=\"elementor-column elementor-col-100 elementor-inner-column elementor-element elementor-element-ad113eb\" data-id=\"ad113eb\" data-element_type=\"column\">\n\t\t\t<div class=\"elementor-column-wrap elementor-element-populated\">\n\t\t\t\t\t\t\t<div class=\"elementor-widget-wrap\">\n\t\t\t\t\t\t<div class=\"elementor-element elementor-element-9e857bf elementor-widget elementor-widget-image\" data-id=\"9e857bf\" data-element_type=\"widget\" data-widget_type=\"image.default\">\n\t\t\t\t<div class=\"elementor-widget-container\">\n\t\t\t\t\t<div class=\"elementor-image\">\n\t\t\t\t\t\t\t\t\t\t<img loading=\"lazy\" decoding=\"async\" width=\"308\" height=\"90\" src=\"https:\/\/www.igp.gob.pe\/irep_igp\/wp-content\/uploads\/2021\/03\/logo_igp_normal-1-e1672265232402.png\" class=\"attachment-full size-full\" alt=\"\" srcset=\"https:\/\/www.igp.gob.pe\/irep_igp\/wp-content\/uploads\/2021\/03\/logo_igp_normal-1-e1672265232402.png 308w, https:\/\/www.igp.gob.pe\/irep_igp\/wp-content\/uploads\/2021\/03\/logo_igp_normal-1-e1672265232402-300x88.png 300w\" sizes=\"auto, (max-width: 308px) 100vw, 308px\" \/>\t\t\t\t\t\t\t\t\t\t\t<\/div>\n\t\t\t\t<\/div>\n\t\t\t\t<\/div>\n\t\t\t\t<div class=\"elementor-element elementor-element-42fc76e elementor-widget elementor-widget-spacer\" data-id=\"42fc76e\" data-element_type=\"widget\" data-widget_type=\"spacer.default\">\n\t\t\t\t<div class=\"elementor-widget-container\">\n\t\t\t\t\t<div class=\"elementor-spacer\">\n\t\t\t<div class=\"elementor-spacer-inner\"><\/div>\n\t\t<\/div>\n\t\t\t\t<\/div>\n\t\t\t\t<\/div>\n\t\t\t\t\t\t<\/div>\n\t\t\t\t\t<\/div>\n\t\t<\/div>\n\t\t\t\t\t\t\t\t<\/div>\n\t\t\t\t\t<\/div>\n\t\t<\/section>\n\t\t\t\t<section class=\"elementor-section elementor-inner-section elementor-element elementor-element-0c9fc3a elementor-section-boxed elementor-section-height-default elementor-section-height-default\" data-id=\"0c9fc3a\" data-element_type=\"section\">\n\t\t\t\t\t\t<div class=\"elementor-container elementor-column-gap-default\">\n\t\t\t\t\t\t\t<div class=\"elementor-row\">\n\t\t\t\t\t<div class=\"elementor-column elementor-col-100 elementor-inner-column elementor-element elementor-element-1c5cbca\" data-id=\"1c5cbca\" data-element_type=\"column\">\n\t\t\t<div class=\"elementor-column-wrap elementor-element-populated\">\n\t\t\t\t\t\t\t<div class=\"elementor-widget-wrap\">\n\t\t\t\t\t\t<div class=\"elementor-element elementor-element-2d64367 elementor-widget elementor-widget-text-editor\" data-id=\"2d64367\" data-element_type=\"widget\" data-widget_type=\"text-editor.default\">\n\t\t\t\t<div class=\"elementor-widget-container\">\n\t\t\t\t\t<div class=\"elementor-text-editor elementor-clearfix\"><p>Patrocinado por:<\/p><\/div>\n\t\t\t\t<\/div>\n\t\t\t\t<\/div>\n\t\t\t\t\t\t<\/div>\n\t\t\t\t\t<\/div>\n\t\t<\/div>\n\t\t\t\t\t\t\t\t<\/div>\n\t\t\t\t\t<\/div>\n\t\t<\/section>\n\t\t\t\t<section class=\"elementor-section elementor-inner-section elementor-element elementor-element-906ca94 elementor-section-boxed elementor-section-height-default elementor-section-height-default\" data-id=\"906ca94\" data-element_type=\"section\">\n\t\t\t\t\t\t<div class=\"elementor-container elementor-column-gap-default\">\n\t\t\t\t\t\t\t<div class=\"elementor-row\">\n\t\t\t\t\t<div class=\"elementor-column elementor-col-33 elementor-inner-column elementor-element elementor-element-df2248c\" data-id=\"df2248c\" data-element_type=\"column\">\n\t\t\t<div class=\"elementor-column-wrap elementor-element-populated\">\n\t\t\t\t\t\t\t<div class=\"elementor-widget-wrap\">\n\t\t\t\t\t\t<div class=\"elementor-element elementor-element-295f38c elementor-widget elementor-widget-image\" data-id=\"295f38c\" data-element_type=\"widget\" data-widget_type=\"image.default\">\n\t\t\t\t<div class=\"elementor-widget-container\">\n\t\t\t\t\t<div class=\"elementor-image\">\n\t\t\t\t\t\t\t\t\t\t<img loading=\"lazy\" decoding=\"async\" width=\"2046\" height=\"2048\" src=\"https:\/\/www.igp.gob.pe\/irep_igp\/wp-content\/uploads\/2022\/06\/nsf.png\" class=\"attachment-full size-full\" alt=\"\" srcset=\"https:\/\/www.igp.gob.pe\/irep_igp\/wp-content\/uploads\/2022\/06\/nsf.png 2046w, https:\/\/www.igp.gob.pe\/irep_igp\/wp-content\/uploads\/2022\/06\/nsf-300x300.png 300w, https:\/\/www.igp.gob.pe\/irep_igp\/wp-content\/uploads\/2022\/06\/nsf-1024x1024.png 1024w, https:\/\/www.igp.gob.pe\/irep_igp\/wp-content\/uploads\/2022\/06\/nsf-150x150.png 150w, https:\/\/www.igp.gob.pe\/irep_igp\/wp-content\/uploads\/2022\/06\/nsf-768x769.png 768w\" sizes=\"auto, (max-width: 2046px) 100vw, 2046px\" \/>\t\t\t\t\t\t\t\t\t\t\t<\/div>\n\t\t\t\t<\/div>\n\t\t\t\t<\/div>\n\t\t\t\t\t\t<\/div>\n\t\t\t\t\t<\/div>\n\t\t<\/div>\n\t\t\t\t<div class=\"elementor-column elementor-col-33 elementor-inner-column elementor-element elementor-element-b3a4148\" data-id=\"b3a4148\" data-element_type=\"column\">\n\t\t\t<div class=\"elementor-column-wrap elementor-element-populated\">\n\t\t\t\t\t\t\t<div class=\"elementor-widget-wrap\">\n\t\t\t\t\t\t<div class=\"elementor-element elementor-element-369c075 elementor-widget elementor-widget-image\" data-id=\"369c075\" data-element_type=\"widget\" data-widget_type=\"image.default\">\n\t\t\t\t<div class=\"elementor-widget-container\">\n\t\t\t\t\t<div class=\"elementor-image\">\n\t\t\t\t\t\t\t\t\t\t<img loading=\"lazy\" decoding=\"async\" width=\"240\" height=\"240\" src=\"https:\/\/www.igp.gob.pe\/irep_igp\/wp-content\/uploads\/2022\/07\/Cornell_University_seal.svg_.png\" class=\"attachment-full size-full\" alt=\"\" srcset=\"https:\/\/www.igp.gob.pe\/irep_igp\/wp-content\/uploads\/2022\/07\/Cornell_University_seal.svg_.png 240w, https:\/\/www.igp.gob.pe\/irep_igp\/wp-content\/uploads\/2022\/07\/Cornell_University_seal.svg_-150x150.png 150w\" sizes=\"auto, (max-width: 240px) 100vw, 240px\" \/>\t\t\t\t\t\t\t\t\t\t\t<\/div>\n\t\t\t\t<\/div>\n\t\t\t\t<\/div>\n\t\t\t\t\t\t<\/div>\n\t\t\t\t\t<\/div>\n\t\t<\/div>\n\t\t\t\t<div class=\"elementor-column elementor-col-33 elementor-inner-column elementor-element elementor-element-f32f78e\" data-id=\"f32f78e\" data-element_type=\"column\">\n\t\t\t<div class=\"elementor-column-wrap elementor-element-populated\">\n\t\t\t\t\t\t\t<div class=\"elementor-widget-wrap\">\n\t\t\t\t\t\t<div class=\"elementor-element elementor-element-2773e9c elementor-widget elementor-widget-image\" data-id=\"2773e9c\" data-element_type=\"widget\" data-widget_type=\"image.default\">\n\t\t\t\t<div class=\"elementor-widget-container\">\n\t\t\t\t\t<div class=\"elementor-image\">\n\t\t\t\t\t\t\t\t\t\t<img loading=\"lazy\" decoding=\"async\" width=\"223\" height=\"181\" src=\"https:\/\/www.igp.gob.pe\/irep_igp\/wp-content\/uploads\/2022\/06\/LOGO-CI.png\" class=\"attachment-full size-full\" alt=\"\" \/>\t\t\t\t\t\t\t\t\t\t\t<\/div>\n\t\t\t\t<\/div>\n\t\t\t\t<\/div>\n\t\t\t\t\t\t<\/div>\n\t\t\t\t\t<\/div>\n\t\t<\/div>\n\t\t\t\t\t\t\t\t<\/div>\n\t\t\t\t\t<\/div>\n\t\t<\/section>\n\t\t\t\t<div class=\"elementor-element elementor-element-93a7d88 elementor-widget elementor-widget-spacer\" data-id=\"93a7d88\" data-element_type=\"widget\" data-widget_type=\"spacer.default\">\n\t\t\t\t<div class=\"elementor-widget-container\">\n\t\t\t\t\t<div class=\"elementor-spacer\">\n\t\t\t<div class=\"elementor-spacer-inner\"><\/div>\n\t\t<\/div>\n\t\t\t\t<\/div>\n\t\t\t\t<\/div>\n\t\t\t\t\t\t<\/div>\n\t\t\t\t\t<\/div>\n\t\t<\/div>\n\t\t\t\t<div class=\"elementor-column elementor-col-50 elementor-top-column elementor-element elementor-element-a1ebc62\" data-id=\"a1ebc62\" data-element_type=\"column\">\n\t\t\t<div class=\"elementor-column-wrap elementor-element-populated\">\n\t\t\t\t\t\t\t<div class=\"elementor-widget-wrap\">\n\t\t\t\t\t\t<div class=\"elementor-element elementor-element-ac82db3 elementor-widget elementor-widget-text-editor\" data-id=\"ac82db3\" data-element_type=\"widget\" data-widget_type=\"text-editor.default\">\n\t\t\t\t<div class=\"elementor-widget-container\">\n\t\t\t\t\t<div class=\"elementor-text-editor elementor-clearfix\"><p>En esta secci\u00f3n<\/p><ul class=\"list list--marked \" data-v-3b4e872d=\"\"><li style=\"text-align: left;\">\u2022 Sobre IREP<\/li><li style=\"text-align: left;\"><a href=\"?page_id=10217\" class=\"\">\u2022 Aplicar aqu\u00ed<\/a><\/li><li style=\"text-align: left;\"><a href=\"?page_id=10167\" class=\"\">\u2022 Fechas importantes<\/a><\/li><li style=\"text-align: left;\"><a href=\"?page_id=10173\" class=\"\">\u2022 Estudiantes elegidos<\/a><\/li><li style=\"text-align: left;\"><a href=\"?page_id=10175\" class=\"\">\u2022 Apoyo local y T\u00e9rminos de IREP<\/a><\/li><li style=\"text-align: left;\"><a href=\"?page_id=10177\">\u2022 Temas de investigaci\u00f3n \/ desarrollo<\/a><\/li><li style=\"text-align: left;\"><a href=\"?page_id=573\" class=\"\"><span>\u2022 Observatorio Geof\u00edsico de Jicamarca (Ex Radio Observatorio de Jicamarca)<\/span><\/a><\/li><\/ul><\/div>\n\t\t\t\t<\/div>\n\t\t\t\t<\/div>\n\t\t\t\t\t\t<\/div>\n\t\t\t\t\t<\/div>\n\t\t<\/div>\n\t\t\t\t\t\t\t\t<\/div>\n\t\t\t\t\t<\/div>\n\t\t<\/section>\n\t\t\t\t\t\t<\/div>\n\t\t\t\t\t\t<\/div>\n\t\t\t\t\t<\/div>\n\t\t","protected":false},"excerpt":{"rendered":"<p>PROGRAMA INTERNACIONAL DE EXPERIENCIA EN INVESTIGACI\u00d3N EN CIENCIAS DEL GEOESPACIO Y DESARROLLO TECNOL\u00d3GICO El Ministerio del Ambiente (Minam), a trav\u00e9s del Instituto Geof\u00edsico del Per\u00fa (IGP), se complace en anunciar su Programa Internacional Anual de Experiencia en Investigaci\u00f3n en Ciencias del Geoespacio (IREP_IGP) realizado en nuestra sede del Observatorio Geof\u00edsico [&hellip;]<\/p>\n","protected":false},"author":1,"featured_media":0,"parent":14906,"menu_order":0,"comment_status":"closed","ping_status":"closed","template":"page-templates\/template-fullwidth.php","meta":{"footnotes":""},"class_list":["post-5143","page","type-page","status-publish","hentry"],"jetpack_sharing_enabled":true,"_links":{"self":[{"href":"https:\/\/www.igp.gob.pe\/irep_igp\/index.php?rest_route=\/wp\/v2\/pages\/5143","targetHints":{"allow":["GET"]}}],"collection":[{"href":"https:\/\/www.igp.gob.pe\/irep_igp\/index.php?rest_route=\/wp\/v2\/pages"}],"about":[{"href":"https:\/\/www.igp.gob.pe\/irep_igp\/index.php?rest_route=\/wp\/v2\/types\/page"}],"author":[{"embeddable":true,"href":"https:\/\/www.igp.gob.pe\/irep_igp\/index.php?rest_route=\/wp\/v2\/users\/1"}],"replies":[{"embeddable":true,"href":"https:\/\/www.igp.gob.pe\/irep_igp\/index.php?rest_route=%2Fwp%2Fv2%2Fcomments&post=5143"}],"version-history":[{"count":1155,"href":"https:\/\/www.igp.gob.pe\/irep_igp\/index.php?rest_route=\/wp\/v2\/pages\/5143\/revisions"}],"predecessor-version":[{"id":15453,"href":"https:\/\/www.igp.gob.pe\/irep_igp\/index.php?rest_route=\/wp\/v2\/pages\/5143\/revisions\/15453"}],"up":[{"embeddable":true,"href":"https:\/\/www.igp.gob.pe\/irep_igp\/index.php?rest_route=\/wp\/v2\/pages\/14906"}],"wp:attachment":[{"href":"https:\/\/www.igp.gob.pe\/irep_igp\/index.php?rest_route=%2Fwp%2Fv2%2Fmedia&parent=5143"}],"curies":[{"name":"wp","href":"https:\/\/api.w.org\/{rel}","templated":true}]}}