{"id":10229,"date":"2022-02-22T12:47:53","date_gmt":"2022-02-22T17:47:53","guid":{"rendered":"https:\/\/www.igp.gob.pe\/irep_igp\/?page_id=10229"},"modified":"2025-12-04T16:11:20","modified_gmt":"2025-12-04T21:11:20","slug":"acerca-de-peru","status":"publish","type":"page","link":"https:\/\/www.igp.gob.pe\/irep_igp\/?page_id=10229","title":{"rendered":"ACERCA DE PERU"},"content":{"rendered":"\t\t<div data-elementor-type=\"wp-page\" data-elementor-id=\"10229\" class=\"elementor elementor-10229\" data-elementor-settings=\"[]\">\n\t\t\t\t\t\t<div class=\"elementor-inner\">\n\t\t\t\t\t\t\t<div class=\"elementor-section-wrap\">\n\t\t\t\t\t\t\t<section class=\"elementor-section elementor-top-section elementor-element elementor-element-3c4f778 elementor-section-content-middle elementor-section-boxed elementor-section-height-default elementor-section-height-default\" data-id=\"3c4f778\" data-element_type=\"section\">\n\t\t\t\t\t\t<div class=\"elementor-container elementor-column-gap-default\">\n\t\t\t\t\t\t\t<div class=\"elementor-row\">\n\t\t\t\t\t<div class=\"elementor-column elementor-col-100 elementor-top-column elementor-element elementor-element-d59c01b\" data-id=\"d59c01b\" data-element_type=\"column\">\n\t\t\t<div class=\"elementor-column-wrap elementor-element-populated\">\n\t\t\t\t\t\t\t<div class=\"elementor-widget-wrap\">\n\t\t\t\t\t\t<div class=\"elementor-element elementor-element-94f5f0f elementor-widget elementor-widget-text-editor\" data-id=\"94f5f0f\" data-element_type=\"widget\" data-widget_type=\"text-editor.default\">\n\t\t\t\t<div class=\"elementor-widget-container\">\n\t\t\t\t\t<div class=\"elementor-text-editor elementor-clearfix\"><p>ACERCA DEL PER\u00da<\/p><\/div>\n\t\t\t\t<\/div>\n\t\t\t\t<\/div>\n\t\t\t\t<div class=\"elementor-element elementor-element-cc16291 elementor-widget elementor-widget-text-editor\" data-id=\"cc16291\" data-element_type=\"widget\" data-widget_type=\"text-editor.default\">\n\t\t\t\t<div class=\"elementor-widget-container\">\n\t\t\t\t\t<div class=\"elementor-text-editor elementor-clearfix\"><p>El Per\u00fa es un gran atractivo tur\u00edstico debido a su diversidad geogr\u00e1fica, cultural y gastron\u00f3mica. Durante su estad\u00eda, tendr\u00e1 la oportunidad de visitar ciudades y conocer su historia. Nuestro territorio est\u00e1 organizado en 24 departamentos y una provincia constitucional donde encontrar\u00e1 miles de sitios arqueol\u00f3gicos, restaurantes, museos, etc.<br \/>Para obtener m\u00e1s informaci\u00f3n sobre el Per\u00fa, revise los siguientes enlaces:<\/p><p><b>Videos<\/b><\/p><p><a target=\"_blank\" href=\"http:\/\/www.youtube.com\/watch?v=XzMFpRp5pYo\" rel=\"noopener\">Peru Empire of Hidden Treasures &#8211; The Beginning<\/a><br \/><a target=\"_blank\" href=\"http:\/\/www.youtube.com\/watch?v=7yKBwsN5ZlQ&amp;feature=relmfu\" rel=\"noopener\">Peru Empire of Hidden Treasures &#8211; The Legacy<br \/><\/a><a target=\"_blank\" href=\"http:\/\/www.youtube.com\/watch?v=WzKo6ptrRYI\" rel=\"noopener\">Marca Peru 2012 Spot (Spanish version)<br \/><\/a><a target=\"_blank\" href=\"http:\/\/www.youtube.com\/watch?v=r_xBZcVEH1I\" rel=\"noopener\">Peruvian Culture Embassadors in Peru-Nebraska (USA)<\/a><\/p><p><b>Sobre el Per\u00fa<\/b><br \/><a target=\"_blank\" href=\"http:\/\/hiddentreasures.peru.travel\/\" rel=\"noopener\">PromPeru Peru Travel<br \/><\/a><a target=\"_blank\" href=\"http:\/\/www.peru-travel-adventures.com\/\" rel=\"noopener\">Peru Travel Adventures<br \/><\/a><a target=\"_blank\" href=\"http:\/\/www.terra.com.pe\/turismo\/\" rel=\"noopener\">Terra Turismo<br \/><\/a><a target=\"_blank\" href=\"http:\/\/www.visitperu.com\/\" rel=\"noopener\">Visit Peru<\/a><\/p><p><b>Clases de espa\u00f1ol<\/b><br \/><a target=\"_blank\" href=\"http:\/\/elsol.idiomasperu.com\/\" rel=\"noopener\">El Sol Language School<\/a><\/p><p><b>Mapas<\/b><br \/><a target=\"_blank\" href=\"http:\/\/planos.paginasamarillas.com.pe\/Mapas\/\" rel=\"noopener\">Planos P\u00e1ginas Amarillas<\/a><\/p><p><b>Actividades tur\u00edsticas<\/b><br \/><a target=\"_blank\" href=\"http:\/\/www.perubike.com\/\" rel=\"noopener\">Peru Bike<br \/><\/a><a target=\"_blank\" href=\"http:\/\/www.perubikingtours.com\/\" rel=\"noopener\">Peru Biking Tours<br \/><\/a><a target=\"_blank\" href=\"http:\/\/www.mirabusperu.com\/\" rel=\"noopener\">Mirabus<br \/><\/a><a target=\"_blank\" href=\"http:\/\/www.condortravel.com\/\" rel=\"noopener\">Condor Travel Agency<\/a><\/p><p><b>Transporte en bus<\/b><br \/><a target=\"_blank\" href=\"http:\/\/www.cruzdelsur.com.pe\/\" rel=\"noopener\">Cruz del Sur<br \/><\/a><a target=\"_blank\" href=\"http:\/\/www.oltursa.pe\/\" rel=\"noopener\">Oltursa<\/a><\/p><p><\/p><\/div>\n\t\t\t\t<\/div>\n\t\t\t\t<\/div>\n\t\t\t\t\t\t<\/div>\n\t\t\t\t\t<\/div>\n\t\t<\/div>\n\t\t\t\t\t\t\t\t<\/div>\n\t\t\t\t\t<\/div>\n\t\t<\/section>\n\t\t\t\t\t\t<\/div>\n\t\t\t\t\t\t<\/div>\n\t\t\t\t\t<\/div>\n\t\t","protected":false},"excerpt":{"rendered":"<p>ACERCA DEL PER\u00da El Per\u00fa es un gran atractivo tur\u00edstico debido a su diversidad geogr\u00e1fica, cultural y gastron\u00f3mica. Durante su estad\u00eda, tendr\u00e1 la oportunidad de visitar ciudades y conocer su historia. Nuestro territorio est\u00e1 organizado en 24 departamentos y una provincia constitucional donde encontrar\u00e1 miles de sitios arqueol\u00f3gicos, restaurantes, museos, [&hellip;]<\/p>\n","protected":false},"author":1,"featured_media":0,"parent":14906,"menu_order":5,"comment_status":"closed","ping_status":"closed","template":"page-templates\/template-fullwidth.php","meta":{"footnotes":""},"class_list":["post-10229","page","type-page","status-publish","hentry"],"jetpack_sharing_enabled":true,"_links":{"self":[{"href":"https:\/\/www.igp.gob.pe\/irep_igp\/index.php?rest_route=\/wp\/v2\/pages\/10229","targetHints":{"allow":["GET"]}}],"collection":[{"href":"https:\/\/www.igp.gob.pe\/irep_igp\/index.php?rest_route=\/wp\/v2\/pages"}],"about":[{"href":"https:\/\/www.igp.gob.pe\/irep_igp\/index.php?rest_route=\/wp\/v2\/types\/page"}],"author":[{"embeddable":true,"href":"https:\/\/www.igp.gob.pe\/irep_igp\/index.php?rest_route=\/wp\/v2\/users\/1"}],"replies":[{"embeddable":true,"href":"https:\/\/www.igp.gob.pe\/irep_igp\/index.php?rest_route=%2Fwp%2Fv2%2Fcomments&post=10229"}],"version-history":[{"count":14,"href":"https:\/\/www.igp.gob.pe\/irep_igp\/index.php?rest_route=\/wp\/v2\/pages\/10229\/revisions"}],"predecessor-version":[{"id":15075,"href":"https:\/\/www.igp.gob.pe\/irep_igp\/index.php?rest_route=\/wp\/v2\/pages\/10229\/revisions\/15075"}],"up":[{"embeddable":true,"href":"https:\/\/www.igp.gob.pe\/irep_igp\/index.php?rest_route=\/wp\/v2\/pages\/14906"}],"wp:attachment":[{"href":"https:\/\/www.igp.gob.pe\/irep_igp\/index.php?rest_route=%2Fwp%2Fv2%2Fmedia&parent=10229"}],"curies":[{"name":"wp","href":"https:\/\/api.w.org\/{rel}","templated":true}]}}