{"id":10175,"date":"2022-02-22T11:17:53","date_gmt":"2022-02-22T16:17:53","guid":{"rendered":"https:\/\/www.igp.gob.pe\/irep_igp\/?page_id=10175"},"modified":"2025-12-10T12:16:47","modified_gmt":"2025-12-10T17:16:47","slug":"apoyo-local-y-terminos-de-irep","status":"publish","type":"page","link":"https:\/\/www.igp.gob.pe\/irep_igp\/?page_id=10175","title":{"rendered":"APOYO LOCAL Y TERMINOS DE IREP"},"content":{"rendered":"\t\t<div data-elementor-type=\"wp-page\" data-elementor-id=\"10175\" class=\"elementor elementor-10175\" data-elementor-settings=\"[]\">\n\t\t\t\t\t\t<div class=\"elementor-inner\">\n\t\t\t\t\t\t\t<div class=\"elementor-section-wrap\">\n\t\t\t\t\t\t\t<section class=\"elementor-section elementor-top-section elementor-element elementor-element-f04d4e1 elementor-section-boxed elementor-section-height-default elementor-section-height-default\" data-id=\"f04d4e1\" data-element_type=\"section\">\n\t\t\t\t\t\t<div class=\"elementor-container elementor-column-gap-default\">\n\t\t\t\t\t\t\t<div class=\"elementor-row\">\n\t\t\t\t\t<div class=\"elementor-column elementor-col-50 elementor-top-column elementor-element elementor-element-02f519e\" data-id=\"02f519e\" data-element_type=\"column\">\n\t\t\t<div class=\"elementor-column-wrap elementor-element-populated\">\n\t\t\t\t\t\t\t<div class=\"elementor-widget-wrap\">\n\t\t\t\t\t\t<div class=\"elementor-element elementor-element-02426fe elementor-widget elementor-widget-text-editor\" data-id=\"02426fe\" data-element_type=\"widget\" data-widget_type=\"text-editor.default\">\n\t\t\t\t<div class=\"elementor-widget-container\">\n\t\t\t\t\t<div class=\"elementor-text-editor elementor-clearfix\"><p>APOYO LOCAL Y T\u00c9RMINOS DE IREP<\/p><\/div>\n\t\t\t\t<\/div>\n\t\t\t\t<\/div>\n\t\t\t\t<div class=\"elementor-element elementor-element-0957181 elementor-widget elementor-widget-text-editor\" data-id=\"0957181\" data-element_type=\"widget\" data-widget_type=\"text-editor.default\">\n\t\t\t\t<div class=\"elementor-widget-container\">\n\t\t\t\t\t<div class=\"elementor-text-editor elementor-clearfix\"><p>El programa cubrir\u00e1 los gastos de viaje (hacia y desde Lima) as\u00ed como un estipendio razonable. Dado que el Observatorio se encuentra fuera de la ciudad de Lima, se proporcionar\u00e1 transporte. Nuestra sede del\u00a0 Observatorio Geof\u00edsico de Jicamarca (Ex Radio Observatorio de Jicamarca) normalmente opera de lunes a jueves de 8 a.m. a 6 p.m. Hay una hora de descanso al mediod\u00eda para el almuerzo y principalmente actividades deportivas (f\u00fatbol, \u200b\u200bvoleibol, carreras, caminatas y ping-pong).<br \/>Dadas las diferencias culturales y de idioma, el personal del IGP ayudar\u00e1 a los estudiantes uno por uno a encontrar un alojamiento adecuado <a href=\"https:\/\/drive.google.com\/file\/d\/1QK4pT1KvKSM3tNGHRJv0XHq_AccIoKfT\/view?usp=sharing\" target=\"_blank\" rel=\"noopener\">click<\/a><\/p><\/div>\n\t\t\t\t<\/div>\n\t\t\t\t<\/div>\n\t\t\t\t\t\t<\/div>\n\t\t\t\t\t<\/div>\n\t\t<\/div>\n\t\t\t\t<div class=\"elementor-column elementor-col-50 elementor-top-column elementor-element elementor-element-6dcd20c\" data-id=\"6dcd20c\" data-element_type=\"column\">\n\t\t\t<div class=\"elementor-column-wrap elementor-element-populated\">\n\t\t\t\t\t\t\t<div class=\"elementor-widget-wrap\">\n\t\t\t\t\t\t<div class=\"elementor-element elementor-element-5648b06 elementor-widget elementor-widget-text-editor\" data-id=\"5648b06\" data-element_type=\"widget\" data-widget_type=\"text-editor.default\">\n\t\t\t\t<div class=\"elementor-widget-container\">\n\t\t\t\t\t<div class=\"elementor-text-editor elementor-clearfix\"><p>En esta secci\u00f3n<\/p><ul class=\"list list--marked \" data-v-3b4e872d=\"\"><li style=\"text-align: left;\"><a href=\"\/irep_igp\/\">\u2022 Sobre IREP<\/a><\/li><li style=\"text-align: left;\"><a href=\"?page_id=10217\" class=\"\">\u2022 Aplicar aqu\u00ed<\/a><\/li><li style=\"text-align: left;\"><a href=\"?page_id=10167\">\u2022 Fechas importantes<\/a><\/li><li style=\"text-align: left;\"><a href=\"?page_id=10173\" class=\"\">\u2022 Estudiantes elegidos<\/a><\/li><li style=\"text-align: left;\">\u2022 Apoyo local y T\u00e9rminos de IREP<\/li><li style=\"text-align: left;\"><a href=\"?page_id=10177\">\u2022 Temas de investigaci\u00f3n \/ desarrollo<\/a><\/li><li style=\"text-align: left;\"><a href=\"?page_id=573\" class=\"\"><span>\u2022 <a href=\"?page_id=573\" class=\"\">Observatorio Geof\u00edsico de Jicamarca (Ex Radio Observatorio de Jicamarca)<\/a><\/span><\/a><\/li><\/ul><\/div>\n\t\t\t\t<\/div>\n\t\t\t\t<\/div>\n\t\t\t\t\t\t<\/div>\n\t\t\t\t\t<\/div>\n\t\t<\/div>\n\t\t\t\t\t\t\t\t<\/div>\n\t\t\t\t\t<\/div>\n\t\t<\/section>\n\t\t\t\t\t\t<\/div>\n\t\t\t\t\t\t<\/div>\n\t\t\t\t\t<\/div>\n\t\t","protected":false},"excerpt":{"rendered":"<p>APOYO LOCAL Y T\u00c9RMINOS DE IREP El programa cubrir\u00e1 los gastos de viaje (hacia y desde Lima) as\u00ed como un estipendio razonable. Dado que el Observatorio se encuentra fuera de la ciudad de Lima, se proporcionar\u00e1 transporte. Nuestra sede del\u00a0 Observatorio Geof\u00edsico de Jicamarca (Ex Radio Observatorio de Jicamarca) normalmente [&hellip;]<\/p>\n","protected":false},"author":1,"featured_media":0,"parent":5143,"menu_order":3,"comment_status":"closed","ping_status":"closed","template":"page-templates\/template-fullwidth.php","meta":{"footnotes":""},"class_list":["post-10175","page","type-page","status-publish","hentry"],"jetpack_sharing_enabled":true,"_links":{"self":[{"href":"https:\/\/www.igp.gob.pe\/irep_igp\/index.php?rest_route=\/wp\/v2\/pages\/10175","targetHints":{"allow":["GET"]}}],"collection":[{"href":"https:\/\/www.igp.gob.pe\/irep_igp\/index.php?rest_route=\/wp\/v2\/pages"}],"about":[{"href":"https:\/\/www.igp.gob.pe\/irep_igp\/index.php?rest_route=\/wp\/v2\/types\/page"}],"author":[{"embeddable":true,"href":"https:\/\/www.igp.gob.pe\/irep_igp\/index.php?rest_route=\/wp\/v2\/users\/1"}],"replies":[{"embeddable":true,"href":"https:\/\/www.igp.gob.pe\/irep_igp\/index.php?rest_route=%2Fwp%2Fv2%2Fcomments&post=10175"}],"version-history":[{"count":53,"href":"https:\/\/www.igp.gob.pe\/irep_igp\/index.php?rest_route=\/wp\/v2\/pages\/10175\/revisions"}],"predecessor-version":[{"id":15295,"href":"https:\/\/www.igp.gob.pe\/irep_igp\/index.php?rest_route=\/wp\/v2\/pages\/10175\/revisions\/15295"}],"up":[{"embeddable":true,"href":"https:\/\/www.igp.gob.pe\/irep_igp\/index.php?rest_route=\/wp\/v2\/pages\/5143"}],"wp:attachment":[{"href":"https:\/\/www.igp.gob.pe\/irep_igp\/index.php?rest_route=%2Fwp%2Fv2%2Fmedia&parent=10175"}],"curies":[{"name":"wp","href":"https:\/\/api.w.org\/{rel}","templated":true}]}}