{"id":10167,"date":"2022-02-22T11:14:33","date_gmt":"2022-02-22T16:14:33","guid":{"rendered":"https:\/\/www.igp.gob.pe\/irep_igp\/?page_id=10167"},"modified":"2025-12-10T12:10:18","modified_gmt":"2025-12-10T17:10:18","slug":"fechas-importantes","status":"publish","type":"page","link":"https:\/\/www.igp.gob.pe\/irep_igp\/?page_id=10167","title":{"rendered":"FECHAS IMPORTANTES"},"content":{"rendered":"\t\t<div data-elementor-type=\"wp-page\" data-elementor-id=\"10167\" class=\"elementor elementor-10167\" data-elementor-settings=\"[]\">\n\t\t\t\t\t\t<div class=\"elementor-inner\">\n\t\t\t\t\t\t\t<div class=\"elementor-section-wrap\">\n\t\t\t\t\t\t\t<section class=\"elementor-section elementor-top-section elementor-element elementor-element-35b2710 elementor-section-boxed elementor-section-height-default elementor-section-height-default\" data-id=\"35b2710\" data-element_type=\"section\">\n\t\t\t\t\t\t<div class=\"elementor-container elementor-column-gap-default\">\n\t\t\t\t\t\t\t<div class=\"elementor-row\">\n\t\t\t\t\t<div class=\"elementor-column elementor-col-50 elementor-top-column elementor-element elementor-element-f75567a\" data-id=\"f75567a\" data-element_type=\"column\">\n\t\t\t<div class=\"elementor-column-wrap elementor-element-populated\">\n\t\t\t\t\t\t\t<div class=\"elementor-widget-wrap\">\n\t\t\t\t\t\t<div class=\"elementor-element elementor-element-4a8b8b1 elementor-widget elementor-widget-text-editor\" data-id=\"4a8b8b1\" data-element_type=\"widget\" data-widget_type=\"text-editor.default\">\n\t\t\t\t<div class=\"elementor-widget-container\">\n\t\t\t\t\t<div class=\"elementor-text-editor elementor-clearfix\"><p>FECHAS IMPORTANTES<\/p><\/div>\n\t\t\t\t<\/div>\n\t\t\t\t<\/div>\n\t\t\t\t<div class=\"elementor-element elementor-element-71348d7 elementor-widget elementor-widget-text-editor\" data-id=\"71348d7\" data-element_type=\"widget\" data-widget_type=\"text-editor.default\">\n\t\t\t\t<div class=\"elementor-widget-container\">\n\t\t\t\t\t<div class=\"elementor-text-editor elementor-clearfix\"><b>Plazo:<\/b>\n<ul>\n \t<li><span>22 de febrero, 2026 . <\/span><a href=\"?page_id=10217\">Aplicar aqu\u00ed<\/a><\/li>\n<\/ul>\n<b>Decisi\u00f3n:<\/b>\n<ul>\n \t<li>16 de marzo de 2026.<\/li>\n<\/ul>\n<b>Fecha de inicio:<\/b>\n<ul>\n \t<li>En cualquier momento entre mayo y junio de 2026.<\/li>\n<\/ul>\n<b>Duraci\u00f3n:<\/b>\n<ul>\n \t<li>10 semanas (como m\u00e1ximo).<\/li>\n<\/ul><\/div>\n\t\t\t\t<\/div>\n\t\t\t\t<\/div>\n\t\t\t\t\t\t<\/div>\n\t\t\t\t\t<\/div>\n\t\t<\/div>\n\t\t\t\t<div class=\"elementor-column elementor-col-50 elementor-top-column elementor-element elementor-element-ae53740\" data-id=\"ae53740\" data-element_type=\"column\">\n\t\t\t<div class=\"elementor-column-wrap elementor-element-populated\">\n\t\t\t\t\t\t\t<div class=\"elementor-widget-wrap\">\n\t\t\t\t\t\t<div class=\"elementor-element elementor-element-48fb6e8 elementor-widget elementor-widget-text-editor\" data-id=\"48fb6e8\" data-element_type=\"widget\" data-widget_type=\"text-editor.default\">\n\t\t\t\t<div class=\"elementor-widget-container\">\n\t\t\t\t\t<div class=\"elementor-text-editor elementor-clearfix\"><p>En esta secci\u00f3n<\/p><ul class=\"list list--marked \" data-v-3b4e872d=\"\"><li style=\"text-align: left;\"><a href=\"\/irep_igp\/\">\u2022 Sobre IREP<\/a><\/li><li style=\"text-align: left;\"><a href=\"?page_id=10217\" class=\"\">\u2022 Aplicar aqu\u00ed<\/a><\/li><li style=\"text-align: left;\">\u2022 Fechas importantes<\/li><li style=\"text-align: left;\"><a href=\"?page_id=10173\" class=\"\">\u2022 Estudiantes elegidos<\/a><\/li><li style=\"text-align: left;\"><a href=\"?page_id=10175\" class=\"\">\u2022 Apoyo local y T\u00e9rminos de IREP<\/a><\/li><li style=\"text-align: left;\"><a href=\"?page_id=10177\">\u2022 Temas de investigaci\u00f3n \/ desarrollo<\/a><\/li><li style=\"text-align: left;\"><a href=\"?page_id=573\" class=\"\"><span>\u2022 <a href=\"?page_id=573\" class=\"\">Observatorio Geof\u00edsico de Jicamarca (Ex Radio Observatorio de Jicamarca)<\/a><\/span><\/a><\/li><\/ul><\/div>\n\t\t\t\t<\/div>\n\t\t\t\t<\/div>\n\t\t\t\t\t\t<\/div>\n\t\t\t\t\t<\/div>\n\t\t<\/div>\n\t\t\t\t\t\t\t\t<\/div>\n\t\t\t\t\t<\/div>\n\t\t<\/section>\n\t\t\t\t\t\t<\/div>\n\t\t\t\t\t\t<\/div>\n\t\t\t\t\t<\/div>\n\t\t","protected":false},"excerpt":{"rendered":"<p>FECHAS IMPORTANTES Plazo: 22 de febrero, 2026 . Aplicar aqu\u00ed Decisi\u00f3n: 16 de marzo de 2026. Fecha de inicio: En cualquier momento entre mayo y junio de 2026. Duraci\u00f3n: 10 semanas (como m\u00e1ximo). En esta secci\u00f3n \u2022 Sobre IREP \u2022 Aplicar aqu\u00ed \u2022 Fechas importantes \u2022 Estudiantes elegidos \u2022 Apoyo [&hellip;]<\/p>\n","protected":false},"author":1,"featured_media":0,"parent":5143,"menu_order":1,"comment_status":"closed","ping_status":"closed","template":"page-templates\/template-fullwidth.php","meta":{"footnotes":""},"class_list":["post-10167","page","type-page","status-publish","hentry"],"jetpack_sharing_enabled":true,"_links":{"self":[{"href":"https:\/\/www.igp.gob.pe\/irep_igp\/index.php?rest_route=\/wp\/v2\/pages\/10167","targetHints":{"allow":["GET"]}}],"collection":[{"href":"https:\/\/www.igp.gob.pe\/irep_igp\/index.php?rest_route=\/wp\/v2\/pages"}],"about":[{"href":"https:\/\/www.igp.gob.pe\/irep_igp\/index.php?rest_route=\/wp\/v2\/types\/page"}],"author":[{"embeddable":true,"href":"https:\/\/www.igp.gob.pe\/irep_igp\/index.php?rest_route=\/wp\/v2\/users\/1"}],"replies":[{"embeddable":true,"href":"https:\/\/www.igp.gob.pe\/irep_igp\/index.php?rest_route=%2Fwp%2Fv2%2Fcomments&post=10167"}],"version-history":[{"count":79,"href":"https:\/\/www.igp.gob.pe\/irep_igp\/index.php?rest_route=\/wp\/v2\/pages\/10167\/revisions"}],"predecessor-version":[{"id":15280,"href":"https:\/\/www.igp.gob.pe\/irep_igp\/index.php?rest_route=\/wp\/v2\/pages\/10167\/revisions\/15280"}],"up":[{"embeddable":true,"href":"https:\/\/www.igp.gob.pe\/irep_igp\/index.php?rest_route=\/wp\/v2\/pages\/5143"}],"wp:attachment":[{"href":"https:\/\/www.igp.gob.pe\/irep_igp\/index.php?rest_route=%2Fwp%2Fv2%2Fmedia&parent=10167"}],"curies":[{"name":"wp","href":"https:\/\/api.w.org\/{rel}","templated":true}]}}